{"id":3179,"date":"2026-02-17T13:49:49","date_gmt":"2026-02-17T13:49:49","guid":{"rendered":"https:\/\/duchardt.at\/?post_type=product&#038;p=3179"},"modified":"2026-02-17T17:56:26","modified_gmt":"2026-02-17T17:56:26","slug":"gift-card-voucher-champagne-menu-kopie","status":"publish","type":"product","link":"https:\/\/duchardt.at\/en\/produkt\/gift-card-voucher-champagne-menu-kopie\/","title":{"rendered":"Gift Card &#8220;Matin\u00e9e Royale&#8221;"},"content":{"rendered":"<p>[et_pb_section fb_built=&#8221;1&#8243; _builder_version=&#8221;4.16&#8243; custom_padding=&#8221;0px||||false|false&#8221; global_colors_info=&#8221;{}&#8221;][et_pb_row _builder_version=&#8221;4.16&#8243; background_size=&#8221;initial&#8221; background_position=&#8221;top_left&#8221; background_repeat=&#8221;repeat&#8221; width=&#8221;100%&#8221; custom_padding=&#8221;0px||0px||false|false&#8221; global_colors_info=&#8221;{}&#8221;][et_pb_column type=&#8221;4_4&#8243; _builder_version=&#8221;4.16&#8243; custom_padding=&#8221;|||&#8221; global_colors_info=&#8221;{}&#8221; custom_padding__hover=&#8221;|||&#8221;][et_pb_wc_breadcrumb _builder_version=&#8221;4.16&#8243; global_colors_info=&#8221;{}&#8221;][\/et_pb_wc_breadcrumb][et_pb_wc_cart_notice _builder_version=&#8221;4.20.4&#8243; title_text_color=&#8221;#D49865&#8243; background_color=&#8221;#FFFFFF&#8221; global_colors_info=&#8221;{}&#8221;][\/et_pb_wc_cart_notice][\/et_pb_column][\/et_pb_row][et_pb_row column_structure=&#8221;1_2,1_2&#8243; _builder_version=&#8221;4.16&#8243; background_size=&#8221;initial&#8221; background_position=&#8221;top_left&#8221; background_repeat=&#8221;repeat&#8221; width=&#8221;100%&#8221; custom_padding=&#8221;0px||||false|false&#8221; global_colors_info=&#8221;{}&#8221;][et_pb_column type=&#8221;1_2&#8243; _builder_version=&#8221;4.16&#8243; custom_padding=&#8221;|||&#8221; global_colors_info=&#8221;{}&#8221; custom_padding__hover=&#8221;|||&#8221;][et_pb_wc_images _builder_version=&#8221;4.16&#8243; global_colors_info=&#8221;{}&#8221;][\/et_pb_wc_images][\/et_pb_column][et_pb_column type=&#8221;1_2&#8243; _builder_version=&#8221;4.16&#8243; custom_padding=&#8221;|||&#8221; global_colors_info=&#8221;{}&#8221; custom_padding__hover=&#8221;|||&#8221;][et_pb_wc_title _builder_version=&#8221;4.16&#8243; global_colors_info=&#8221;{}&#8221;][\/et_pb_wc_title][et_pb_wc_rating _builder_version=&#8221;4.16&#8243; global_colors_info=&#8221;{}&#8221;][\/et_pb_wc_rating][et_pb_wc_price _builder_version=&#8221;4.16&#8243; global_colors_info=&#8221;{}&#8221;][\/et_pb_wc_price][et_pb_wc_description _builder_version=&#8221;4.16&#8243; global_colors_info=&#8221;{}&#8221;][\/et_pb_wc_description][et_pb_wc_add_to_cart _builder_version=&#8221;4.16&#8243; global_colors_info=&#8221;{}&#8221;][\/et_pb_wc_add_to_cart][et_pb_wc_meta _builder_version=&#8221;4.16&#8243; global_colors_info=&#8221;{}&#8221;][\/et_pb_wc_meta][\/et_pb_column][\/et_pb_row][et_pb_row disabled_on=&#8221;on|on|on&#8221; _builder_version=&#8221;4.20.4&#8243; background_size=&#8221;initial&#8221; background_position=&#8221;top_left&#8221; background_repeat=&#8221;repeat&#8221; width=&#8221;100%&#8221; disabled=&#8221;on&#8221; global_colors_info=&#8221;{}&#8221;][et_pb_column type=&#8221;4_4&#8243; _builder_version=&#8221;4.16&#8243; custom_padding=&#8221;|||&#8221; global_colors_info=&#8221;{}&#8221; custom_padding__hover=&#8221;|||&#8221;][et_pb_wc_tabs _builder_version=&#8221;4.16&#8243; global_colors_info=&#8221;{}&#8221;] [\/et_pb_wc_tabs][et_pb_wc_upsells _builder_version=&#8221;4.16&#8243; global_colors_info=&#8221;{}&#8221;][\/et_pb_wc_upsells][et_pb_wc_related_products _builder_version=&#8221;4.16&#8243; global_colors_info=&#8221;{}&#8221;][\/et_pb_wc_related_products][\/et_pb_column][\/et_pb_row][\/et_pb_section]<\/p>\n","protected":false},"excerpt":{"rendered":"<p class=\"p1\"><span class=\"s1\">Treat someone to a unique brunch experience with our 5-course \u2018Menu Gourmandise\u2019, including a selection of fine champagnes or wines to accompany each course.<br \/>\nPrice per person: EUR 139,- <\/span><\/p>\n<p class=\"p1\"><span class=\"s1\">The voucher will only be accepted in the restaurant after full payment has been made.<\/span><\/p>\n","protected":false},"featured_media":3169,"template":"","meta":{"_et_pb_use_builder":"on","_et_pb_old_content":"","_et_gb_content_width":"","inline_featured_image":false},"product_brand":[],"product_cat":[44],"product_tag":[],"class_list":{"0":"post-3179","1":"product","2":"type-product","3":"status-publish","4":"has-post-thumbnail","6":"product_cat-gift-vouchers","8":"first","9":"instock","10":"shipping-taxable","11":"purchasable","12":"product-type-pw-gift-card","13":"has-default-attributes"},"yoast_head":"<!-- This site is optimized with the Yoast SEO plugin v27.0 - https:\/\/yoast.com\/product\/yoast-seo-wordpress\/ -->\n<title>Gift Card &quot;Matin\u00e9e Royale&quot; - Restaurant Duchardt<\/title>\n<meta name=\"description\" content=\"Treat someone to a unique brunch experience with our 5-course \u201cMenu Gourmandise\u201d, including a selection of fine champagnes or wines to accompany each course. Price per person EUR 139\" \/>\n<meta name=\"robots\" content=\"index, follow, max-snippet:-1, max-image-preview:large, max-video-preview:-1\" \/>\n<link rel=\"canonical\" href=\"https:\/\/duchardt.at\/en\/produkt\/gift-card-voucher-champagne-menu-kopie\/\" \/>\n<meta property=\"og:locale\" content=\"en_US\" \/>\n<meta property=\"og:type\" content=\"article\" \/>\n<meta property=\"og:title\" content=\"Gift Card &quot;Matin\u00e9e Royale&quot; - Restaurant Duchardt\" \/>\n<meta property=\"og:description\" content=\"Treat someone to a unique brunch experience with our 5-course \u201cMenu Gourmandise\u201d, including a selection of fine champagnes or wines to accompany each course. Price per person EUR 139\" \/>\n<meta property=\"og:url\" content=\"https:\/\/duchardt.at\/en\/produkt\/gift-card-voucher-champagne-menu-kopie\/\" \/>\n<meta property=\"og:site_name\" content=\"Restaurant Duchardt\" \/>\n<meta property=\"article:publisher\" content=\"https:\/\/www.facebook.com\/people\/restaurantduchardt\/100090663853184\/\" \/>\n<meta property=\"article:modified_time\" content=\"2026-02-17T17:56:26+00:00\" \/>\n<meta property=\"og:image\" content=\"https:\/\/duchardt.at\/wp-content\/uploads\/2026\/02\/Geschenkkartengutschein_MR_bs.webp\" \/>\n\t<meta property=\"og:image:width\" content=\"685\" \/>\n\t<meta property=\"og:image:height\" content=\"410\" \/>\n\t<meta property=\"og:image:type\" content=\"image\/webp\" \/>\n<meta name=\"twitter:card\" content=\"summary_large_image\" \/>\n<meta name=\"twitter:label1\" content=\"Est. reading time\" \/>\n\t<meta name=\"twitter:data1\" content=\"1 minute\" \/>\n<script type=\"application\/ld+json\" class=\"yoast-schema-graph\">{\"@context\":\"https:\/\/schema.org\",\"@graph\":[{\"@type\":\"WebPage\",\"@id\":\"https:\/\/duchardt.at\/en\/produkt\/gift-card-voucher-champagne-menu-kopie\/\",\"url\":\"https:\/\/duchardt.at\/en\/produkt\/gift-card-voucher-champagne-menu-kopie\/\",\"name\":\"Gift Card \\\"Matin\u00e9e Royale\\\" - Restaurant Duchardt\",\"isPartOf\":{\"@id\":\"https:\/\/duchardt.at\/#website\"},\"primaryImageOfPage\":{\"@id\":\"https:\/\/duchardt.at\/en\/produkt\/gift-card-voucher-champagne-menu-kopie\/#primaryimage\"},\"image\":{\"@id\":\"https:\/\/duchardt.at\/en\/produkt\/gift-card-voucher-champagne-menu-kopie\/#primaryimage\"},\"thumbnailUrl\":\"https:\/\/duchardt.at\/wp-content\/uploads\/2026\/02\/Geschenkkartengutschein_MR_bs.webp\",\"datePublished\":\"2026-02-17T13:49:49+00:00\",\"dateModified\":\"2026-02-17T17:56:26+00:00\",\"description\":\"Treat someone to a unique brunch experience with our 5-course \u201cMenu Gourmandise\u201d, including a selection of fine champagnes or wines to accompany each course. Price per person EUR 139\",\"breadcrumb\":{\"@id\":\"https:\/\/duchardt.at\/en\/produkt\/gift-card-voucher-champagne-menu-kopie\/#breadcrumb\"},\"inLanguage\":\"en-US\",\"potentialAction\":[{\"@type\":\"ReadAction\",\"target\":[\"https:\/\/duchardt.at\/en\/produkt\/gift-card-voucher-champagne-menu-kopie\/\"]}]},{\"@type\":\"ImageObject\",\"inLanguage\":\"en-US\",\"@id\":\"https:\/\/duchardt.at\/en\/produkt\/gift-card-voucher-champagne-menu-kopie\/#primaryimage\",\"url\":\"https:\/\/duchardt.at\/wp-content\/uploads\/2026\/02\/Geschenkkartengutschein_MR_bs.webp\",\"contentUrl\":\"https:\/\/duchardt.at\/wp-content\/uploads\/2026\/02\/Geschenkkartengutschein_MR_bs.webp\",\"width\":685,\"height\":410,\"caption\":\"Gift Card Matin\u00e9e Royale\"},{\"@type\":\"BreadcrumbList\",\"@id\":\"https:\/\/duchardt.at\/en\/produkt\/gift-card-voucher-champagne-menu-kopie\/#breadcrumb\",\"itemListElement\":[{\"@type\":\"ListItem\",\"position\":1,\"name\":\"Startseite\",\"item\":\"https:\/\/duchardt.at\/en\/\"},{\"@type\":\"ListItem\",\"position\":2,\"name\":\"Shop\",\"item\":\"https:\/\/duchardt.at\/en\/shop\/\"},{\"@type\":\"ListItem\",\"position\":3,\"name\":\"Gift Card &#8222;Matin\u00e9e Royale&#8220;\"}]},{\"@type\":\"WebSite\",\"@id\":\"https:\/\/duchardt.at\/#website\",\"url\":\"https:\/\/duchardt.at\/\",\"name\":\"Restaurant Duchardt\",\"description\":\"\u00d6sterreichische und franz\u00f6sische K\u00fcche auf h\u00f6chstem Niveau\",\"publisher\":{\"@id\":\"https:\/\/duchardt.at\/#organization\"},\"potentialAction\":[{\"@type\":\"SearchAction\",\"target\":{\"@type\":\"EntryPoint\",\"urlTemplate\":\"https:\/\/duchardt.at\/?s={search_term_string}\"},\"query-input\":{\"@type\":\"PropertyValueSpecification\",\"valueRequired\":true,\"valueName\":\"search_term_string\"}}],\"inLanguage\":\"en-US\"},{\"@type\":\"Organization\",\"@id\":\"https:\/\/duchardt.at\/#organization\",\"name\":\"Restaurant Duchardt\",\"url\":\"https:\/\/duchardt.at\/\",\"logo\":{\"@type\":\"ImageObject\",\"inLanguage\":\"en-US\",\"@id\":\"https:\/\/duchardt.at\/#\/schema\/logo\/image\/\",\"url\":\"https:\/\/duchardt.at\/wp-content\/uploads\/2022\/10\/Duchardt_Logo_Header.svg\",\"contentUrl\":\"https:\/\/duchardt.at\/wp-content\/uploads\/2022\/10\/Duchardt_Logo_Header.svg\",\"width\":\"1024\",\"height\":\"1024\",\"caption\":\"Restaurant Duchardt\"},\"image\":{\"@id\":\"https:\/\/duchardt.at\/#\/schema\/logo\/image\/\"},\"sameAs\":[\"https:\/\/www.facebook.com\/people\/restaurantduchardt\/100090663853184\/\",\"https:\/\/www.instagram.com\/restaurantduchardt\/\"]}]}<\/script>\n<!-- \/ Yoast SEO plugin. -->","yoast_head_json":{"title":"Gift Card \"Matin\u00e9e Royale\" - Restaurant Duchardt","description":"Treat someone to a unique brunch experience with our 5-course \u201cMenu Gourmandise\u201d, including a selection of fine champagnes or wines to accompany each course. Price per person EUR 139","robots":{"index":"index","follow":"follow","max-snippet":"max-snippet:-1","max-image-preview":"max-image-preview:large","max-video-preview":"max-video-preview:-1"},"canonical":"https:\/\/duchardt.at\/en\/produkt\/gift-card-voucher-champagne-menu-kopie\/","og_locale":"en_US","og_type":"article","og_title":"Gift Card \"Matin\u00e9e Royale\" - Restaurant Duchardt","og_description":"Treat someone to a unique brunch experience with our 5-course \u201cMenu Gourmandise\u201d, including a selection of fine champagnes or wines to accompany each course. Price per person EUR 139","og_url":"https:\/\/duchardt.at\/en\/produkt\/gift-card-voucher-champagne-menu-kopie\/","og_site_name":"Restaurant Duchardt","article_publisher":"https:\/\/www.facebook.com\/people\/restaurantduchardt\/100090663853184\/","article_modified_time":"2026-02-17T17:56:26+00:00","og_image":[{"width":685,"height":410,"url":"https:\/\/duchardt.at\/wp-content\/uploads\/2026\/02\/Geschenkkartengutschein_MR_bs.webp","type":"image\/webp"}],"twitter_card":"summary_large_image","twitter_misc":{"Est. reading time":"1 minute"},"schema":{"@context":"https:\/\/schema.org","@graph":[{"@type":"WebPage","@id":"https:\/\/duchardt.at\/en\/produkt\/gift-card-voucher-champagne-menu-kopie\/","url":"https:\/\/duchardt.at\/en\/produkt\/gift-card-voucher-champagne-menu-kopie\/","name":"Gift Card \"Matin\u00e9e Royale\" - Restaurant Duchardt","isPartOf":{"@id":"https:\/\/duchardt.at\/#website"},"primaryImageOfPage":{"@id":"https:\/\/duchardt.at\/en\/produkt\/gift-card-voucher-champagne-menu-kopie\/#primaryimage"},"image":{"@id":"https:\/\/duchardt.at\/en\/produkt\/gift-card-voucher-champagne-menu-kopie\/#primaryimage"},"thumbnailUrl":"https:\/\/duchardt.at\/wp-content\/uploads\/2026\/02\/Geschenkkartengutschein_MR_bs.webp","datePublished":"2026-02-17T13:49:49+00:00","dateModified":"2026-02-17T17:56:26+00:00","description":"Treat someone to a unique brunch experience with our 5-course \u201cMenu Gourmandise\u201d, including a selection of fine champagnes or wines to accompany each course. Price per person EUR 139","breadcrumb":{"@id":"https:\/\/duchardt.at\/en\/produkt\/gift-card-voucher-champagne-menu-kopie\/#breadcrumb"},"inLanguage":"en-US","potentialAction":[{"@type":"ReadAction","target":["https:\/\/duchardt.at\/en\/produkt\/gift-card-voucher-champagne-menu-kopie\/"]}]},{"@type":"ImageObject","inLanguage":"en-US","@id":"https:\/\/duchardt.at\/en\/produkt\/gift-card-voucher-champagne-menu-kopie\/#primaryimage","url":"https:\/\/duchardt.at\/wp-content\/uploads\/2026\/02\/Geschenkkartengutschein_MR_bs.webp","contentUrl":"https:\/\/duchardt.at\/wp-content\/uploads\/2026\/02\/Geschenkkartengutschein_MR_bs.webp","width":685,"height":410,"caption":"Gift Card Matin\u00e9e Royale"},{"@type":"BreadcrumbList","@id":"https:\/\/duchardt.at\/en\/produkt\/gift-card-voucher-champagne-menu-kopie\/#breadcrumb","itemListElement":[{"@type":"ListItem","position":1,"name":"Startseite","item":"https:\/\/duchardt.at\/en\/"},{"@type":"ListItem","position":2,"name":"Shop","item":"https:\/\/duchardt.at\/en\/shop\/"},{"@type":"ListItem","position":3,"name":"Gift Card &#8222;Matin\u00e9e Royale&#8220;"}]},{"@type":"WebSite","@id":"https:\/\/duchardt.at\/#website","url":"https:\/\/duchardt.at\/","name":"Restaurant Duchardt","description":"\u00d6sterreichische und franz\u00f6sische K\u00fcche auf h\u00f6chstem Niveau","publisher":{"@id":"https:\/\/duchardt.at\/#organization"},"potentialAction":[{"@type":"SearchAction","target":{"@type":"EntryPoint","urlTemplate":"https:\/\/duchardt.at\/?s={search_term_string}"},"query-input":{"@type":"PropertyValueSpecification","valueRequired":true,"valueName":"search_term_string"}}],"inLanguage":"en-US"},{"@type":"Organization","@id":"https:\/\/duchardt.at\/#organization","name":"Restaurant Duchardt","url":"https:\/\/duchardt.at\/","logo":{"@type":"ImageObject","inLanguage":"en-US","@id":"https:\/\/duchardt.at\/#\/schema\/logo\/image\/","url":"https:\/\/duchardt.at\/wp-content\/uploads\/2022\/10\/Duchardt_Logo_Header.svg","contentUrl":"https:\/\/duchardt.at\/wp-content\/uploads\/2022\/10\/Duchardt_Logo_Header.svg","width":"1024","height":"1024","caption":"Restaurant Duchardt"},"image":{"@id":"https:\/\/duchardt.at\/#\/schema\/logo\/image\/"},"sameAs":["https:\/\/www.facebook.com\/people\/restaurantduchardt\/100090663853184\/","https:\/\/www.instagram.com\/restaurantduchardt\/"]}]}},"_links":{"self":[{"href":"https:\/\/duchardt.at\/en\/wp-json\/wp\/v2\/product\/3179","targetHints":{"allow":["GET"]}}],"collection":[{"href":"https:\/\/duchardt.at\/en\/wp-json\/wp\/v2\/product"}],"about":[{"href":"https:\/\/duchardt.at\/en\/wp-json\/wp\/v2\/types\/product"}],"wp:featuredmedia":[{"embeddable":true,"href":"https:\/\/duchardt.at\/en\/wp-json\/wp\/v2\/media\/3169"}],"wp:attachment":[{"href":"https:\/\/duchardt.at\/en\/wp-json\/wp\/v2\/media?parent=3179"}],"wp:term":[{"taxonomy":"product_brand","embeddable":true,"href":"https:\/\/duchardt.at\/en\/wp-json\/wp\/v2\/product_brand?post=3179"},{"taxonomy":"product_cat","embeddable":true,"href":"https:\/\/duchardt.at\/en\/wp-json\/wp\/v2\/product_cat?post=3179"},{"taxonomy":"product_tag","embeddable":true,"href":"https:\/\/duchardt.at\/en\/wp-json\/wp\/v2\/product_tag?post=3179"}],"curies":[{"name":"wp","href":"https:\/\/api.w.org\/{rel}","templated":true}]}}