{"id":2381,"date":"2024-05-14T16:13:16","date_gmt":"2024-05-14T16:13:16","guid":{"rendered":"https:\/\/duchardt.at\/produkt\/gift-voucher-kitchen-party-cookery-course\/"},"modified":"2024-08-23T13:13:37","modified_gmt":"2024-08-23T13:13:37","slug":"gift-voucher-kitchen-party-cookery-course","status":"publish","type":"product","link":"https:\/\/duchardt.at\/en\/produkt\/gift-voucher-kitchen-party-cookery-course\/","title":{"rendered":"Gift voucher \u2018Kitchen Party\u2019 cookery course"},"content":{"rendered":"<p>[et_pb_section fb_built=&#8221;1&#8243; _builder_version=&#8221;4.16&#8243; custom_padding=&#8221;0px||||false|false&#8221; global_colors_info=&#8221;{}&#8221;][et_pb_row _builder_version=&#8221;4.16&#8243; background_size=&#8221;initial&#8221; background_position=&#8221;top_left&#8221; background_repeat=&#8221;repeat&#8221; width=&#8221;100%&#8221; custom_padding=&#8221;0px||0px||false|false&#8221; global_colors_info=&#8221;{}&#8221;][et_pb_column type=&#8221;4_4&#8243; _builder_version=&#8221;4.16&#8243; custom_padding=&#8221;|||&#8221; global_colors_info=&#8221;{}&#8221; custom_padding__hover=&#8221;|||&#8221;][et_pb_wc_breadcrumb _builder_version=&#8221;4.16&#8243; global_colors_info=&#8221;{}&#8221;][\/et_pb_wc_breadcrumb][et_pb_wc_cart_notice _builder_version=&#8221;4.20.4&#8243; title_text_color=&#8221;#D49865&#8243; background_color=&#8221;#FFFFFF&#8221; global_colors_info=&#8221;{}&#8221;][\/et_pb_wc_cart_notice][\/et_pb_column][\/et_pb_row][et_pb_row column_structure=&#8221;1_2,1_2&#8243; _builder_version=&#8221;4.16&#8243; background_size=&#8221;initial&#8221; background_position=&#8221;top_left&#8221; background_repeat=&#8221;repeat&#8221; width=&#8221;100%&#8221; custom_padding=&#8221;0px||||false|false&#8221; global_colors_info=&#8221;{}&#8221;][et_pb_column type=&#8221;1_2&#8243; _builder_version=&#8221;4.16&#8243; custom_padding=&#8221;|||&#8221; global_colors_info=&#8221;{}&#8221; custom_padding__hover=&#8221;|||&#8221;][et_pb_wc_images _builder_version=&#8221;4.16&#8243; global_colors_info=&#8221;{}&#8221;][\/et_pb_wc_images][\/et_pb_column][et_pb_column type=&#8221;1_2&#8243; _builder_version=&#8221;4.16&#8243; custom_padding=&#8221;|||&#8221; global_colors_info=&#8221;{}&#8221; custom_padding__hover=&#8221;|||&#8221;][et_pb_wc_title _builder_version=&#8221;4.16&#8243; global_colors_info=&#8221;{}&#8221;][\/et_pb_wc_title][et_pb_wc_rating _builder_version=&#8221;4.16&#8243; global_colors_info=&#8221;{}&#8221;][\/et_pb_wc_rating][et_pb_wc_price _builder_version=&#8221;4.16&#8243; global_colors_info=&#8221;{}&#8221;][\/et_pb_wc_price][et_pb_wc_description _builder_version=&#8221;4.16&#8243; global_colors_info=&#8221;{}&#8221;][\/et_pb_wc_description][et_pb_wc_add_to_cart _builder_version=&#8221;4.16&#8243; global_colors_info=&#8221;{}&#8221;][\/et_pb_wc_add_to_cart][et_pb_wc_meta _builder_version=&#8221;4.16&#8243; global_colors_info=&#8221;{}&#8221;][\/et_pb_wc_meta][\/et_pb_column][\/et_pb_row][et_pb_row _builder_version=&#8221;4.16&#8243; background_size=&#8221;initial&#8221; background_position=&#8221;top_left&#8221; background_repeat=&#8221;repeat&#8221; width=&#8221;100%&#8221; global_colors_info=&#8221;{}&#8221;][et_pb_column type=&#8221;4_4&#8243; _builder_version=&#8221;4.16&#8243; custom_padding=&#8221;|||&#8221; global_colors_info=&#8221;{}&#8221; custom_padding__hover=&#8221;|||&#8221;][et_pb_wc_tabs _builder_version=&#8221;4.16&#8243; global_colors_info=&#8221;{}&#8221;]\t\t\t\t\t[\/et_pb_wc_tabs][et_pb_wc_upsells _builder_version=&#8221;4.16&#8243; global_colors_info=&#8221;{}&#8221;][\/et_pb_wc_upsells][et_pb_wc_related_products _builder_version=&#8221;4.16&#8243; global_colors_info=&#8221;{}&#8221;][\/et_pb_wc_related_products][\/et_pb_column][\/et_pb_row][\/et_pb_section]<\/p>\n","protected":false},"excerpt":{"rendered":"<p id=\"tw-target-text\" class=\"tw-data-text tw-text-large tw-ta\" dir=\"ltr\" data-placeholder=\"\u00dcbersetzung\" aria-label=\"\u00dcbersetzter Text\" data-ved=\"2ahUKEwjotpSk5v6FAxUnR_EDHS_iAwoQ3ewLegQIDxAU\"><span class=\"Y2IQFc\" lang=\"en\">Learn the tips and tricks that make our dishes so special at our cooking event with Marcus Duchardt. The Kitchen Party takes place once a month at Restaurant Duchardt and guarantees inspiring, enjoyable moments in a relaxed atmosphere. The next dates and further details can be found   <\/span><span class=\"s1\"><a href=\"https:\/\/duchardt.at\/kitchen-party-workshops\/\"><a href=\"https:\/\/duchardt.at\/kitchen-party-workshops\/\">here<\/a><\/a><\/span><\/p>\n<p class=\"p1\"><span class=\"s1\">Important! Only 3-7 participants are possible per cookery course, therefore a personal pre-registration is absolutely necessary. The voucher will only be accepted after full payment.  <\/span><\/p>\n","protected":false},"featured_media":601,"template":"","meta":{"_et_pb_use_builder":"on","_et_pb_old_content":"","_et_gb_content_width":"","inline_featured_image":false},"product_brand":[],"product_cat":[44],"product_tag":[],"class_list":{"0":"post-2381","1":"product","2":"type-product","3":"status-publish","4":"has-post-thumbnail","6":"product_cat-gift-vouchers","8":"first","9":"instock","10":"shipping-taxable","11":"purchasable","12":"product-type-pw-gift-card","13":"has-default-attributes"},"yoast_head":"<!-- This site is optimized with the Yoast SEO plugin v27.0 - https:\/\/yoast.com\/product\/yoast-seo-wordpress\/ -->\n<title>Gift voucher \u2018Kitchen Party\u2019 cookery course - Restaurant Duchardt<\/title>\n<meta name=\"robots\" content=\"index, follow, max-snippet:-1, max-image-preview:large, max-video-preview:-1\" \/>\n<link rel=\"canonical\" href=\"https:\/\/duchardt.at\/produkt\/geschenk-gutschein-kochkurs-kitchen-party\/\" \/>\n<meta property=\"og:locale\" content=\"en_US\" \/>\n<meta property=\"og:type\" content=\"article\" \/>\n<meta property=\"og:title\" content=\"Gift voucher \u2018Kitchen Party\u2019 cookery course - Restaurant Duchardt\" \/>\n<meta property=\"og:description\" content=\"Learn the tips and tricks that make our dishes so special at our cooking event with Marcus Duchardt. The Kitchen Party takes place once a month at Restaurant Duchardt and guarantees inspiring, enjoyable moments in a relaxed atmosphere. The next dates and further details can be found  here Important! Only 3-7 participants are possible per cookery course, therefore a personal pre-registration is absolutely necessary. The voucher will only be accepted after full payment.\" \/>\n<meta property=\"og:url\" content=\"https:\/\/duchardt.at\/produkt\/geschenk-gutschein-kochkurs-kitchen-party\/\" \/>\n<meta property=\"og:site_name\" content=\"Restaurant Duchardt\" \/>\n<meta property=\"article:publisher\" content=\"https:\/\/www.facebook.com\/people\/restaurantduchardt\/100090663853184\/\" \/>\n<meta property=\"article:modified_time\" content=\"2024-08-23T13:13:37+00:00\" \/>\n<meta property=\"og:image\" content=\"https:\/\/duchardt.at\/wp-content\/uploads\/2023\/02\/KitchenPartyCookingWorkshop.jpg\" \/>\n\t<meta property=\"og:image:width\" content=\"595\" \/>\n\t<meta property=\"og:image:height\" content=\"490\" \/>\n\t<meta property=\"og:image:type\" content=\"image\/jpeg\" \/>\n<meta name=\"twitter:card\" content=\"summary_large_image\" \/>\n<meta name=\"twitter:label1\" content=\"Est. reading time\" \/>\n\t<meta name=\"twitter:data1\" content=\"2 minutes\" \/>\n<script type=\"application\/ld+json\" class=\"yoast-schema-graph\">{\"@context\":\"https:\/\/schema.org\",\"@graph\":[{\"@type\":\"WebPage\",\"@id\":\"https:\/\/duchardt.at\/produkt\/geschenk-gutschein-kochkurs-kitchen-party\/\",\"url\":\"https:\/\/duchardt.at\/produkt\/geschenk-gutschein-kochkurs-kitchen-party\/\",\"name\":\"Gift voucher \u2018Kitchen Party\u2019 cookery course - Restaurant Duchardt\",\"isPartOf\":{\"@id\":\"https:\/\/duchardt.at\/#website\"},\"primaryImageOfPage\":{\"@id\":\"https:\/\/duchardt.at\/produkt\/geschenk-gutschein-kochkurs-kitchen-party\/#primaryimage\"},\"image\":{\"@id\":\"https:\/\/duchardt.at\/produkt\/geschenk-gutschein-kochkurs-kitchen-party\/#primaryimage\"},\"thumbnailUrl\":\"https:\/\/duchardt.at\/wp-content\/uploads\/2023\/02\/KitchenPartyCookingWorkshop.jpg\",\"datePublished\":\"2024-05-14T16:13:16+00:00\",\"dateModified\":\"2024-08-23T13:13:37+00:00\",\"breadcrumb\":{\"@id\":\"https:\/\/duchardt.at\/produkt\/geschenk-gutschein-kochkurs-kitchen-party\/#breadcrumb\"},\"inLanguage\":\"en-US\",\"potentialAction\":[{\"@type\":\"ReadAction\",\"target\":[\"https:\/\/duchardt.at\/produkt\/geschenk-gutschein-kochkurs-kitchen-party\/\"]}]},{\"@type\":\"ImageObject\",\"inLanguage\":\"en-US\",\"@id\":\"https:\/\/duchardt.at\/produkt\/geschenk-gutschein-kochkurs-kitchen-party\/#primaryimage\",\"url\":\"https:\/\/duchardt.at\/wp-content\/uploads\/2023\/02\/KitchenPartyCookingWorkshop.jpg\",\"contentUrl\":\"https:\/\/duchardt.at\/wp-content\/uploads\/2023\/02\/KitchenPartyCookingWorkshop.jpg\",\"width\":595,\"height\":490,\"caption\":\"Collage with photos of a kitchen party\"},{\"@type\":\"BreadcrumbList\",\"@id\":\"https:\/\/duchardt.at\/produkt\/geschenk-gutschein-kochkurs-kitchen-party\/#breadcrumb\",\"itemListElement\":[{\"@type\":\"ListItem\",\"position\":1,\"name\":\"Startseite\",\"item\":\"https:\/\/duchardt.at\/en\/\"},{\"@type\":\"ListItem\",\"position\":2,\"name\":\"Shop\",\"item\":\"https:\/\/duchardt.at\/en\/shop\/\"},{\"@type\":\"ListItem\",\"position\":3,\"name\":\"Gift voucher \u2018Kitchen Party\u2019 cookery course\"}]},{\"@type\":\"WebSite\",\"@id\":\"https:\/\/duchardt.at\/#website\",\"url\":\"https:\/\/duchardt.at\/\",\"name\":\"Restaurant Duchardt\",\"description\":\"\u00d6sterreichische und franz\u00f6sische K\u00fcche auf h\u00f6chstem Niveau\",\"publisher\":{\"@id\":\"https:\/\/duchardt.at\/#organization\"},\"potentialAction\":[{\"@type\":\"SearchAction\",\"target\":{\"@type\":\"EntryPoint\",\"urlTemplate\":\"https:\/\/duchardt.at\/?s={search_term_string}\"},\"query-input\":{\"@type\":\"PropertyValueSpecification\",\"valueRequired\":true,\"valueName\":\"search_term_string\"}}],\"inLanguage\":\"en-US\"},{\"@type\":\"Organization\",\"@id\":\"https:\/\/duchardt.at\/#organization\",\"name\":\"Restaurant Duchardt\",\"url\":\"https:\/\/duchardt.at\/\",\"logo\":{\"@type\":\"ImageObject\",\"inLanguage\":\"en-US\",\"@id\":\"https:\/\/duchardt.at\/#\/schema\/logo\/image\/\",\"url\":\"https:\/\/duchardt.at\/wp-content\/uploads\/2022\/10\/Duchardt_Logo_Header.svg\",\"contentUrl\":\"https:\/\/duchardt.at\/wp-content\/uploads\/2022\/10\/Duchardt_Logo_Header.svg\",\"width\":\"1024\",\"height\":\"1024\",\"caption\":\"Restaurant Duchardt\"},\"image\":{\"@id\":\"https:\/\/duchardt.at\/#\/schema\/logo\/image\/\"},\"sameAs\":[\"https:\/\/www.facebook.com\/people\/restaurantduchardt\/100090663853184\/\",\"https:\/\/www.instagram.com\/restaurantduchardt\/\"]}]}<\/script>\n<!-- \/ Yoast SEO plugin. -->","yoast_head_json":{"title":"Gift voucher \u2018Kitchen Party\u2019 cookery course - Restaurant Duchardt","robots":{"index":"index","follow":"follow","max-snippet":"max-snippet:-1","max-image-preview":"max-image-preview:large","max-video-preview":"max-video-preview:-1"},"canonical":"https:\/\/duchardt.at\/produkt\/geschenk-gutschein-kochkurs-kitchen-party\/","og_locale":"en_US","og_type":"article","og_title":"Gift voucher \u2018Kitchen Party\u2019 cookery course - Restaurant Duchardt","og_description":"Learn the tips and tricks that make our dishes so special at our cooking event with Marcus Duchardt. The Kitchen Party takes place once a month at Restaurant Duchardt and guarantees inspiring, enjoyable moments in a relaxed atmosphere. The next dates and further details can be found  here Important! Only 3-7 participants are possible per cookery course, therefore a personal pre-registration is absolutely necessary. The voucher will only be accepted after full payment.","og_url":"https:\/\/duchardt.at\/produkt\/geschenk-gutschein-kochkurs-kitchen-party\/","og_site_name":"Restaurant Duchardt","article_publisher":"https:\/\/www.facebook.com\/people\/restaurantduchardt\/100090663853184\/","article_modified_time":"2024-08-23T13:13:37+00:00","og_image":[{"width":595,"height":490,"url":"https:\/\/duchardt.at\/wp-content\/uploads\/2023\/02\/KitchenPartyCookingWorkshop.jpg","type":"image\/jpeg"}],"twitter_card":"summary_large_image","twitter_misc":{"Est. reading time":"2 minutes"},"schema":{"@context":"https:\/\/schema.org","@graph":[{"@type":"WebPage","@id":"https:\/\/duchardt.at\/produkt\/geschenk-gutschein-kochkurs-kitchen-party\/","url":"https:\/\/duchardt.at\/produkt\/geschenk-gutschein-kochkurs-kitchen-party\/","name":"Gift voucher \u2018Kitchen Party\u2019 cookery course - Restaurant Duchardt","isPartOf":{"@id":"https:\/\/duchardt.at\/#website"},"primaryImageOfPage":{"@id":"https:\/\/duchardt.at\/produkt\/geschenk-gutschein-kochkurs-kitchen-party\/#primaryimage"},"image":{"@id":"https:\/\/duchardt.at\/produkt\/geschenk-gutschein-kochkurs-kitchen-party\/#primaryimage"},"thumbnailUrl":"https:\/\/duchardt.at\/wp-content\/uploads\/2023\/02\/KitchenPartyCookingWorkshop.jpg","datePublished":"2024-05-14T16:13:16+00:00","dateModified":"2024-08-23T13:13:37+00:00","breadcrumb":{"@id":"https:\/\/duchardt.at\/produkt\/geschenk-gutschein-kochkurs-kitchen-party\/#breadcrumb"},"inLanguage":"en-US","potentialAction":[{"@type":"ReadAction","target":["https:\/\/duchardt.at\/produkt\/geschenk-gutschein-kochkurs-kitchen-party\/"]}]},{"@type":"ImageObject","inLanguage":"en-US","@id":"https:\/\/duchardt.at\/produkt\/geschenk-gutschein-kochkurs-kitchen-party\/#primaryimage","url":"https:\/\/duchardt.at\/wp-content\/uploads\/2023\/02\/KitchenPartyCookingWorkshop.jpg","contentUrl":"https:\/\/duchardt.at\/wp-content\/uploads\/2023\/02\/KitchenPartyCookingWorkshop.jpg","width":595,"height":490,"caption":"Collage with photos of a kitchen party"},{"@type":"BreadcrumbList","@id":"https:\/\/duchardt.at\/produkt\/geschenk-gutschein-kochkurs-kitchen-party\/#breadcrumb","itemListElement":[{"@type":"ListItem","position":1,"name":"Startseite","item":"https:\/\/duchardt.at\/en\/"},{"@type":"ListItem","position":2,"name":"Shop","item":"https:\/\/duchardt.at\/en\/shop\/"},{"@type":"ListItem","position":3,"name":"Gift voucher \u2018Kitchen Party\u2019 cookery course"}]},{"@type":"WebSite","@id":"https:\/\/duchardt.at\/#website","url":"https:\/\/duchardt.at\/","name":"Restaurant Duchardt","description":"\u00d6sterreichische und franz\u00f6sische K\u00fcche auf h\u00f6chstem Niveau","publisher":{"@id":"https:\/\/duchardt.at\/#organization"},"potentialAction":[{"@type":"SearchAction","target":{"@type":"EntryPoint","urlTemplate":"https:\/\/duchardt.at\/?s={search_term_string}"},"query-input":{"@type":"PropertyValueSpecification","valueRequired":true,"valueName":"search_term_string"}}],"inLanguage":"en-US"},{"@type":"Organization","@id":"https:\/\/duchardt.at\/#organization","name":"Restaurant Duchardt","url":"https:\/\/duchardt.at\/","logo":{"@type":"ImageObject","inLanguage":"en-US","@id":"https:\/\/duchardt.at\/#\/schema\/logo\/image\/","url":"https:\/\/duchardt.at\/wp-content\/uploads\/2022\/10\/Duchardt_Logo_Header.svg","contentUrl":"https:\/\/duchardt.at\/wp-content\/uploads\/2022\/10\/Duchardt_Logo_Header.svg","width":"1024","height":"1024","caption":"Restaurant Duchardt"},"image":{"@id":"https:\/\/duchardt.at\/#\/schema\/logo\/image\/"},"sameAs":["https:\/\/www.facebook.com\/people\/restaurantduchardt\/100090663853184\/","https:\/\/www.instagram.com\/restaurantduchardt\/"]}]}},"_links":{"self":[{"href":"https:\/\/duchardt.at\/en\/wp-json\/wp\/v2\/product\/2381","targetHints":{"allow":["GET"]}}],"collection":[{"href":"https:\/\/duchardt.at\/en\/wp-json\/wp\/v2\/product"}],"about":[{"href":"https:\/\/duchardt.at\/en\/wp-json\/wp\/v2\/types\/product"}],"wp:featuredmedia":[{"embeddable":true,"href":"https:\/\/duchardt.at\/en\/wp-json\/wp\/v2\/media\/601"}],"wp:attachment":[{"href":"https:\/\/duchardt.at\/en\/wp-json\/wp\/v2\/media?parent=2381"}],"wp:term":[{"taxonomy":"product_brand","embeddable":true,"href":"https:\/\/duchardt.at\/en\/wp-json\/wp\/v2\/product_brand?post=2381"},{"taxonomy":"product_cat","embeddable":true,"href":"https:\/\/duchardt.at\/en\/wp-json\/wp\/v2\/product_cat?post=2381"},{"taxonomy":"product_tag","embeddable":true,"href":"https:\/\/duchardt.at\/en\/wp-json\/wp\/v2\/product_tag?post=2381"}],"curies":[{"name":"wp","href":"https:\/\/api.w.org\/{rel}","templated":true}]}}