{"id":667,"date":"2023-02-27T12:11:26","date_gmt":"2023-02-27T12:11:26","guid":{"rendered":"https:\/\/duchardt.at\/kitchen-party-workshops\/"},"modified":"2024-12-04T14:55:46","modified_gmt":"2024-12-04T14:55:46","slug":"kitchen-party-workshops","status":"publish","type":"page","link":"https:\/\/duchardt.at\/en\/kitchen-party-workshops\/","title":{"rendered":"Kitchen Party Workshops"},"content":{"rendered":"<p>[et_pb_section fb_built=&#8221;1&#8243; _builder_version=&#8221;4.20.4&#8243; _module_preset=&#8221;default&#8221; custom_margin=&#8221;-2px|0px|0px|0px|false|true&#8221; custom_padding=&#8221;0px|0px|0px|0px|true|true&#8221; global_colors_info=&#8221;{}&#8221;][et_pb_row _builder_version=&#8221;4.18.0&#8243; _module_preset=&#8221;default&#8221; background_color=&#8221;#000000&#8243; z_index=&#8221;20&#8243; width=&#8221;100%&#8221; custom_margin=&#8221;0px|0px|0px|0px|true|true&#8221; custom_padding=&#8221;0px|0px|0px|0px|true|true&#8221; global_colors_info=&#8221;{}&#8221;][et_pb_column type=&#8221;4_4&#8243; _builder_version=&#8221;4.18.0&#8243; _module_preset=&#8221;default&#8221; global_colors_info=&#8221;{}&#8221;][et_pb_slider _builder_version=&#8221;4.18.0&#8243; _module_preset=&#8221;default&#8221; background_color=&#8221;#ffffff&#8221; min_height_tablet=&#8221;&#8221; min_height_phone=&#8221;240px&#8221; min_height_last_edited=&#8221;on|phone&#8221; max_height=&#8221;450px&#8221; animation_style=&#8221;fade&#8221; animation_duration=&#8221;4500ms&#8221; auto=&#8221;on&#8221; auto_speed=&#8221;4500&#8243; hover_transition_duration=&#8221;4000ms&#8221; hover_transition_delay=&#8221;1000ms&#8221; global_colors_info=&#8221;{}&#8221;][et_pb_slide _builder_version=&#8221;4.18.0&#8243; _module_preset=&#8221;default&#8221; background_image=&#8221;https:\/\/duchardt.at\/wp-content\/uploads\/2022\/10\/Langusten_Medaillons_Fruehlingsgemuese.jpg&#8221; background_enable_image=&#8221;on&#8221; global_colors_info=&#8221;{}&#8221; sticky_transition=&#8221;on&#8221;][\/et_pb_slide][et_pb_slide _builder_version=&#8221;4.18.0&#8243; _module_preset=&#8221;default&#8221; background_color=&#8221;RGBA(255,255,255,0)&#8221; background_enable_color=&#8221;on&#8221; background_image=&#8221;https:\/\/duchardt.at\/wp-content\/uploads\/2022\/10\/Slider_01.jpg&#8221; background_enable_image=&#8221;on&#8221; global_colors_info=&#8221;{}&#8221; sticky_transition=&#8221;on&#8221;][\/et_pb_slide][et_pb_slide _builder_version=&#8221;4.18.0&#8243; _module_preset=&#8221;default&#8221; background_color=&#8221;RGBA(255,255,255,0)&#8221; background_enable_color=&#8221;on&#8221; background_image=&#8221;https:\/\/duchardt.at\/wp-content\/uploads\/2022\/10\/Slider_02.jpg&#8221; background_enable_image=&#8221;on&#8221; global_colors_info=&#8221;{}&#8221; sticky_transition=&#8221;on&#8221;][\/et_pb_slide][\/et_pb_slider][\/et_pb_column][\/et_pb_row][\/et_pb_section][et_pb_section fb_built=&#8221;1&#8243; _builder_version=&#8221;4.18.0&#8243; _module_preset=&#8221;default&#8221; global_colors_info=&#8221;{}&#8221;][et_pb_row column_structure=&#8221;1_2,1_2&#8243; use_custom_gutter=&#8221;on&#8221; gutter_width=&#8221;1&#8243; admin_label=&#8221;Special&#8221; _builder_version=&#8221;4.18.0&#8243; _module_preset=&#8221;default&#8221; width_tablet=&#8221;57%&#8221; width_phone=&#8221;80%&#8221; width_last_edited=&#8221;on|tablet&#8221; min_height=&#8221;500px&#8221; custom_padding=&#8221;0px|0px|0px|0px|false|false&#8221; global_colors_info=&#8221;{}&#8221;][et_pb_column type=&#8221;1_2&#8243; _builder_version=&#8221;4.18.0&#8243; _module_preset=&#8221;default&#8221; background_enable_image=&#8221;off&#8221; background_size=&#8221;custom&#8221; background_image_width=&#8221;460px&#8221; background_image_height=&#8221;460px&#8221; background_position=&#8221;center_right&#8221; custom_padding=&#8221;0px||20px||false|false&#8221; scroll_horizontal_motion=&#8221;0|50|50|100|4|0|-10&#8243; global_colors_info=&#8221;{}&#8221;][et_pb_image src=&#8221;https:\/\/duchardt.at\/wp-content\/uploads\/2023\/02\/KitchenPartyCookingWorkshop.jpg&#8221; alt=&#8221;Collage mit Bildern einer Kitchenparty&#8221; title_text=&#8221;KitchenPartyCookingWorkshop&#8221; align=&#8221;right&#8221; admin_label=&#8221;Bild&#8221; _builder_version=&#8221;4.18.0&#8243; _module_preset=&#8221;default&#8221; width_last_edited=&#8221;off|desktop&#8221; max_width=&#8221;520px&#8221; custom_margin=&#8221;30px|0px|0px||false|false&#8221; custom_padding=&#8221;|0px|0px|30px|false|false&#8221; global_colors_info=&#8221;{}&#8221;][\/et_pb_image][\/et_pb_column][et_pb_column type=&#8221;1_2&#8243; _builder_version=&#8221;4.18.0&#8243; _module_preset=&#8221;default&#8221; global_colors_info=&#8221;{}&#8221;][et_pb_text content_last_edited=&#8221;off|desktop&#8221; _builder_version=&#8221;4.27.0&#8243; _module_preset=&#8221;default&#8221; header_3_font=&#8221;Abel||||||||&#8221; header_3_text_color=&#8221;#d49865&#8243; header_3_font_size=&#8221;24px&#8221; header_3_line_height=&#8221;1.4em&#8221; header_4_font=&#8221;Abel||||||||&#8221; header_4_font_size=&#8221;22px&#8221; header_4_line_height=&#8221;1.4em&#8221; header_5_line_height=&#8221;1.3em&#8221; background_color=&#8221;#FFFFFF&#8221; max_width=&#8221;480px&#8221; module_alignment=&#8221;left&#8221; min_height=&#8221;580px&#8221; min_height_tablet=&#8221;480px&#8221; min_height_phone=&#8221;480px&#8221; min_height_last_edited=&#8221;on|desktop&#8221; custom_padding=&#8221;34px|||30px|false|false&#8221; custom_padding_tablet=&#8221;40px|0px||20px|false|false&#8221; custom_padding_phone=&#8221;29px|20px|38px|20px|false|false&#8221; custom_padding_last_edited=&#8221;on|desktop&#8221; hover_enabled=&#8221;0&#8243; header_3_font_tablet=&#8221;Abel||||||||&#8221; header_3_font_phone=&#8221;Abel||||||||&#8221; header_3_font_last_edited=&#8221;on|desktop&#8221; header_3_font_size_tablet=&#8221;24px&#8221; header_3_font_size_phone=&#8221;22px&#8221; header_3_font_size_last_edited=&#8221;on|phone&#8221; module_alignment_tablet=&#8221;center&#8221; module_alignment_phone=&#8221;center&#8221; module_alignment_last_edited=&#8221;on|phone&#8221; border_width_left=&#8221;2px&#8221; border_color_left=&#8221;#E09900&#8243; global_colors_info=&#8221;{}&#8221; text_font=&#8221;Ruthligos||||||||&#8221; sticky_enabled=&#8221;0&#8243; text_font_size=&#8221;100px&#8221;]<\/p>\n<p style=\"text-align: center;\"><span style=\"color: #ff9900;\">Cookery course<\/span><\/p>\n<h4 style=\"text-align: center;\">Cook your favourite menu with MARCUS DUCHARDT in a private setting.<\/h4>\n<h4 style=\"text-align: center;\">Learn from a professional and let yourself be whisked away into the world of kitchen secrets. Cook and experience enjoyable moments in a relaxed atmosphere.<\/h4>\n<h4 style=\"text-align: center;\">The cookery course is ideal for <strong>connoisseurs<\/strong> and <strong>cooking enthusiasts<\/strong>, for <strong>ladies&#8217;<\/strong> and <strong>gentlemen&#8217;s get-togethers<\/strong> or as a creative <strong>gift.<\/strong><\/h4>\n<h4 style=\"text-align: center;\"><span style=\"text-decoration: underline;\">Programme:<\/span><\/h4>\n<h4 style=\"text-align: center;\">&#8211; Champagne reception<\/h4>\n<h4 style=\"text-align: center;\">&#8211; Get together with Q&amp;A session<\/h4>\n<h4 style=\"text-align: center;\">&#8211; Cookery course under the guidance of Marcus Duchardt<\/h4>\n<h4 style=\"text-align: center;\">&#8211; Meal together with wine accompaniment<\/h4>\n<h4 style=\"text-align: center;\">&#8211; Expert talk, debriefing, shop talk<\/h4>\n<h4 style=\"text-align: center;\">&#8211; Presentation of a signed recipe folder<\/h4>\n<h4 style=\"text-align: center;\">Duration 3-4 hours \/ price on request \/ from 4 persons<\/h4>\n<h4 style=\"text-align: center;\">If you are interested, please contact us on<\/h4>\n<h4 style=\"text-align: center;\">01-512 98 71 or info@duchardt.at<\/h4>\n<h4 style=\"text-align: center;\">Translated with DeepL.com (free version)<\/h4>\n<p>&nbsp;<\/p>\n<p>[\/et_pb_text][\/et_pb_column][\/et_pb_row][\/et_pb_section]<\/p>\n","protected":false},"excerpt":{"rendered":"<p>Kochen Sie mit Marcus Duchardt in kleiner Runde (max. 5 Personen) ein au\u00dfergew\u00f6hnliches 3-Gang-Men\u00fc. Lernen Sie von einem echten Profi, lassen Sie sich in die Welt der K\u00fcchengeheimnisse entf\u00fchren. Kochen und erleben Sie genu\u00dfvolle Momente in lockerer Runde.<\/p>\n<p>Ideal geeignet ist die Kitchen Party f\u00fcr Genie\u00dfer, Kochbegeisterte, f\u00fcr Damentreff oder Herrenrunden oder als kreatives Geschenk. <\/p>\n","protected":false},"author":1,"featured_media":0,"parent":0,"menu_order":0,"comment_status":"closed","ping_status":"closed","template":"","meta":{"_et_pb_use_builder":"on","_et_pb_old_content":"","_et_gb_content_width":"","inline_featured_image":false,"footnotes":""},"class_list":["post-667","page","type-page","status-publish","hentry"],"yoast_head":"<!-- This site is optimized with the Yoast SEO plugin v27.0 - https:\/\/yoast.com\/product\/yoast-seo-wordpress\/ -->\n<title>Kitchen Party Workshops - Restaurant Duchardt<\/title>\n<meta name=\"robots\" content=\"index, follow, max-snippet:-1, max-image-preview:large, max-video-preview:-1\" \/>\n<link rel=\"canonical\" href=\"https:\/\/duchardt.at\/en\/kitchen-party-workshops\/\" \/>\n<meta property=\"og:locale\" content=\"en_US\" \/>\n<meta property=\"og:type\" content=\"article\" \/>\n<meta property=\"og:title\" content=\"Kitchen Party Workshops - Restaurant Duchardt\" \/>\n<meta property=\"og:description\" content=\"Kochen Sie mit Marcus Duchardt in kleiner Runde (max. 5 Personen) ein au\u00dfergew\u00f6hnliches 3-Gang-Men\u00fc. Lernen Sie von einem echten Profi, lassen Sie sich in die Welt der K\u00fcchengeheimnisse entf\u00fchren. Kochen und erleben Sie genu\u00dfvolle Momente in lockerer Runde. Ideal geeignet ist die Kitchen Party f\u00fcr Genie\u00dfer, Kochbegeisterte, f\u00fcr Damentreff oder Herrenrunden oder als kreatives Geschenk.\" \/>\n<meta property=\"og:url\" content=\"https:\/\/duchardt.at\/en\/kitchen-party-workshops\/\" \/>\n<meta property=\"og:site_name\" content=\"Restaurant Duchardt\" \/>\n<meta property=\"article:publisher\" content=\"https:\/\/www.facebook.com\/people\/restaurantduchardt\/100090663853184\/\" \/>\n<meta property=\"article:modified_time\" content=\"2024-12-04T14:55:46+00:00\" \/>\n<meta name=\"twitter:card\" content=\"summary_large_image\" \/>\n<meta name=\"twitter:label1\" content=\"Est. reading time\" \/>\n\t<meta name=\"twitter:data1\" content=\"4 minutes\" \/>\n<script type=\"application\/ld+json\" class=\"yoast-schema-graph\">{\"@context\":\"https:\/\/schema.org\",\"@graph\":[{\"@type\":\"WebPage\",\"@id\":\"https:\/\/duchardt.at\/en\/kitchen-party-workshops\/\",\"url\":\"https:\/\/duchardt.at\/en\/kitchen-party-workshops\/\",\"name\":\"Kitchen Party Workshops - Restaurant Duchardt\",\"isPartOf\":{\"@id\":\"https:\/\/duchardt.at\/#website\"},\"datePublished\":\"2023-02-27T12:11:26+00:00\",\"dateModified\":\"2024-12-04T14:55:46+00:00\",\"breadcrumb\":{\"@id\":\"https:\/\/duchardt.at\/en\/kitchen-party-workshops\/#breadcrumb\"},\"inLanguage\":\"en-US\",\"potentialAction\":[{\"@type\":\"ReadAction\",\"target\":[\"https:\/\/duchardt.at\/en\/kitchen-party-workshops\/\"]}]},{\"@type\":\"BreadcrumbList\",\"@id\":\"https:\/\/duchardt.at\/en\/kitchen-party-workshops\/#breadcrumb\",\"itemListElement\":[{\"@type\":\"ListItem\",\"position\":1,\"name\":\"Startseite\",\"item\":\"https:\/\/duchardt.at\/en\/\"},{\"@type\":\"ListItem\",\"position\":2,\"name\":\"Kitchen Party Workshops\"}]},{\"@type\":\"WebSite\",\"@id\":\"https:\/\/duchardt.at\/#website\",\"url\":\"https:\/\/duchardt.at\/\",\"name\":\"Restaurant Duchardt\",\"description\":\"\u00d6sterreichische und franz\u00f6sische K\u00fcche auf h\u00f6chstem Niveau\",\"publisher\":{\"@id\":\"https:\/\/duchardt.at\/#organization\"},\"potentialAction\":[{\"@type\":\"SearchAction\",\"target\":{\"@type\":\"EntryPoint\",\"urlTemplate\":\"https:\/\/duchardt.at\/?s={search_term_string}\"},\"query-input\":{\"@type\":\"PropertyValueSpecification\",\"valueRequired\":true,\"valueName\":\"search_term_string\"}}],\"inLanguage\":\"en-US\"},{\"@type\":\"Organization\",\"@id\":\"https:\/\/duchardt.at\/#organization\",\"name\":\"Restaurant Duchardt\",\"url\":\"https:\/\/duchardt.at\/\",\"logo\":{\"@type\":\"ImageObject\",\"inLanguage\":\"en-US\",\"@id\":\"https:\/\/duchardt.at\/#\/schema\/logo\/image\/\",\"url\":\"https:\/\/duchardt.at\/wp-content\/uploads\/2022\/10\/Duchardt_Logo_Header.svg\",\"contentUrl\":\"https:\/\/duchardt.at\/wp-content\/uploads\/2022\/10\/Duchardt_Logo_Header.svg\",\"width\":\"1024\",\"height\":\"1024\",\"caption\":\"Restaurant Duchardt\"},\"image\":{\"@id\":\"https:\/\/duchardt.at\/#\/schema\/logo\/image\/\"},\"sameAs\":[\"https:\/\/www.facebook.com\/people\/restaurantduchardt\/100090663853184\/\",\"https:\/\/www.instagram.com\/restaurantduchardt\/\"]}]}<\/script>\n<!-- \/ Yoast SEO plugin. -->","yoast_head_json":{"title":"Kitchen Party Workshops - Restaurant Duchardt","robots":{"index":"index","follow":"follow","max-snippet":"max-snippet:-1","max-image-preview":"max-image-preview:large","max-video-preview":"max-video-preview:-1"},"canonical":"https:\/\/duchardt.at\/en\/kitchen-party-workshops\/","og_locale":"en_US","og_type":"article","og_title":"Kitchen Party Workshops - Restaurant Duchardt","og_description":"Kochen Sie mit Marcus Duchardt in kleiner Runde (max. 5 Personen) ein au\u00dfergew\u00f6hnliches 3-Gang-Men\u00fc. Lernen Sie von einem echten Profi, lassen Sie sich in die Welt der K\u00fcchengeheimnisse entf\u00fchren. Kochen und erleben Sie genu\u00dfvolle Momente in lockerer Runde. Ideal geeignet ist die Kitchen Party f\u00fcr Genie\u00dfer, Kochbegeisterte, f\u00fcr Damentreff oder Herrenrunden oder als kreatives Geschenk.","og_url":"https:\/\/duchardt.at\/en\/kitchen-party-workshops\/","og_site_name":"Restaurant Duchardt","article_publisher":"https:\/\/www.facebook.com\/people\/restaurantduchardt\/100090663853184\/","article_modified_time":"2024-12-04T14:55:46+00:00","twitter_card":"summary_large_image","twitter_misc":{"Est. reading time":"4 minutes"},"schema":{"@context":"https:\/\/schema.org","@graph":[{"@type":"WebPage","@id":"https:\/\/duchardt.at\/en\/kitchen-party-workshops\/","url":"https:\/\/duchardt.at\/en\/kitchen-party-workshops\/","name":"Kitchen Party Workshops - Restaurant Duchardt","isPartOf":{"@id":"https:\/\/duchardt.at\/#website"},"datePublished":"2023-02-27T12:11:26+00:00","dateModified":"2024-12-04T14:55:46+00:00","breadcrumb":{"@id":"https:\/\/duchardt.at\/en\/kitchen-party-workshops\/#breadcrumb"},"inLanguage":"en-US","potentialAction":[{"@type":"ReadAction","target":["https:\/\/duchardt.at\/en\/kitchen-party-workshops\/"]}]},{"@type":"BreadcrumbList","@id":"https:\/\/duchardt.at\/en\/kitchen-party-workshops\/#breadcrumb","itemListElement":[{"@type":"ListItem","position":1,"name":"Startseite","item":"https:\/\/duchardt.at\/en\/"},{"@type":"ListItem","position":2,"name":"Kitchen Party Workshops"}]},{"@type":"WebSite","@id":"https:\/\/duchardt.at\/#website","url":"https:\/\/duchardt.at\/","name":"Restaurant Duchardt","description":"\u00d6sterreichische und franz\u00f6sische K\u00fcche auf h\u00f6chstem Niveau","publisher":{"@id":"https:\/\/duchardt.at\/#organization"},"potentialAction":[{"@type":"SearchAction","target":{"@type":"EntryPoint","urlTemplate":"https:\/\/duchardt.at\/?s={search_term_string}"},"query-input":{"@type":"PropertyValueSpecification","valueRequired":true,"valueName":"search_term_string"}}],"inLanguage":"en-US"},{"@type":"Organization","@id":"https:\/\/duchardt.at\/#organization","name":"Restaurant Duchardt","url":"https:\/\/duchardt.at\/","logo":{"@type":"ImageObject","inLanguage":"en-US","@id":"https:\/\/duchardt.at\/#\/schema\/logo\/image\/","url":"https:\/\/duchardt.at\/wp-content\/uploads\/2022\/10\/Duchardt_Logo_Header.svg","contentUrl":"https:\/\/duchardt.at\/wp-content\/uploads\/2022\/10\/Duchardt_Logo_Header.svg","width":"1024","height":"1024","caption":"Restaurant Duchardt"},"image":{"@id":"https:\/\/duchardt.at\/#\/schema\/logo\/image\/"},"sameAs":["https:\/\/www.facebook.com\/people\/restaurantduchardt\/100090663853184\/","https:\/\/www.instagram.com\/restaurantduchardt\/"]}]}},"_links":{"self":[{"href":"https:\/\/duchardt.at\/en\/wp-json\/wp\/v2\/pages\/667","targetHints":{"allow":["GET"]}}],"collection":[{"href":"https:\/\/duchardt.at\/en\/wp-json\/wp\/v2\/pages"}],"about":[{"href":"https:\/\/duchardt.at\/en\/wp-json\/wp\/v2\/types\/page"}],"author":[{"embeddable":true,"href":"https:\/\/duchardt.at\/en\/wp-json\/wp\/v2\/users\/1"}],"replies":[{"embeddable":true,"href":"https:\/\/duchardt.at\/en\/wp-json\/wp\/v2\/comments?post=667"}],"version-history":[{"count":33,"href":"https:\/\/duchardt.at\/en\/wp-json\/wp\/v2\/pages\/667\/revisions"}],"predecessor-version":[{"id":2692,"href":"https:\/\/duchardt.at\/en\/wp-json\/wp\/v2\/pages\/667\/revisions\/2692"}],"wp:attachment":[{"href":"https:\/\/duchardt.at\/en\/wp-json\/wp\/v2\/media?parent=667"}],"curies":[{"name":"wp","href":"https:\/\/api.w.org\/{rel}","templated":true}]}}