{"id":661,"date":"2022-10-04T16:20:00","date_gmt":"2022-10-04T16:20:00","guid":{"rendered":"https:\/\/duchardt.at\/speisekarte\/"},"modified":"2025-09-29T13:27:17","modified_gmt":"2025-09-29T13:27:17","slug":"menu-3","status":"publish","type":"page","link":"https:\/\/duchardt.at\/en\/menu-3\/","title":{"rendered":"Menu-Text"},"content":{"rendered":"<p>[et_pb_section fb_built=&#8221;1&#8243; _builder_version=&#8221;4.18.0&#8243; _module_preset=&#8221;default&#8221; custom_padding=&#8221;10px||||false|false&#8221; global_colors_info=&#8221;{}&#8221;][et_pb_row column_structure=&#8221;1_2,1_2&#8243; use_custom_gutter=&#8221;on&#8221; gutter_width=&#8221;1&#8243; admin_label=&#8221;Special&#8221; _builder_version=&#8221;4.27.0&#8243; _module_preset=&#8221;default&#8221; positioning=&#8221;none&#8221; width_tablet=&#8221;57%&#8221; width_phone=&#8221;80%&#8221; width_last_edited=&#8221;on|tablet&#8221; min_height=&#8221;500px&#8221; custom_margin=&#8221;20px||||false|false&#8221; custom_padding=&#8221;0px|0px|0px|0px|false|false&#8221; locked=&#8221;off&#8221; global_colors_info=&#8221;{}&#8221;][et_pb_column type=&#8221;1_2&#8243; _builder_version=&#8221;4.18.0&#8243; _module_preset=&#8221;default&#8221; background_enable_image=&#8221;off&#8221; background_size=&#8221;custom&#8221; background_image_width=&#8221;460px&#8221; background_image_height=&#8221;460px&#8221; background_position=&#8221;center_right&#8221; custom_padding=&#8221;0px||20px||false|false&#8221; scroll_horizontal_motion=&#8221;0|50|50|100|4|0|-10&#8243; global_colors_info=&#8221;{}&#8221;][et_pb_text content_last_edited=&#8221;off|desktop&#8221; _builder_version=&#8221;4.27.4&#8243; _module_preset=&#8221;default&#8221; text_font=&#8221;Ruthligos||||||||&#8221; text_text_color=&#8221;#B5814D&#8221; text_font_size=&#8221;80px&#8221; header_2_text_color=&#8221;#d49865&#8243; header_2_line_height=&#8221;1.2em&#8221; header_3_font=&#8221;Abel||||||||&#8221; header_3_text_color=&#8221;#000000&#8243; header_3_line_height=&#8221;1.4em&#8221; header_4_font=&#8221;Abel||||||||&#8221; header_4_font_size=&#8221;22px&#8221; header_4_line_height=&#8221;1.4em&#8221; header_5_line_height=&#8221;1.3em&#8221; background_color=&#8221;#FFFFFF&#8221; text_orientation=&#8221;right&#8221; max_width=&#8221;540px&#8221; module_alignment=&#8221;right&#8221; min_height=&#8221;580px&#8221; min_height_tablet=&#8221;480px&#8221; min_height_phone=&#8221;480px&#8221; min_height_last_edited=&#8221;on|desktop&#8221; custom_padding=&#8221;30px|36px||10px|false|false&#8221; custom_padding_tablet=&#8221;40px|0px||20px|false|false&#8221; custom_padding_phone=&#8221;29px|20px|38px|20px|false|false&#8221; custom_padding_last_edited=&#8221;on|desktop&#8221; link_option_url=&#8221;https:\/\/duchardt.at\/en\/reservation\/&#8221; hover_enabled=&#8221;0&#8243; header_3_font_tablet=&#8221;Abel||||||||&#8221; header_3_font_phone=&#8221;Abel||||||||&#8221; header_3_font_last_edited=&#8221;on|desktop&#8221; header_3_font_size_tablet=&#8221;24px&#8221; header_3_font_size_phone=&#8221;22px&#8221; header_3_font_size_last_edited=&#8221;on|phone&#8221; module_alignment_tablet=&#8221;center&#8221; module_alignment_phone=&#8221;center&#8221; module_alignment_last_edited=&#8221;on|phone&#8221; border_color_right=&#8221;#E09900&#8243; border_color_left=&#8221;#E09900&#8243; locked=&#8221;off&#8221; global_colors_info=&#8221;{}&#8221; sticky_enabled=&#8221;0&#8243;]<\/p>\n<h2 style=\"text-align: center;\"><\/h2>\n<p style=\"text-align: center;\">Champagne Menu<\/p>\n<h5 style=\"text-align: center;\">(for 2 persons)<\/h5>\n<h3 style=\"text-align: center;\"><span style=\"text-decoration: underline;\"><strong>Ap\u00e9ritif<\/strong><\/span><\/h3>\n<h3 style=\"text-align: center;\"><strong>Egly-Ouriet Ratafia de Champagne <\/strong>0,1l<\/h3>\n<h3 style=\"text-align: center;\"><span style=\"text-decoration: underline;\"><strong>Menu<\/strong><\/span><strong>\u00a0<\/strong><\/h3>\n<h4 style=\"text-align: center;\"><strong>Pierre Gimonnet Cuv\u00e9e Cuis Premier Cru 0,375l<\/strong><\/h4>\n<h4 style=\"text-align: center;\">Gold caviar \/ brioche \/ egg yolk \/ spinach \/ sour cream 39\u20ac<\/h4>\n<h4 style=\"text-align: center;\">Ravioli \/ walnut \/ ricotta \/ radicchio 23\u20ac<\/h4>\n<h4 style=\"text-align: center;\">___<strong>\u00a0<\/strong><\/h4>\n<h4 style=\"text-align: center;\"><strong>Paul Bara 2018 Grand Millesime Brut 0,375l<\/strong><\/h4>\n<h4 style=\"text-align: center;\">Breton lobster in two courses 89\u20ac p.P.<\/h4>\n<h4 style=\"text-align: center;\"><u>First cours<\/u><\/h4>\n<h4 style=\"text-align: center;\">Lobster-raviolo \/ cresson \/ Champagner Beurre Blanc<\/h4>\n<h4 style=\"text-align: center;\"><u>Second cours<\/u><\/h4>\n<h4 style=\"text-align: center;\">Lobster roasted\/ sauce de la presse \/ Chou-fleur \/ roquette<\/h4>\n<h4 style=\"text-align: center;\">___<strong>\u00a0<\/strong><\/h4>\n<h3 style=\"text-align: center;\"><strong>Mouss\u00e9e &amp; Fils Cuv\u00e9e Eug\u00e8ne Ros\u00e9 0,1l<\/strong><\/h3>\n<h4 style=\"text-align: center;\"><\/h4>\n<h4 style=\"text-align: center;\">Chocolat \/ ganache \/ olive oil<\/h4>\n<h4 style=\"text-align: center;\"><strong>\u00a0<\/strong><\/h4>\n<h4 style=\"text-align: center;\"><strong>\u00a0<\/strong><\/h4>\n<h4 style=\"text-align: center;\">245\u20ac per person \/ 7\u20ac Couvert<\/h4>\n<h4 style=\"text-align: center;\">(incl. Ap\u00e9ritif, 1xMineral 0,75l, 1xEspresso per person)<\/h4>\n<h3 style=\"text-align: center;\"><\/h3>\n<h5 style=\"text-align: center;\"><\/h5>\n<p>&nbsp;<\/p>\n<h4 style=\"text-align: center;\">We kindly ask for your reservation by phone<\/h4>\n<h3 style=\"text-align: center;\">+43 1 512 98 71 or\u00a0online via this link<\/h3>\n<p>[\/et_pb_text][et_pb_button button_url=&#8221;@ET-DC@eyJkeW5hbWljIjp0cnVlLCJjb250ZW50IjoicG9zdF9saW5rX3VybF9wYWdlIiwic2V0dGluZ3MiOnsicG9zdF9pZCI6IjY1MiJ9fQ==@&#8221; button_text=&#8221;RESERVATION&#8221; button_alignment=&#8221;right&#8221; button_alignment_tablet=&#8221;right&#8221; button_alignment_phone=&#8221;center&#8221; button_alignment_last_edited=&#8221;on|phone&#8221; _builder_version=&#8221;4.20.4&#8243; _dynamic_attributes=&#8221;button_url&#8221; _module_preset=&#8221;default&#8221; custom_button=&#8221;on&#8221; button_text_color=&#8221;#d49865&#8243; button_bg_color=&#8221;#000000&#8243; button_border_width=&#8221;0px&#8221; button_border_radius=&#8221;5px&#8221; button_letter_spacing=&#8221;2px&#8221; button_font=&#8221;Abel|700|||||||&#8221; background_layout=&#8221;dark&#8221; custom_margin=&#8221;20px|210px|||false|false&#8221; custom_margin_tablet=&#8221;20px|210px|||false|false&#8221; custom_margin_phone=&#8221;|0px|||false|false&#8221; custom_margin_last_edited=&#8221;on|phone&#8221; custom_padding=&#8221;||||false|false&#8221; global_colors_info=&#8221;{}&#8221;][\/et_pb_button][\/et_pb_column][et_pb_column type=&#8221;1_2&#8243; _builder_version=&#8221;4.18.0&#8243; _module_preset=&#8221;default&#8221; global_colors_info=&#8221;{}&#8221;][et_pb_text content_last_edited=&#8221;off|desktop&#8221; _builder_version=&#8221;4.27.4&#8243; _module_preset=&#8221;default&#8221; text_font=&#8221;Ruthligos||||||||&#8221; text_text_color=&#8221;#B5814D&#8221; text_font_size=&#8221;80px&#8221; header_2_text_color=&#8221;#d49865&#8243; header_2_line_height=&#8221;1.2em&#8221; header_3_font=&#8221;Abel||||||||&#8221; header_3_text_color=&#8221;#000000&#8243; header_3_line_height=&#8221;1.4em&#8221; header_4_font=&#8221;Abel||||||||&#8221; header_4_font_size=&#8221;22px&#8221; header_4_line_height=&#8221;1.4em&#8221; header_5_line_height=&#8221;1.3em&#8221; background_color=&#8221;#FFFFFF&#8221; text_orientation=&#8221;right&#8221; max_width=&#8221;591px&#8221; module_alignment=&#8221;right&#8221; min_height=&#8221;580px&#8221; min_height_tablet=&#8221;480px&#8221; min_height_phone=&#8221;480px&#8221; min_height_last_edited=&#8221;on|desktop&#8221; custom_padding=&#8221;30px|36px||10px|false|false&#8221; custom_padding_tablet=&#8221;40px|0px||20px|false|false&#8221; custom_padding_phone=&#8221;29px|20px|38px|20px|false|false&#8221; custom_padding_last_edited=&#8221;on|desktop&#8221; link_option_url=&#8221;https:\/\/duchardt.at\/en\/reservation\/&#8221; hover_enabled=&#8221;0&#8243; header_3_font_tablet=&#8221;Abel||||||||&#8221; header_3_font_phone=&#8221;Abel||||||||&#8221; header_3_font_last_edited=&#8221;on|desktop&#8221; header_3_font_size_tablet=&#8221;24px&#8221; header_3_font_size_phone=&#8221;22px&#8221; header_3_font_size_last_edited=&#8221;on|phone&#8221; module_alignment_tablet=&#8221;center&#8221; module_alignment_phone=&#8221;center&#8221; module_alignment_last_edited=&#8221;on|phone&#8221; border_color_right=&#8221;#E09900&#8243; border_color_left=&#8221;#E09900&#8243; locked=&#8221;off&#8221; global_colors_info=&#8221;{}&#8221; sticky_enabled=&#8221;0&#8243;]<\/p>\n<p style=\"text-align: center;\">Menu Fantasie<\/p>\n<h4 style=\"text-align: center;\"><\/h4>\n<h4 style=\"text-align: center;\"><\/h4>\n<h4 style=\"text-align: center;\"><\/h4>\n<h4 style=\"text-align: center;\"><strong>Ikejime Salmon <\/strong><\/h4>\n<h4 style=\"text-align: center;\">Spinach \/ beetroots \/ Sauce Rouille \/ Genmai-rize 28\u20ac<\/h4>\n<h4 style=\"text-align: center;\">2018 Andr\u00e9 Clouet Dream Vintage Brut 22,50\u20ac<\/h4>\n<h4 style=\"text-align: center;\">***<\/h4>\n<h4 style=\"text-align: center;\"><strong>Quail \/ Foie Gras<\/strong><\/h4>\n<h4 style=\"text-align: center;\">Onion \/ artichoke 28\u20ac<\/h4>\n<h4 style=\"text-align: center;\">2024 Knipser Wei\u00dfburgunder \/ Chardonnay 1\/8l 9,50\u20ac<\/h4>\n<h4 style=\"text-align: center;\">***<\/h4>\n<h4 style=\"text-align: center;\"><strong>Ravioli<\/strong><\/h4>\n<h4 style=\"text-align: center;\">Walnut \/ ricotta \/ radicchio 23\u20ac<\/h4>\n<h4 style=\"text-align: center;\">2023 Domaine Berthoumieu La F\u00e9 1\/8l 10\u20ac<\/h4>\n<h4 style=\"text-align: center;\">***<\/h4>\n<h4 style=\"text-align: center;\"><strong>Monkfish<\/strong><\/h4>\n<h4 style=\"text-align: center;\">Fennel \/ chive \/ Gold Caviar 42\u20ac\/59\u20ac<\/h4>\n<h4 style=\"text-align: center;\">2023 Wellanschitz Chardonnay Kalkader 1\/8l 10\u20ac<\/h4>\n<h4 style=\"text-align: center;\">***<\/h4>\n<h4 style=\"text-align: center;\"><strong>Dry Age ox<\/strong><\/h4>\n<h4 style=\"text-align: center;\">Potatoes \/ squash blossom 69\u20ac<\/h4>\n<h4 style=\"text-align: center;\">2018 San Cristoforo Petit Verdot 20,50\u20ac<\/h4>\n<h4 style=\"text-align: center;\">***<\/h4>\n<h4 style=\"text-align: center;\"><strong>Cheese<\/strong> du Jour de Ma\u00eetre Anthony 12,50\u20ac<\/h4>\n<h4 style=\"text-align: center;\">***<\/h4>\n<h4 style=\"text-align: center;\"><strong>Chocolate<\/strong><\/h4>\n<h4 style=\"text-align: center;\">White ganache \/ peach 16\u20ac<\/h4>\n<h4 style=\"text-align: center;\">2022 Oregeau Chenin Blanc Saint Lambert 0,1l 10\u20ac<\/h4>\n<h4 style=\"text-align: center;\"><\/h4>\n<h4 style=\"text-align: center;\">4-course menu without salmon \/ monkfish \/ cheese 99\u20ac<\/h4>\n<h4 style=\"text-align: center;\">6-course menu without quail 129\u20ac<\/h4>\n<h4 style=\"text-align: center;\">7-course menu 139\u20ac<\/h4>\n<h4 style=\"text-align: center;\">Couvert 7\u20ac<\/h4>\n<h5 style=\"text-align: center;\">We offer every dish \u00e0 la carte. <br \/>For groups of 5 or more, we serve our \u2018Fantasy Menu\u2019 or \u2018Champagne Menu\u2019 for the entire table.<\/h5>\n<h5 style=\"text-align: center;\">We serve our 6 or 7 course menu at lunchtime<br \/>if ordered before 1 p.m. and<br \/>in the evening if ordered until 8:30 pm<\/h5>\n<h5 style=\"text-align: center;\">All prices include VAT and all taxes.<br \/>Subject to typographical errors.<\/h5>\n<h5 style=\"text-align: center;\">We kindly ask for your reservation by phone<\/h5>\n<h3 style=\"text-align: center;\">+43 1 512 98 71 or\u00a0online via this link<\/h3>\n<p>[\/et_pb_text][\/et_pb_column][\/et_pb_row][\/et_pb_section]<\/p>\n","protected":false},"excerpt":{"rendered":"<p>Champagne Menu (for 2 persons) Ap\u00e9ritif Egly-Ouriet Ratafia de Champagne 0,1l Menu\u00a0 Pierre Gimonnet Cuv\u00e9e Cuis Premier Cru 0,375l Gold caviar \/ brioche \/ egg yolk \/ spinach \/ sour cream 39\u20ac Ravioli \/ walnut \/ ricotta \/ radicchio 23\u20ac ___\u00a0 Paul Bara 2018 Grand Millesime Brut 0,375l Breton lobster in two courses 89\u20ac p.P. [&hellip;]<\/p>\n","protected":false},"author":1,"featured_media":0,"parent":0,"menu_order":0,"comment_status":"closed","ping_status":"closed","template":"","meta":{"_et_pb_use_builder":"on","_et_pb_old_content":"","_et_gb_content_width":"","inline_featured_image":false,"footnotes":""},"class_list":["post-661","page","type-page","status-publish","hentry"],"yoast_head":"<!-- This site is optimized with the Yoast SEO plugin v27.0 - https:\/\/yoast.com\/product\/yoast-seo-wordpress\/ -->\n<title>Menu-Text - Restaurant Duchardt<\/title>\n<meta name=\"robots\" content=\"index, follow, max-snippet:-1, max-image-preview:large, max-video-preview:-1\" \/>\n<link rel=\"canonical\" href=\"https:\/\/duchardt.at\/en\/menu-3\/\" \/>\n<meta property=\"og:locale\" content=\"en_US\" \/>\n<meta property=\"og:type\" content=\"article\" \/>\n<meta property=\"og:title\" content=\"Menu-Text - Restaurant Duchardt\" \/>\n<meta property=\"og:description\" content=\"Champagne Menu (for 2 persons) Ap\u00e9ritif Egly-Ouriet Ratafia de Champagne 0,1l Menu\u00a0 Pierre Gimonnet Cuv\u00e9e Cuis Premier Cru 0,375l Gold caviar \/ brioche \/ egg yolk \/ spinach \/ sour cream 39\u20ac Ravioli \/ walnut \/ ricotta \/ radicchio 23\u20ac ___\u00a0 Paul Bara 2018 Grand Millesime Brut 0,375l Breton lobster in two courses 89\u20ac p.P. [&hellip;]\" \/>\n<meta property=\"og:url\" content=\"https:\/\/duchardt.at\/en\/menu-3\/\" \/>\n<meta property=\"og:site_name\" content=\"Restaurant Duchardt\" \/>\n<meta property=\"article:publisher\" content=\"https:\/\/www.facebook.com\/people\/restaurantduchardt\/100090663853184\/\" \/>\n<meta property=\"article:modified_time\" content=\"2025-09-29T13:27:17+00:00\" \/>\n<meta name=\"twitter:card\" content=\"summary_large_image\" \/>\n<meta name=\"twitter:label1\" content=\"Est. reading time\" \/>\n\t<meta name=\"twitter:data1\" content=\"4 minutes\" \/>\n<script type=\"application\/ld+json\" class=\"yoast-schema-graph\">{\"@context\":\"https:\/\/schema.org\",\"@graph\":[{\"@type\":\"WebPage\",\"@id\":\"https:\/\/duchardt.at\/en\/menu-3\/\",\"url\":\"https:\/\/duchardt.at\/en\/menu-3\/\",\"name\":\"Menu-Text - Restaurant Duchardt\",\"isPartOf\":{\"@id\":\"https:\/\/duchardt.at\/#website\"},\"datePublished\":\"2022-10-04T16:20:00+00:00\",\"dateModified\":\"2025-09-29T13:27:17+00:00\",\"breadcrumb\":{\"@id\":\"https:\/\/duchardt.at\/en\/menu-3\/#breadcrumb\"},\"inLanguage\":\"en-US\",\"potentialAction\":[{\"@type\":\"ReadAction\",\"target\":[\"https:\/\/duchardt.at\/en\/menu-3\/\"]}]},{\"@type\":\"BreadcrumbList\",\"@id\":\"https:\/\/duchardt.at\/en\/menu-3\/#breadcrumb\",\"itemListElement\":[{\"@type\":\"ListItem\",\"position\":1,\"name\":\"Startseite\",\"item\":\"https:\/\/duchardt.at\/en\/\"},{\"@type\":\"ListItem\",\"position\":2,\"name\":\"Menu-Text\"}]},{\"@type\":\"WebSite\",\"@id\":\"https:\/\/duchardt.at\/#website\",\"url\":\"https:\/\/duchardt.at\/\",\"name\":\"Restaurant Duchardt\",\"description\":\"\u00d6sterreichische und franz\u00f6sische K\u00fcche auf h\u00f6chstem Niveau\",\"publisher\":{\"@id\":\"https:\/\/duchardt.at\/#organization\"},\"potentialAction\":[{\"@type\":\"SearchAction\",\"target\":{\"@type\":\"EntryPoint\",\"urlTemplate\":\"https:\/\/duchardt.at\/?s={search_term_string}\"},\"query-input\":{\"@type\":\"PropertyValueSpecification\",\"valueRequired\":true,\"valueName\":\"search_term_string\"}}],\"inLanguage\":\"en-US\"},{\"@type\":\"Organization\",\"@id\":\"https:\/\/duchardt.at\/#organization\",\"name\":\"Restaurant Duchardt\",\"url\":\"https:\/\/duchardt.at\/\",\"logo\":{\"@type\":\"ImageObject\",\"inLanguage\":\"en-US\",\"@id\":\"https:\/\/duchardt.at\/#\/schema\/logo\/image\/\",\"url\":\"https:\/\/duchardt.at\/wp-content\/uploads\/2022\/10\/Duchardt_Logo_Header.svg\",\"contentUrl\":\"https:\/\/duchardt.at\/wp-content\/uploads\/2022\/10\/Duchardt_Logo_Header.svg\",\"width\":\"1024\",\"height\":\"1024\",\"caption\":\"Restaurant Duchardt\"},\"image\":{\"@id\":\"https:\/\/duchardt.at\/#\/schema\/logo\/image\/\"},\"sameAs\":[\"https:\/\/www.facebook.com\/people\/restaurantduchardt\/100090663853184\/\",\"https:\/\/www.instagram.com\/restaurantduchardt\/\"]}]}<\/script>\n<!-- \/ Yoast SEO plugin. -->","yoast_head_json":{"title":"Menu-Text - Restaurant Duchardt","robots":{"index":"index","follow":"follow","max-snippet":"max-snippet:-1","max-image-preview":"max-image-preview:large","max-video-preview":"max-video-preview:-1"},"canonical":"https:\/\/duchardt.at\/en\/menu-3\/","og_locale":"en_US","og_type":"article","og_title":"Menu-Text - Restaurant Duchardt","og_description":"Champagne Menu (for 2 persons) Ap\u00e9ritif Egly-Ouriet Ratafia de Champagne 0,1l Menu\u00a0 Pierre Gimonnet Cuv\u00e9e Cuis Premier Cru 0,375l Gold caviar \/ brioche \/ egg yolk \/ spinach \/ sour cream 39\u20ac Ravioli \/ walnut \/ ricotta \/ radicchio 23\u20ac ___\u00a0 Paul Bara 2018 Grand Millesime Brut 0,375l Breton lobster in two courses 89\u20ac p.P. [&hellip;]","og_url":"https:\/\/duchardt.at\/en\/menu-3\/","og_site_name":"Restaurant Duchardt","article_publisher":"https:\/\/www.facebook.com\/people\/restaurantduchardt\/100090663853184\/","article_modified_time":"2025-09-29T13:27:17+00:00","twitter_card":"summary_large_image","twitter_misc":{"Est. reading time":"4 minutes"},"schema":{"@context":"https:\/\/schema.org","@graph":[{"@type":"WebPage","@id":"https:\/\/duchardt.at\/en\/menu-3\/","url":"https:\/\/duchardt.at\/en\/menu-3\/","name":"Menu-Text - Restaurant Duchardt","isPartOf":{"@id":"https:\/\/duchardt.at\/#website"},"datePublished":"2022-10-04T16:20:00+00:00","dateModified":"2025-09-29T13:27:17+00:00","breadcrumb":{"@id":"https:\/\/duchardt.at\/en\/menu-3\/#breadcrumb"},"inLanguage":"en-US","potentialAction":[{"@type":"ReadAction","target":["https:\/\/duchardt.at\/en\/menu-3\/"]}]},{"@type":"BreadcrumbList","@id":"https:\/\/duchardt.at\/en\/menu-3\/#breadcrumb","itemListElement":[{"@type":"ListItem","position":1,"name":"Startseite","item":"https:\/\/duchardt.at\/en\/"},{"@type":"ListItem","position":2,"name":"Menu-Text"}]},{"@type":"WebSite","@id":"https:\/\/duchardt.at\/#website","url":"https:\/\/duchardt.at\/","name":"Restaurant Duchardt","description":"\u00d6sterreichische und franz\u00f6sische K\u00fcche auf h\u00f6chstem Niveau","publisher":{"@id":"https:\/\/duchardt.at\/#organization"},"potentialAction":[{"@type":"SearchAction","target":{"@type":"EntryPoint","urlTemplate":"https:\/\/duchardt.at\/?s={search_term_string}"},"query-input":{"@type":"PropertyValueSpecification","valueRequired":true,"valueName":"search_term_string"}}],"inLanguage":"en-US"},{"@type":"Organization","@id":"https:\/\/duchardt.at\/#organization","name":"Restaurant Duchardt","url":"https:\/\/duchardt.at\/","logo":{"@type":"ImageObject","inLanguage":"en-US","@id":"https:\/\/duchardt.at\/#\/schema\/logo\/image\/","url":"https:\/\/duchardt.at\/wp-content\/uploads\/2022\/10\/Duchardt_Logo_Header.svg","contentUrl":"https:\/\/duchardt.at\/wp-content\/uploads\/2022\/10\/Duchardt_Logo_Header.svg","width":"1024","height":"1024","caption":"Restaurant Duchardt"},"image":{"@id":"https:\/\/duchardt.at\/#\/schema\/logo\/image\/"},"sameAs":["https:\/\/www.facebook.com\/people\/restaurantduchardt\/100090663853184\/","https:\/\/www.instagram.com\/restaurantduchardt\/"]}]}},"_links":{"self":[{"href":"https:\/\/duchardt.at\/en\/wp-json\/wp\/v2\/pages\/661","targetHints":{"allow":["GET"]}}],"collection":[{"href":"https:\/\/duchardt.at\/en\/wp-json\/wp\/v2\/pages"}],"about":[{"href":"https:\/\/duchardt.at\/en\/wp-json\/wp\/v2\/types\/page"}],"author":[{"embeddable":true,"href":"https:\/\/duchardt.at\/en\/wp-json\/wp\/v2\/users\/1"}],"replies":[{"embeddable":true,"href":"https:\/\/duchardt.at\/en\/wp-json\/wp\/v2\/comments?post=661"}],"version-history":[{"count":97,"href":"https:\/\/duchardt.at\/en\/wp-json\/wp\/v2\/pages\/661\/revisions"}],"predecessor-version":[{"id":3096,"href":"https:\/\/duchardt.at\/en\/wp-json\/wp\/v2\/pages\/661\/revisions\/3096"}],"wp:attachment":[{"href":"https:\/\/duchardt.at\/en\/wp-json\/wp\/v2\/media?parent=661"}],"curies":[{"name":"wp","href":"https:\/\/api.w.org\/{rel}","templated":true}]}}