{"id":657,"date":"2022-11-18T12:07:38","date_gmt":"2022-11-18T12:07:38","guid":{"rendered":"https:\/\/duchardt.at\/oeffnungszeiten\/"},"modified":"2026-03-15T09:30:18","modified_gmt":"2026-03-15T09:30:18","slug":"oeffnungszeiten","status":"publish","type":"page","link":"https:\/\/duchardt.at\/en\/oeffnungszeiten\/","title":{"rendered":"Opening Hours"},"content":{"rendered":"<p>[et_pb_section fb_built=&#8221;1&#8243; _builder_version=&#8221;4.18.0&#8243; _module_preset=&#8221;default&#8221; custom_margin=&#8221;0px|0px|0px|0px|true|true&#8221; custom_padding=&#8221;0px|0px|0px|0px|true|true&#8221; global_colors_info=&#8221;{}&#8221;][et_pb_row _builder_version=&#8221;4.18.0&#8243; _module_preset=&#8221;default&#8221; background_color=&#8221;#000000&#8243; z_index=&#8221;20&#8243; width=&#8221;100%&#8221; custom_margin=&#8221;0px|0px|0px|0px|true|true&#8221; custom_padding=&#8221;0px|0px|0px|0px|true|true&#8221; global_colors_info=&#8221;{}&#8221;][et_pb_column type=&#8221;4_4&#8243; _builder_version=&#8221;4.18.0&#8243; _module_preset=&#8221;default&#8221; global_colors_info=&#8221;{}&#8221;][et_pb_slider _builder_version=&#8221;4.18.0&#8243; _module_preset=&#8221;default&#8221; background_color=&#8221;#ffffff&#8221; min_height_tablet=&#8221;&#8221; min_height_phone=&#8221;240px&#8221; min_height_last_edited=&#8221;on|phone&#8221; max_height=&#8221;450px&#8221; animation_style=&#8221;fade&#8221; animation_duration=&#8221;4500ms&#8221; auto=&#8221;on&#8221; auto_speed=&#8221;4500&#8243; hover_transition_duration=&#8221;4000ms&#8221; hover_transition_delay=&#8221;1000ms&#8221; global_colors_info=&#8221;{}&#8221;][et_pb_slide _builder_version=&#8221;4.18.0&#8243; _module_preset=&#8221;default&#8221; background_image=&#8221;https:\/\/duchardt.at\/wp-content\/uploads\/2022\/10\/Langusten_Medaillons_Fruehlingsgemuese.jpg&#8221; background_enable_image=&#8221;on&#8221; global_colors_info=&#8221;{}&#8221; sticky_transition=&#8221;on&#8221;][\/et_pb_slide][et_pb_slide _builder_version=&#8221;4.18.0&#8243; _module_preset=&#8221;default&#8221; background_color=&#8221;RGBA(255,255,255,0)&#8221; background_enable_color=&#8221;on&#8221; background_image=&#8221;https:\/\/duchardt.at\/wp-content\/uploads\/2022\/10\/Slider_01.jpg&#8221; background_enable_image=&#8221;on&#8221; global_colors_info=&#8221;{}&#8221; sticky_transition=&#8221;on&#8221;][\/et_pb_slide][et_pb_slide _builder_version=&#8221;4.18.0&#8243; _module_preset=&#8221;default&#8221; background_color=&#8221;RGBA(255,255,255,0)&#8221; background_enable_color=&#8221;on&#8221; background_image=&#8221;https:\/\/duchardt.at\/wp-content\/uploads\/2022\/10\/Slider_02.jpg&#8221; background_enable_image=&#8221;on&#8221; global_colors_info=&#8221;{}&#8221; sticky_transition=&#8221;on&#8221;][\/et_pb_slide][\/et_pb_slider][\/et_pb_column][\/et_pb_row][\/et_pb_section][et_pb_section fb_built=&#8221;1&#8243; _builder_version=&#8221;4.18.0&#8243; _module_preset=&#8221;default&#8221; global_colors_info=&#8221;{}&#8221;][et_pb_row column_structure=&#8221;1_2,1_2&#8243; use_custom_gutter=&#8221;on&#8221; gutter_width=&#8221;1&#8243; admin_label=&#8221;\u00d6ffnungszeiten&#8221; _builder_version=&#8221;4.20.4&#8243; _module_preset=&#8221;default&#8221; min_height=&#8221;500px&#8221; custom_margin=&#8221;||0px||false|false&#8221; custom_padding=&#8221;0px|0px|0px|0px|false|false&#8221; global_colors_info=&#8221;{}&#8221;][et_pb_column type=&#8221;1_2&#8243; _builder_version=&#8221;4.18.0&#8243; _module_preset=&#8221;default&#8221; background_enable_image=&#8221;off&#8221; background_size=&#8221;custom&#8221; background_image_width=&#8221;460px&#8221; background_image_height=&#8221;460px&#8221; background_position=&#8221;center_right&#8221; custom_padding=&#8221;0px||20px||false|false&#8221; scroll_horizontal_motion=&#8221;0|50|50|100|4|0|-10&#8243; global_colors_info=&#8221;{}&#8221;][et_pb_text content_tablet=&#8221;<\/p>\n<h3><\/h3>\n<\/p>\n<h4>WIR MACHEN URLAUB<\/h4>\n<h3>Von 24.12.2022 &#8211; 1.1.2023<br \/>haben wir geschlossen.<br \/>Wir tanken Kraft und Energie<br \/>f\u00fcr neue Kreativit\u00e4t.<\/h3>\n<h5>Erster Service im neuen Jahr:<br \/>Montag, 02.01.2023 ab 18 Uhr<\/h5>\n<p>&#8221; content_phone=&#8221;<\/p>\n<h4>WIR MACHEN URLAUB<\/h4>\n<h3>Von 24.12.2022 &#8211; 1.1.2023<br \/>haben wir geschlossen.<br \/>Wir tanken Kraft und Energie<br \/>f\u00fcr neue Kreativit\u00e4t.<\/h3>\n<h5>Erster Service im neuen Jahr:<br \/>Montag, 02.01.2023 ab 18 Uhr<\/h5>\n<p>&#8221; content_last_edited=&#8221;off|desktop&#8221; _builder_version=&#8221;4.27.5&#8243; _module_preset=&#8221;default&#8221; text_font=&#8221;Ruthligos||||||||&#8221; text_text_color=&#8221;#B5814D&#8221; text_font_size=&#8221;84px&#8221; header_3_font=&#8221;Abel||||||||&#8221; header_3_text_color=&#8221;#d49865&#8243; header_3_font_size=&#8221;24px&#8221; header_4_font=&#8221;Abel||||||||&#8221; header_4_font_size=&#8221;22px&#8221; header_4_line_height=&#8221;1.4em&#8221; header_5_line_height=&#8221;1.3em&#8221; background_color=&#8221;#FFFFFF&#8221; max_width=&#8221;430px&#8221; module_alignment=&#8221;right&#8221; min_height_tablet=&#8221;&#8221; min_height_phone=&#8221;&#8221; min_height_last_edited=&#8221;on|tablet&#8221; custom_padding=&#8221;20px|||20px|false|false&#8221; custom_padding_tablet=&#8221;60px|0px|0px|0px|false|false&#8221; custom_padding_phone=&#8221;0px|20px|20px|20px|false|false&#8221; custom_padding_last_edited=&#8221;on|desktop&#8221; hover_enabled=&#8221;0&#8243; header_font_tablet=&#8221;&#8221; header_font_phone=&#8221;&#8221; header_font_last_edited=&#8221;on|phone&#8221; header_3_font_tablet=&#8221;Abel||||||||&#8221; header_3_font_phone=&#8221;Abel||||||||&#8221; header_3_font_last_edited=&#8221;on|desktop&#8221; header_3_font_size_tablet=&#8221;24px&#8221; header_3_font_size_phone=&#8221;22px&#8221; header_3_font_size_last_edited=&#8221;on|phone&#8221; module_alignment_tablet=&#8221;center&#8221; module_alignment_phone=&#8221;center&#8221; module_alignment_last_edited=&#8221;on|tablet&#8221; border_color_all=&#8221;RGBA(255,255,255,0)&#8221; border_color_left=&#8221;#E09900&#8243; border_radii_last_edited=&#8221;off|desktop&#8221; border_width_left_tablet=&#8221;2px&#8221; border_width_left_phone=&#8221;2px&#8221; border_width_left_last_edited=&#8221;on|tablet&#8221; locked=&#8221;off&#8221; global_colors_info=&#8221;{}&#8221; sticky_enabled=&#8221;0&#8243;]<\/p>\n<h3 style=\"text-align: center;\"><strong><\/strong><\/h3>\n<h3 style=\"text-align: center;\" id=\"h_94629092511673958733653\"><strong>OPENING <\/strong><strong>HOURS<\/strong><\/h3>\n<h4 style=\"text-align: center;\"><strong><\/strong><\/h4>\n<h4 style=\"text-align: center;\"><\/h4>\n<h4 style=\"text-align: center;\">MONDAY\u00a0 \u00a0 12:00-1:30 pm \/ 6:00-10:00 pm<\/h4>\n<h4 style=\"text-align: center;\">THUSDAY\u00a0 \u00a0 \u00a0 \u00a0 \u00a0 \u00a0 \u00a0 \u00a0 \u00a0 \u00a0 \u00a0 \u00a0 \u00a0 \u00a0 \u00a0 \u00a0 \u00a0 \u00a0 \u00a0 \u00a0 \u00a0 \u00a0 \u00a0 \u00a0closed<\/h4>\n<h4 style=\"text-align: center;\">WEDNESDAY\u00a0 \u00a0 \u00a0 \u00a0 \u00a0 \u00a0 \u00a0 \u00a0 \u00a0 \u00a0 \u00a0 \u00a0 \u00a0 \u00a0 \u00a0 \u00a0 \u00a0 \u00a0 \u00a0 \u00a0 closed<\/h4>\n<h4 style=\"text-align: center;\">THURSDAY\u00a0 \u00a0 \u00a0 \u00a0 \u00a0 \u00a0 \u00a0 \u00a0 \u00a0 \u00a0 \u00a0 \u00a0 \u00a0 \u00a0 \u00a06:00-10:00 pm<\/h4>\n<h4 style=\"text-align: center;\">FRIDAY\u00a0 \u00a012:00-1:30 pm \/ 6:00-10:00 pm<\/h4>\n<h4 style=\"text-align: center;\">\u00a0SATURDAY12:00-1:30 pm \/ 6:00-10:00 pm<\/h4>\n<h4 style=\"text-align: center;\">\u00a0SUNDAY\u00a0 \u00a012:00-1:30 pm \/ 6:00-10:00 pm<\/h4>\n<h4 style=\"text-align: center;\"><\/h4>\n<h4 style=\"text-align: center;\"><span style=\"text-decoration: underline;\"><strong>OPEN ON PUBLIC HOLIDAYS<\/strong><\/span><\/h4>\n<h3 style=\"text-align: center;\"><\/h3>\n<h4 style=\"text-align: center;\"><\/h4>\n<h4 style=\"text-align: center;\">We look forward to your reservation.<\/h4>\n<h4 style=\"text-align: center;\">We welcome also guest older then 8 years.\u00a0<\/h4>\n<h4 style=\"text-align: center;\">Your Restaurant Duchardt-Team!<\/h4>\n<h3 style=\"text-align: center;\"><span style=\"font-size: 16px;\">Please use our online<\/span><\/h3>\n<h3 style=\"text-align: center;\"><a href=\"https:\/\/duchardt.at\/en\/reservation\/\">Table Reservation<\/a><\/h3>\n<p>&nbsp;<\/p>\n<h4 style=\"text-align: center;\"><span style=\"text-decoration: underline;\">For group enquiries, please send an e-mail to:<\/span><\/h4>\n<h4 style=\"text-align: center;\"><a href=\"mailto:reservierung@duchardt.at\">reservierung@duchardt.at<\/a><\/h4>\n<h4 style=\"text-align: center;\">We are also open on closed days for exclusive events and will be happy to assist you with the planning!<\/h4>\n<p>[\/et_pb_text][\/et_pb_column][et_pb_column type=&#8221;1_2&#8243; _builder_version=&#8221;4.18.0&#8243; _module_preset=&#8221;default&#8221; custom_padding=&#8221;||30px||false|false&#8221; border_width_left=&#8221;2px&#8221; border_color_left=&#8221;#E09900&#8243; border_width_left_tablet=&#8221;0px&#8221; border_width_left_phone=&#8221;0px&#8221; border_width_left_last_edited=&#8221;on|desktop&#8221; global_colors_info=&#8221;{}&#8221;][et_pb_image src=&#8221;https:\/\/duchardt.at\/wp-content\/uploads\/2023\/01\/Lokalfoto.jpg&#8221; alt=&#8221;Table at Restaurant Duchardt&#8221; title_text=&#8221;Table at Restaurant Duchardt&#8221; show_bottom_space=&#8221;off&#8221; align_tablet=&#8221;center&#8221; align_phone=&#8221;center&#8221; align_last_edited=&#8221;on|tablet&#8221; _builder_version=&#8221;4.18.0&#8243; _module_preset=&#8221;default&#8221; width_tablet=&#8221;&#8221; width_phone=&#8221;&#8221; width_last_edited=&#8221;on|phone&#8221; max_width=&#8221;526px&#8221; custom_margin=&#8221;30px||||false|false&#8221; custom_padding=&#8221;||||false|false&#8221; border_color_left=&#8221;#E09900&#8243; global_colors_info=&#8221;{}&#8221;][\/et_pb_image][\/et_pb_column][\/et_pb_row][et_pb_row column_structure=&#8221;1_2,1_2&#8243; use_custom_gutter=&#8221;on&#8221; gutter_width=&#8221;1&#8243; disabled_on=&#8221;on|on|on&#8221; admin_label=&#8221;Special&#8221; _builder_version=&#8221;4.18.0&#8243; _module_preset=&#8221;default&#8221; width_tablet=&#8221;57%&#8221; width_phone=&#8221;80%&#8221; width_last_edited=&#8221;on|tablet&#8221; min_height=&#8221;500px&#8221; custom_padding=&#8221;0px|0px|0px|0px|false|false&#8221; disabled=&#8221;on&#8221; global_colors_info=&#8221;{}&#8221;][et_pb_column type=&#8221;1_2&#8243; _builder_version=&#8221;4.18.0&#8243; _module_preset=&#8221;default&#8221; background_enable_image=&#8221;off&#8221; background_size=&#8221;custom&#8221; background_image_width=&#8221;460px&#8221; background_image_height=&#8221;460px&#8221; background_position=&#8221;center_right&#8221; custom_padding=&#8221;0px||20px||false|false&#8221; scroll_horizontal_motion=&#8221;0|50|50|100|4|0|-10&#8243; global_colors_info=&#8221;{}&#8221;][et_pb_image src=&#8221;https:\/\/duchardt.at\/wp-content\/uploads\/2023\/01\/Roastbeef-mit-Spargel_Valentinstag.jpg&#8221; alt=&#8221;Ansicht Restaurant&#8221; title_text=&#8221;Roastbeef&#8221; align=&#8221;right&#8221; admin_label=&#8221;Bild&#8221; _builder_version=&#8221;4.18.0&#8243; _module_preset=&#8221;default&#8221; width_last_edited=&#8221;off|desktop&#8221; max_width=&#8221;520px&#8221; custom_margin=&#8221;30px||0px||false|false&#8221; custom_padding=&#8221;||0px||false|false&#8221; global_colors_info=&#8221;{}&#8221;][\/et_pb_image][\/et_pb_column][et_pb_column type=&#8221;1_2&#8243; _builder_version=&#8221;4.18.0&#8243; _module_preset=&#8221;default&#8221; global_colors_info=&#8221;{}&#8221;][et_pb_text content_last_edited=&#8221;off|desktop&#8221; _builder_version=&#8221;4.18.0&#8243; _module_preset=&#8221;default&#8221; header_3_font=&#8221;Abel||||||||&#8221; header_3_text_color=&#8221;#E09900&#8243; header_3_font_size=&#8221;24px&#8221; header_3_line_height=&#8221;1.4em&#8221; header_4_font=&#8221;Abel||||||||&#8221; header_4_font_size=&#8221;22px&#8221; header_4_line_height=&#8221;1.4em&#8221; header_5_line_height=&#8221;1.3em&#8221; background_color=&#8221;#FFFFFF&#8221; max_width=&#8221;480px&#8221; module_alignment=&#8221;left&#8221; min_height=&#8221;580px&#8221; min_height_tablet=&#8221;480px&#8221; min_height_phone=&#8221;480px&#8221; min_height_last_edited=&#8221;on|desktop&#8221; custom_padding=&#8221;34px|||20px|false|false&#8221; custom_padding_tablet=&#8221;40px|0px||20px|false|false&#8221; custom_padding_phone=&#8221;29px|20px|38px|20px|false|false&#8221; custom_padding_last_edited=&#8221;on|desktop&#8221; header_3_font_tablet=&#8221;Abel||||||||&#8221; header_3_font_phone=&#8221;Abel||||||||&#8221; header_3_font_last_edited=&#8221;on|desktop&#8221; header_3_font_size_tablet=&#8221;24px&#8221; header_3_font_size_phone=&#8221;22px&#8221; header_3_font_size_last_edited=&#8221;on|phone&#8221; module_alignment_tablet=&#8221;center&#8221; module_alignment_phone=&#8221;center&#8221; module_alignment_last_edited=&#8221;on|phone&#8221; border_width_left=&#8221;2px&#8221; border_color_left=&#8221;#E09900&#8243; global_colors_info=&#8221;{}&#8221;]<\/p>\n<h3 style=\"text-align: center\"><\/h3>\n<p>&nbsp;<\/p>\n<h3 style=\"text-align: center\"><span style=\"color: #d49865\">Am Abend des 14. Februar servieren wir ein Valentinsmen\u00fc 4 Gang 89,- \/ 6 Gang 116,-<\/span><\/h3>\n<h3 style=\"text-align: center\"><span style=\"color: #d49865\">lassen Sie sich von uns kulinarisch verw\u00f6hnen und \u00fcberraschen. Wir freuen uns \u00fcber Ihren Besuch bei uns.<\/span><\/h3>\n<p>&nbsp;<\/p>\n<h5 style=\"text-align: center\">An diesem Tag bieten wir die vegetarische Variante unseres Men\u00fcs nur auf ausdr\u00fccklichen Wunsch an. Bitte geben Sie uns dies bereits bei der Reservierung bekannt. <\/h5>\n<h4 style=\"text-align: center\">Bitte n\u00fctzen Sie unsere online<\/h4>\n<h3 style=\"text-align: center\"><span style=\"color: #d49865\"><a href=\"https:\/\/duchardt.at\/en\/reservation\/\" style=\"color: #d49865\">Tischreservierung.<\/a><\/span><\/h3>\n<p>[\/et_pb_text][\/et_pb_column][\/et_pb_row][et_pb_row column_structure=&#8221;1_2,1_2&#8243; use_custom_gutter=&#8221;on&#8221; gutter_width=&#8221;1&#8243; disabled_on=&#8221;on|on|on&#8221; admin_label=&#8221;Urlaub&#8221; _builder_version=&#8221;4.20.4&#8243; _module_preset=&#8221;default&#8221; min_height=&#8221;500px&#8221; custom_margin=&#8221;||40px||false|false&#8221; custom_padding=&#8221;0px|0px||0px|false|false&#8221; disabled=&#8221;on&#8221; global_colors_info=&#8221;{}&#8221;][et_pb_column type=&#8221;1_2&#8243; _builder_version=&#8221;4.18.0&#8243; _module_preset=&#8221;default&#8221; background_enable_image=&#8221;off&#8221; background_size=&#8221;custom&#8221; background_image_width=&#8221;460px&#8221; background_image_height=&#8221;460px&#8221; background_position=&#8221;center_right&#8221; custom_padding=&#8221;0px||20px||false|false&#8221; scroll_horizontal_motion=&#8221;0|50|50|100|4|0|-10&#8243; global_colors_info=&#8221;{}&#8221;][et_pb_text content_tablet=&#8221;<\/p>\n<h3><\/h3>\n<\/p>\n<h4>WIR MACHEN URLAUB<\/h4>\n<h3>Von 24.12.2022 &#8211; 1.1.2023<br \/>haben wir geschlossen.<br \/>Wir tanken Kraft und Energie<br \/>f\u00fcr neue Kreativit\u00e4t.<\/h3>\n<h5>Erster Service im neuen Jahr:<br \/>Montag, 02.01.2023 ab 18 Uhr<\/h5>\n<p>&#8221; content_phone=&#8221;<\/p>\n<h4>WIR MACHEN URLAUB<\/h4>\n<h3>Von 24.12.2022 &#8211; 1.1.2023<br \/>haben wir geschlossen.<br \/>Wir tanken Kraft und Energie<br \/>f\u00fcr neue Kreativit\u00e4t.<\/h3>\n<h5>Erster Service im neuen Jahr:<br \/>Montag, 02.01.2023 ab 18 Uhr<\/h5>\n<p>&#8221; content_last_edited=&#8221;off|desktop&#8221; _builder_version=&#8221;4.18.0&#8243; _module_preset=&#8221;default&#8221; header_3_font=&#8221;Abel||||||||&#8221; header_3_text_color=&#8221;#d49865&#8243; header_3_font_size=&#8221;24px&#8221; header_4_font=&#8221;Abel||||||||&#8221; header_4_font_size=&#8221;22px&#8221; header_4_line_height=&#8221;1.4em&#8221; header_5_line_height=&#8221;1.3em&#8221; background_color=&#8221;#FFFFFF&#8221; max_width=&#8221;430px&#8221; module_alignment=&#8221;right&#8221; min_height_tablet=&#8221;&#8221; min_height_phone=&#8221;&#8221; min_height_last_edited=&#8221;on|tablet&#8221; custom_padding=&#8221;90px|||20px|false|false&#8221; custom_padding_tablet=&#8221;60px|0px|0px|0px|false|false&#8221; custom_padding_phone=&#8221;0px|20px|20px|20px|false|false&#8221; custom_padding_last_edited=&#8221;on|desktop&#8221; header_font_tablet=&#8221;&#8221; header_font_phone=&#8221;&#8221; header_font_last_edited=&#8221;on|phone&#8221; header_3_font_tablet=&#8221;Abel||||||||&#8221; header_3_font_phone=&#8221;Abel||||||||&#8221; header_3_font_last_edited=&#8221;on|desktop&#8221; header_3_font_size_tablet=&#8221;24px&#8221; header_3_font_size_phone=&#8221;22px&#8221; header_3_font_size_last_edited=&#8221;on|phone&#8221; module_alignment_tablet=&#8221;center&#8221; module_alignment_phone=&#8221;center&#8221; module_alignment_last_edited=&#8221;on|tablet&#8221; border_color_all=&#8221;RGBA(255,255,255,0)&#8221; border_color_left=&#8221;#E09900&#8243; border_radii_last_edited=&#8221;off|desktop&#8221; border_width_left_tablet=&#8221;2px&#8221; border_width_left_phone=&#8221;2px&#8221; border_width_left_last_edited=&#8221;on|tablet&#8221; locked=&#8221;off&#8221; global_colors_info=&#8221;{}&#8221;]<\/p>\n<h3 style=\"text-align: center\"><\/h3>\n<p>&nbsp;<\/p>\n<h3 id=\"urlaub\" style=\"text-align: center\">WIR MACHEN URLAUB<\/h3>\n<h4 style=\"text-align: center\">Von 08.04.23 bis 16.04.23<br \/>haben wir geschlossen.<br \/>Wir tanken Kraft und Energie<br \/>f\u00fcr neue Kreativit\u00e4t.<\/h4>\n<h4 style=\"text-align: center\">Erster Service nach Ostern:<br \/>Montag, 17.04.2023 ab 18 Uhr<\/h4>\n<p>[\/et_pb_text][\/et_pb_column][et_pb_column type=&#8221;1_2&#8243; _builder_version=&#8221;4.18.0&#8243; _module_preset=&#8221;default&#8221; custom_padding=&#8221;||30px||false|false&#8221; border_width_left=&#8221;2px&#8221; border_color_left=&#8221;#E09900&#8243; border_width_left_tablet=&#8221;0px&#8221; border_width_left_phone=&#8221;0px&#8221; border_width_left_last_edited=&#8221;on|desktop&#8221; global_colors_info=&#8221;{}&#8221;][et_pb_image src=&#8221;https:\/\/duchardt.at\/wp-content\/uploads\/2022\/10\/cropped-Duchardt_Favicon.png&#8221; alt=&#8221;Weihnachtsbaum in Mehl gemalt&#8221; title_text=&#8221;cropped-Duchardt_Favicon.png&#8221; show_bottom_space=&#8221;off&#8221; align_tablet=&#8221;center&#8221; align_phone=&#8221;center&#8221; align_last_edited=&#8221;on|tablet&#8221; _builder_version=&#8221;4.18.0&#8243; _module_preset=&#8221;default&#8221; width_tablet=&#8221;&#8221; width_phone=&#8221;&#8221; width_last_edited=&#8221;on|phone&#8221; max_width=&#8221;390px&#8221; custom_margin=&#8221;30px||||false|false&#8221; custom_padding=&#8221;||||false|false&#8221; border_color_left=&#8221;#E09900&#8243; global_colors_info=&#8221;{}&#8221;][\/et_pb_image][\/et_pb_column][\/et_pb_row][\/et_pb_section]<\/p>\n","protected":false},"excerpt":{"rendered":"<p>OPENING HOURS MONDAY\u00a0 \u00a0 12:00-1:30 pm \/ 6:00-10:00 pm THUSDAY\u00a0 \u00a0 \u00a0 \u00a0 \u00a0 \u00a0 \u00a0 \u00a0 \u00a0 \u00a0 \u00a0 \u00a0 \u00a0 \u00a0 \u00a0 \u00a0 \u00a0 \u00a0 \u00a0 \u00a0 \u00a0 \u00a0 \u00a0 \u00a0closed WEDNESDAY\u00a0 \u00a0 \u00a0 \u00a0 \u00a0 \u00a0 \u00a0 \u00a0 \u00a0 \u00a0 \u00a0 \u00a0 \u00a0 \u00a0 \u00a0 \u00a0 \u00a0 \u00a0 \u00a0 \u00a0 closed THURSDAY\u00a0 [&hellip;]<\/p>\n","protected":false},"author":1,"featured_media":0,"parent":0,"menu_order":0,"comment_status":"closed","ping_status":"closed","template":"","meta":{"_et_pb_use_builder":"on","_et_pb_old_content":"","_et_gb_content_width":"","inline_featured_image":false,"footnotes":""},"class_list":["post-657","page","type-page","status-publish","hentry"],"yoast_head":"<!-- This site is optimized with the Yoast SEO plugin v27.0 - https:\/\/yoast.com\/product\/yoast-seo-wordpress\/ -->\n<title>Opening Hours - Restaurant Duchardt<\/title>\n<meta name=\"robots\" content=\"index, follow, max-snippet:-1, max-image-preview:large, max-video-preview:-1\" \/>\n<link rel=\"canonical\" href=\"https:\/\/duchardt.at\/en\/oeffnungszeiten\/\" \/>\n<meta property=\"og:locale\" content=\"en_US\" \/>\n<meta property=\"og:type\" content=\"article\" \/>\n<meta property=\"og:title\" content=\"Opening Hours - Restaurant Duchardt\" \/>\n<meta property=\"og:description\" content=\"OPENING HOURS MONDAY\u00a0 \u00a0 12:00-1:30 pm \/ 6:00-10:00 pm THUSDAY\u00a0 \u00a0 \u00a0 \u00a0 \u00a0 \u00a0 \u00a0 \u00a0 \u00a0 \u00a0 \u00a0 \u00a0 \u00a0 \u00a0 \u00a0 \u00a0 \u00a0 \u00a0 \u00a0 \u00a0 \u00a0 \u00a0 \u00a0 \u00a0closed WEDNESDAY\u00a0 \u00a0 \u00a0 \u00a0 \u00a0 \u00a0 \u00a0 \u00a0 \u00a0 \u00a0 \u00a0 \u00a0 \u00a0 \u00a0 \u00a0 \u00a0 \u00a0 \u00a0 \u00a0 \u00a0 closed THURSDAY\u00a0 [&hellip;]\" \/>\n<meta property=\"og:url\" content=\"https:\/\/duchardt.at\/en\/oeffnungszeiten\/\" \/>\n<meta property=\"og:site_name\" content=\"Restaurant Duchardt\" \/>\n<meta property=\"article:publisher\" content=\"https:\/\/www.facebook.com\/people\/restaurantduchardt\/100090663853184\/\" \/>\n<meta property=\"article:modified_time\" content=\"2026-03-15T09:30:18+00:00\" \/>\n<meta name=\"twitter:card\" content=\"summary_large_image\" \/>\n<meta name=\"twitter:label1\" content=\"Est. reading time\" \/>\n\t<meta name=\"twitter:data1\" content=\"8 minutes\" \/>\n<script type=\"application\/ld+json\" class=\"yoast-schema-graph\">{\"@context\":\"https:\/\/schema.org\",\"@graph\":[{\"@type\":\"WebPage\",\"@id\":\"https:\/\/duchardt.at\/en\/oeffnungszeiten\/\",\"url\":\"https:\/\/duchardt.at\/en\/oeffnungszeiten\/\",\"name\":\"Opening Hours - Restaurant Duchardt\",\"isPartOf\":{\"@id\":\"https:\/\/duchardt.at\/#website\"},\"datePublished\":\"2022-11-18T12:07:38+00:00\",\"dateModified\":\"2026-03-15T09:30:18+00:00\",\"breadcrumb\":{\"@id\":\"https:\/\/duchardt.at\/en\/oeffnungszeiten\/#breadcrumb\"},\"inLanguage\":\"en-US\",\"potentialAction\":[{\"@type\":\"ReadAction\",\"target\":[\"https:\/\/duchardt.at\/en\/oeffnungszeiten\/\"]}]},{\"@type\":\"BreadcrumbList\",\"@id\":\"https:\/\/duchardt.at\/en\/oeffnungszeiten\/#breadcrumb\",\"itemListElement\":[{\"@type\":\"ListItem\",\"position\":1,\"name\":\"Startseite\",\"item\":\"https:\/\/duchardt.at\/en\/\"},{\"@type\":\"ListItem\",\"position\":2,\"name\":\"Opening Hours\"}]},{\"@type\":\"WebSite\",\"@id\":\"https:\/\/duchardt.at\/#website\",\"url\":\"https:\/\/duchardt.at\/\",\"name\":\"Restaurant Duchardt\",\"description\":\"\u00d6sterreichische und franz\u00f6sische K\u00fcche auf h\u00f6chstem Niveau\",\"publisher\":{\"@id\":\"https:\/\/duchardt.at\/#organization\"},\"potentialAction\":[{\"@type\":\"SearchAction\",\"target\":{\"@type\":\"EntryPoint\",\"urlTemplate\":\"https:\/\/duchardt.at\/?s={search_term_string}\"},\"query-input\":{\"@type\":\"PropertyValueSpecification\",\"valueRequired\":true,\"valueName\":\"search_term_string\"}}],\"inLanguage\":\"en-US\"},{\"@type\":\"Organization\",\"@id\":\"https:\/\/duchardt.at\/#organization\",\"name\":\"Restaurant Duchardt\",\"url\":\"https:\/\/duchardt.at\/\",\"logo\":{\"@type\":\"ImageObject\",\"inLanguage\":\"en-US\",\"@id\":\"https:\/\/duchardt.at\/#\/schema\/logo\/image\/\",\"url\":\"https:\/\/duchardt.at\/wp-content\/uploads\/2022\/10\/Duchardt_Logo_Header.svg\",\"contentUrl\":\"https:\/\/duchardt.at\/wp-content\/uploads\/2022\/10\/Duchardt_Logo_Header.svg\",\"width\":\"1024\",\"height\":\"1024\",\"caption\":\"Restaurant Duchardt\"},\"image\":{\"@id\":\"https:\/\/duchardt.at\/#\/schema\/logo\/image\/\"},\"sameAs\":[\"https:\/\/www.facebook.com\/people\/restaurantduchardt\/100090663853184\/\",\"https:\/\/www.instagram.com\/restaurantduchardt\/\"]}]}<\/script>\n<!-- \/ Yoast SEO plugin. -->","yoast_head_json":{"title":"Opening Hours - Restaurant Duchardt","robots":{"index":"index","follow":"follow","max-snippet":"max-snippet:-1","max-image-preview":"max-image-preview:large","max-video-preview":"max-video-preview:-1"},"canonical":"https:\/\/duchardt.at\/en\/oeffnungszeiten\/","og_locale":"en_US","og_type":"article","og_title":"Opening Hours - Restaurant Duchardt","og_description":"OPENING HOURS MONDAY\u00a0 \u00a0 12:00-1:30 pm \/ 6:00-10:00 pm THUSDAY\u00a0 \u00a0 \u00a0 \u00a0 \u00a0 \u00a0 \u00a0 \u00a0 \u00a0 \u00a0 \u00a0 \u00a0 \u00a0 \u00a0 \u00a0 \u00a0 \u00a0 \u00a0 \u00a0 \u00a0 \u00a0 \u00a0 \u00a0 \u00a0closed WEDNESDAY\u00a0 \u00a0 \u00a0 \u00a0 \u00a0 \u00a0 \u00a0 \u00a0 \u00a0 \u00a0 \u00a0 \u00a0 \u00a0 \u00a0 \u00a0 \u00a0 \u00a0 \u00a0 \u00a0 \u00a0 closed THURSDAY\u00a0 [&hellip;]","og_url":"https:\/\/duchardt.at\/en\/oeffnungszeiten\/","og_site_name":"Restaurant Duchardt","article_publisher":"https:\/\/www.facebook.com\/people\/restaurantduchardt\/100090663853184\/","article_modified_time":"2026-03-15T09:30:18+00:00","twitter_card":"summary_large_image","twitter_misc":{"Est. reading time":"8 minutes"},"schema":{"@context":"https:\/\/schema.org","@graph":[{"@type":"WebPage","@id":"https:\/\/duchardt.at\/en\/oeffnungszeiten\/","url":"https:\/\/duchardt.at\/en\/oeffnungszeiten\/","name":"Opening Hours - Restaurant Duchardt","isPartOf":{"@id":"https:\/\/duchardt.at\/#website"},"datePublished":"2022-11-18T12:07:38+00:00","dateModified":"2026-03-15T09:30:18+00:00","breadcrumb":{"@id":"https:\/\/duchardt.at\/en\/oeffnungszeiten\/#breadcrumb"},"inLanguage":"en-US","potentialAction":[{"@type":"ReadAction","target":["https:\/\/duchardt.at\/en\/oeffnungszeiten\/"]}]},{"@type":"BreadcrumbList","@id":"https:\/\/duchardt.at\/en\/oeffnungszeiten\/#breadcrumb","itemListElement":[{"@type":"ListItem","position":1,"name":"Startseite","item":"https:\/\/duchardt.at\/en\/"},{"@type":"ListItem","position":2,"name":"Opening Hours"}]},{"@type":"WebSite","@id":"https:\/\/duchardt.at\/#website","url":"https:\/\/duchardt.at\/","name":"Restaurant Duchardt","description":"\u00d6sterreichische und franz\u00f6sische K\u00fcche auf h\u00f6chstem Niveau","publisher":{"@id":"https:\/\/duchardt.at\/#organization"},"potentialAction":[{"@type":"SearchAction","target":{"@type":"EntryPoint","urlTemplate":"https:\/\/duchardt.at\/?s={search_term_string}"},"query-input":{"@type":"PropertyValueSpecification","valueRequired":true,"valueName":"search_term_string"}}],"inLanguage":"en-US"},{"@type":"Organization","@id":"https:\/\/duchardt.at\/#organization","name":"Restaurant Duchardt","url":"https:\/\/duchardt.at\/","logo":{"@type":"ImageObject","inLanguage":"en-US","@id":"https:\/\/duchardt.at\/#\/schema\/logo\/image\/","url":"https:\/\/duchardt.at\/wp-content\/uploads\/2022\/10\/Duchardt_Logo_Header.svg","contentUrl":"https:\/\/duchardt.at\/wp-content\/uploads\/2022\/10\/Duchardt_Logo_Header.svg","width":"1024","height":"1024","caption":"Restaurant Duchardt"},"image":{"@id":"https:\/\/duchardt.at\/#\/schema\/logo\/image\/"},"sameAs":["https:\/\/www.facebook.com\/people\/restaurantduchardt\/100090663853184\/","https:\/\/www.instagram.com\/restaurantduchardt\/"]}]}},"_links":{"self":[{"href":"https:\/\/duchardt.at\/en\/wp-json\/wp\/v2\/pages\/657","targetHints":{"allow":["GET"]}}],"collection":[{"href":"https:\/\/duchardt.at\/en\/wp-json\/wp\/v2\/pages"}],"about":[{"href":"https:\/\/duchardt.at\/en\/wp-json\/wp\/v2\/types\/page"}],"author":[{"embeddable":true,"href":"https:\/\/duchardt.at\/en\/wp-json\/wp\/v2\/users\/1"}],"replies":[{"embeddable":true,"href":"https:\/\/duchardt.at\/en\/wp-json\/wp\/v2\/comments?post=657"}],"version-history":[{"count":61,"href":"https:\/\/duchardt.at\/en\/wp-json\/wp\/v2\/pages\/657\/revisions"}],"predecessor-version":[{"id":3261,"href":"https:\/\/duchardt.at\/en\/wp-json\/wp\/v2\/pages\/657\/revisions\/3261"}],"wp:attachment":[{"href":"https:\/\/duchardt.at\/en\/wp-json\/wp\/v2\/media?parent=657"}],"curies":[{"name":"wp","href":"https:\/\/api.w.org\/{rel}","templated":true}]}}