{"id":652,"date":"2022-10-04T12:12:05","date_gmt":"2022-10-04T12:12:05","guid":{"rendered":"https:\/\/duchardt.at\/reservierung\/"},"modified":"2026-03-15T09:24:15","modified_gmt":"2026-03-15T09:24:15","slug":"reservierung","status":"publish","type":"page","link":"https:\/\/duchardt.at\/en\/reservierung\/","title":{"rendered":"Reservierung"},"content":{"rendered":"<p>[et_pb_section fb_built=&#8221;1&#8243; _builder_version=&#8221;4.18.0&#8243; _module_preset=&#8221;default&#8221; custom_padding=&#8221;10px||||false|false&#8221; global_colors_info=&#8221;{}&#8221;][et_pb_row _builder_version=&#8221;4.18.0&#8243; _module_preset=&#8221;default&#8221; custom_margin=&#8221;0px||0px||false|false&#8221; custom_padding=&#8221;||0px||false|false&#8221; global_colors_info=&#8221;{}&#8221;][et_pb_column type=&#8221;4_4&#8243; _builder_version=&#8221;4.18.0&#8243; _module_preset=&#8221;default&#8221; global_colors_info=&#8221;{}&#8221;][et_pb_text _builder_version=&#8221;4.18.0&#8243; _module_preset=&#8221;default&#8221; header_font=&#8221;Abel||||||||&#8221; global_colors_info=&#8221;{}&#8221;]<\/p>\n<h1 style=\"text-align: center;\">Online Tischreservierung<\/h1>\n<p>[\/et_pb_text][\/et_pb_column][\/et_pb_row][et_pb_row _builder_version=&#8221;4.18.0&#8243; _module_preset=&#8221;default&#8221; width=&#8221;480px&#8221; width_tablet=&#8221;480px&#8221; width_phone=&#8221;100%&#8221; width_last_edited=&#8221;on|phone&#8221; module_alignment=&#8221;center&#8221; max_height=&#8221;1365px&#8221; custom_padding=&#8221;0px|0px|0px|0px|false|false&#8221; border_width_all=&#8221;0px&#8221; border_radii_tablet=&#8221;&#8221; border_radii_phone=&#8221;&#8221; border_radii_last_edited=&#8221;on|phone&#8221; global_colors_info=&#8221;{}&#8221;][et_pb_column type=&#8221;4_4&#8243; _builder_version=&#8221;4.18.0&#8243; _module_preset=&#8221;default&#8221; global_colors_info=&#8221;{}&#8221;][et_pb_code raw_content_tablet=&#8221;<\/p>\n<div align=%22center%22><iframe src=%22https:\/\/module.lafourchette.com\/de_DE\/module\/752720-86593%22 style=%22width: 100%; min-height:800px; border:none; scrolling:yes;%22><\/iframe><\/div>\n<p><!--  \n\n<p align=%22center%22>Ihr Browser kann leider keine eingebetteten Frames anzeigen:\nSie k\u00f6nnen die eingebettete Seite \u00fcber den folgenden Verweis aufrufen:<\/br><\/br> \n<a href=%22https:\/\/module.lafourchette.com\/de_DE\/module\/752720-86593%22>TISCHRESERVIERUNG<\/a>\n<\/p>\n\n --><br \/>\n<\/iframe>&#8221; raw_content_phone=&#8221;<\/p>\n<div align=%22center%22><iframe src=%22https:\/\/module.lafourchette.com\/de_DE\/module\/752720-86593%22 style=%22width: 100%; min-height:800px; border:none; scrolling:yes;%22><\/iframe><\/div>\n<p><!--  \n\n<p align=%22center%22>Ihr Browser kann leider keine eingebetteten Frames anzeigen:\nSie k\u00f6nnen die eingebettete Seite \u00fcber den folgenden Verweis aufrufen:<\/br><\/br> \n<a href=%22https:\/\/module.lafourchette.com\/de_DE\/module\/752720-86593%22>TISCHRESERVIERUNG<\/a>\n<\/p>\n\n --><br \/>\n<\/iframe>&#8221; raw_content_last_edited=&#8221;off|desktop&#8221; _builder_version=&#8221;4.18.0&#8243; _module_preset=&#8221;default&#8221; global_colors_info=&#8221;{}&#8221;]<\/p>\n<div align=\"center\"><iframe src=\"https:\/\/module.lafourchette.com\/de_DE\/module\/752720-86593\" style=\"width: 100%; min-height:800px; border:none; scrolling:yes; align:center;\"><\/iframe><\/div>\n<p><!-- [et_pb_line_break_holder] --><!-- [et_pb_line_break_holder] --><!--  <pee align=\"center\">Ihr Browser kann leider keine eingebetteten Frames anzeigen:<!-- [et_pb_line_break_holder] -->Sie k\u00f6nnen die eingebettete Seite \u00fcber den folgenden Verweis aufrufen:<\/br><\/br> <!-- [et_pb_line_break_holder] --><a href=\"https:\/\/module.lafourchette.com\/de_DE\/module\/752720-86593\">TISCHRESERVIERUNG<\/a><!-- [et_pb_line_break_holder] --><\/pee> &#8211;><!-- [et_pb_line_break_holder] --><\/iframe>[\/et_pb_code][\/et_pb_column][\/et_pb_row][\/et_pb_section]<\/p>\n","protected":false},"excerpt":{"rendered":"<p>Online Tischreservierung<\/p>\n","protected":false},"author":1,"featured_media":0,"parent":0,"menu_order":0,"comment_status":"closed","ping_status":"closed","template":"","meta":{"_et_pb_use_builder":"on","_et_pb_old_content":"","_et_gb_content_width":"","inline_featured_image":false,"footnotes":""},"class_list":["post-652","page","type-page","status-publish","hentry"],"yoast_head":"<!-- This site is optimized with the Yoast SEO plugin v27.0 - https:\/\/yoast.com\/product\/yoast-seo-wordpress\/ -->\n<title>Reservierung - Restaurant Duchardt<\/title>\n<meta name=\"robots\" content=\"index, follow, max-snippet:-1, max-image-preview:large, max-video-preview:-1\" \/>\n<link rel=\"canonical\" href=\"https:\/\/duchardt.at\/reservierung\/\" \/>\n<meta property=\"og:locale\" content=\"en_US\" \/>\n<meta property=\"og:type\" content=\"article\" \/>\n<meta property=\"og:title\" content=\"Reservierung - Restaurant Duchardt\" \/>\n<meta property=\"og:description\" content=\"Online Tischreservierung\" \/>\n<meta property=\"og:url\" content=\"https:\/\/duchardt.at\/reservierung\/\" \/>\n<meta property=\"og:site_name\" content=\"Restaurant Duchardt\" \/>\n<meta property=\"article:publisher\" content=\"https:\/\/www.facebook.com\/people\/restaurantduchardt\/100090663853184\/\" \/>\n<meta property=\"article:modified_time\" content=\"2026-03-15T09:24:15+00:00\" \/>\n<meta name=\"twitter:card\" content=\"summary_large_image\" \/>\n<meta name=\"twitter:label1\" content=\"Est. reading time\" \/>\n\t<meta name=\"twitter:data1\" content=\"1 minute\" \/>\n<script type=\"application\/ld+json\" class=\"yoast-schema-graph\">{\"@context\":\"https:\/\/schema.org\",\"@graph\":[{\"@type\":\"WebPage\",\"@id\":\"https:\/\/duchardt.at\/reservierung\/\",\"url\":\"https:\/\/duchardt.at\/reservierung\/\",\"name\":\"Reservierung - Restaurant Duchardt\",\"isPartOf\":{\"@id\":\"https:\/\/duchardt.at\/#website\"},\"datePublished\":\"2022-10-04T12:12:05+00:00\",\"dateModified\":\"2026-03-15T09:24:15+00:00\",\"breadcrumb\":{\"@id\":\"https:\/\/duchardt.at\/reservierung\/#breadcrumb\"},\"inLanguage\":\"en-US\",\"potentialAction\":[{\"@type\":\"ReadAction\",\"target\":[\"https:\/\/duchardt.at\/reservierung\/\"]}]},{\"@type\":\"BreadcrumbList\",\"@id\":\"https:\/\/duchardt.at\/reservierung\/#breadcrumb\",\"itemListElement\":[{\"@type\":\"ListItem\",\"position\":1,\"name\":\"Startseite\",\"item\":\"https:\/\/duchardt.at\/en\/\"},{\"@type\":\"ListItem\",\"position\":2,\"name\":\"Reservierung\"}]},{\"@type\":\"WebSite\",\"@id\":\"https:\/\/duchardt.at\/#website\",\"url\":\"https:\/\/duchardt.at\/\",\"name\":\"Restaurant Duchardt\",\"description\":\"\u00d6sterreichische und franz\u00f6sische K\u00fcche auf h\u00f6chstem Niveau\",\"publisher\":{\"@id\":\"https:\/\/duchardt.at\/#organization\"},\"potentialAction\":[{\"@type\":\"SearchAction\",\"target\":{\"@type\":\"EntryPoint\",\"urlTemplate\":\"https:\/\/duchardt.at\/?s={search_term_string}\"},\"query-input\":{\"@type\":\"PropertyValueSpecification\",\"valueRequired\":true,\"valueName\":\"search_term_string\"}}],\"inLanguage\":\"en-US\"},{\"@type\":\"Organization\",\"@id\":\"https:\/\/duchardt.at\/#organization\",\"name\":\"Restaurant Duchardt\",\"url\":\"https:\/\/duchardt.at\/\",\"logo\":{\"@type\":\"ImageObject\",\"inLanguage\":\"en-US\",\"@id\":\"https:\/\/duchardt.at\/#\/schema\/logo\/image\/\",\"url\":\"https:\/\/duchardt.at\/wp-content\/uploads\/2022\/10\/Duchardt_Logo_Header.svg\",\"contentUrl\":\"https:\/\/duchardt.at\/wp-content\/uploads\/2022\/10\/Duchardt_Logo_Header.svg\",\"width\":\"1024\",\"height\":\"1024\",\"caption\":\"Restaurant Duchardt\"},\"image\":{\"@id\":\"https:\/\/duchardt.at\/#\/schema\/logo\/image\/\"},\"sameAs\":[\"https:\/\/www.facebook.com\/people\/restaurantduchardt\/100090663853184\/\",\"https:\/\/www.instagram.com\/restaurantduchardt\/\"]}]}<\/script>\n<!-- \/ Yoast SEO plugin. -->","yoast_head_json":{"title":"Reservierung - Restaurant Duchardt","robots":{"index":"index","follow":"follow","max-snippet":"max-snippet:-1","max-image-preview":"max-image-preview:large","max-video-preview":"max-video-preview:-1"},"canonical":"https:\/\/duchardt.at\/reservierung\/","og_locale":"en_US","og_type":"article","og_title":"Reservierung - Restaurant Duchardt","og_description":"Online Tischreservierung","og_url":"https:\/\/duchardt.at\/reservierung\/","og_site_name":"Restaurant Duchardt","article_publisher":"https:\/\/www.facebook.com\/people\/restaurantduchardt\/100090663853184\/","article_modified_time":"2026-03-15T09:24:15+00:00","twitter_card":"summary_large_image","twitter_misc":{"Est. reading time":"1 minute"},"schema":{"@context":"https:\/\/schema.org","@graph":[{"@type":"WebPage","@id":"https:\/\/duchardt.at\/reservierung\/","url":"https:\/\/duchardt.at\/reservierung\/","name":"Reservierung - Restaurant Duchardt","isPartOf":{"@id":"https:\/\/duchardt.at\/#website"},"datePublished":"2022-10-04T12:12:05+00:00","dateModified":"2026-03-15T09:24:15+00:00","breadcrumb":{"@id":"https:\/\/duchardt.at\/reservierung\/#breadcrumb"},"inLanguage":"en-US","potentialAction":[{"@type":"ReadAction","target":["https:\/\/duchardt.at\/reservierung\/"]}]},{"@type":"BreadcrumbList","@id":"https:\/\/duchardt.at\/reservierung\/#breadcrumb","itemListElement":[{"@type":"ListItem","position":1,"name":"Startseite","item":"https:\/\/duchardt.at\/en\/"},{"@type":"ListItem","position":2,"name":"Reservierung"}]},{"@type":"WebSite","@id":"https:\/\/duchardt.at\/#website","url":"https:\/\/duchardt.at\/","name":"Restaurant Duchardt","description":"\u00d6sterreichische und franz\u00f6sische K\u00fcche auf h\u00f6chstem Niveau","publisher":{"@id":"https:\/\/duchardt.at\/#organization"},"potentialAction":[{"@type":"SearchAction","target":{"@type":"EntryPoint","urlTemplate":"https:\/\/duchardt.at\/?s={search_term_string}"},"query-input":{"@type":"PropertyValueSpecification","valueRequired":true,"valueName":"search_term_string"}}],"inLanguage":"en-US"},{"@type":"Organization","@id":"https:\/\/duchardt.at\/#organization","name":"Restaurant Duchardt","url":"https:\/\/duchardt.at\/","logo":{"@type":"ImageObject","inLanguage":"en-US","@id":"https:\/\/duchardt.at\/#\/schema\/logo\/image\/","url":"https:\/\/duchardt.at\/wp-content\/uploads\/2022\/10\/Duchardt_Logo_Header.svg","contentUrl":"https:\/\/duchardt.at\/wp-content\/uploads\/2022\/10\/Duchardt_Logo_Header.svg","width":"1024","height":"1024","caption":"Restaurant Duchardt"},"image":{"@id":"https:\/\/duchardt.at\/#\/schema\/logo\/image\/"},"sameAs":["https:\/\/www.facebook.com\/people\/restaurantduchardt\/100090663853184\/","https:\/\/www.instagram.com\/restaurantduchardt\/"]}]}},"_links":{"self":[{"href":"https:\/\/duchardt.at\/en\/wp-json\/wp\/v2\/pages\/652","targetHints":{"allow":["GET"]}}],"collection":[{"href":"https:\/\/duchardt.at\/en\/wp-json\/wp\/v2\/pages"}],"about":[{"href":"https:\/\/duchardt.at\/en\/wp-json\/wp\/v2\/types\/page"}],"author":[{"embeddable":true,"href":"https:\/\/duchardt.at\/en\/wp-json\/wp\/v2\/users\/1"}],"replies":[{"embeddable":true,"href":"https:\/\/duchardt.at\/en\/wp-json\/wp\/v2\/comments?post=652"}],"version-history":[{"count":4,"href":"https:\/\/duchardt.at\/en\/wp-json\/wp\/v2\/pages\/652\/revisions"}],"predecessor-version":[{"id":3257,"href":"https:\/\/duchardt.at\/en\/wp-json\/wp\/v2\/pages\/652\/revisions\/3257"}],"wp:attachment":[{"href":"https:\/\/duchardt.at\/en\/wp-json\/wp\/v2\/media?parent=652"}],"curies":[{"name":"wp","href":"https:\/\/api.w.org\/{rel}","templated":true}]}}