{"id":648,"date":"2023-02-27T13:35:55","date_gmt":"2023-02-27T13:35:55","guid":{"rendered":"https:\/\/duchardt.at\/kueche-keller\/"},"modified":"2026-03-15T09:24:15","modified_gmt":"2026-03-15T09:24:15","slug":"kueche-keller","status":"publish","type":"page","link":"https:\/\/duchardt.at\/en\/kueche-keller\/","title":{"rendered":"K\u00fcche &#038; Keller"},"content":{"rendered":"<p>[et_pb_section fb_built=&#8221;1&#8243; _builder_version=&#8221;4.20.4&#8243; _module_preset=&#8221;default&#8221; custom_margin=&#8221;-2px|0px|-2px|0px|true|true&#8221; custom_padding=&#8221;0px|0px|0px|0px|true|true&#8221; global_colors_info=&#8221;{}&#8221;][et_pb_row _builder_version=&#8221;4.18.0&#8243; _module_preset=&#8221;default&#8221; background_color=&#8221;#000000&#8243; z_index=&#8221;20&#8243; width=&#8221;100%&#8221; custom_margin=&#8221;0px|0px|0px|0px|true|true&#8221; custom_padding=&#8221;0px|0px|0px|0px|true|true&#8221; global_colors_info=&#8221;{}&#8221;][et_pb_column type=&#8221;4_4&#8243; _builder_version=&#8221;4.18.0&#8243; _module_preset=&#8221;default&#8221; global_colors_info=&#8221;{}&#8221;][et_pb_slider _builder_version=&#8221;4.18.0&#8243; _module_preset=&#8221;default&#8221; background_color=&#8221;#ffffff&#8221; min_height_tablet=&#8221;&#8221; min_height_phone=&#8221;240px&#8221; min_height_last_edited=&#8221;on|phone&#8221; max_height=&#8221;450px&#8221; animation_style=&#8221;fade&#8221; animation_duration=&#8221;4500ms&#8221; auto=&#8221;on&#8221; auto_speed=&#8221;4500&#8243; hover_transition_duration=&#8221;4000ms&#8221; hover_transition_delay=&#8221;1000ms&#8221; global_colors_info=&#8221;{}&#8221;][et_pb_slide _builder_version=&#8221;4.18.0&#8243; _module_preset=&#8221;default&#8221; background_image=&#8221;https:\/\/duchardt.at\/wp-content\/uploads\/2022\/10\/Langusten_Medaillons_Fruehlingsgemuese.jpg&#8221; background_enable_image=&#8221;on&#8221; global_colors_info=&#8221;{}&#8221; sticky_transition=&#8221;on&#8221;][\/et_pb_slide][et_pb_slide _builder_version=&#8221;4.18.0&#8243; _module_preset=&#8221;default&#8221; background_color=&#8221;RGBA(255,255,255,0)&#8221; background_enable_color=&#8221;on&#8221; background_image=&#8221;https:\/\/duchardt.at\/wp-content\/uploads\/2022\/10\/Slider_01.jpg&#8221; background_enable_image=&#8221;on&#8221; global_colors_info=&#8221;{}&#8221; sticky_transition=&#8221;on&#8221;][\/et_pb_slide][et_pb_slide _builder_version=&#8221;4.18.0&#8243; _module_preset=&#8221;default&#8221; background_color=&#8221;RGBA(255,255,255,0)&#8221; background_enable_color=&#8221;on&#8221; background_image=&#8221;https:\/\/duchardt.at\/wp-content\/uploads\/2022\/10\/Slider_02.jpg&#8221; background_enable_image=&#8221;on&#8221; global_colors_info=&#8221;{}&#8221; sticky_transition=&#8221;on&#8221;][\/et_pb_slide][\/et_pb_slider][\/et_pb_column][\/et_pb_row][\/et_pb_section][et_pb_section fb_built=&#8221;1&#8243; _builder_version=&#8221;4.18.0&#8243; _module_preset=&#8221;default&#8221; global_colors_info=&#8221;{}&#8221;][et_pb_row column_structure=&#8221;1_2,1_2&#8243; use_custom_gutter=&#8221;on&#8221; gutter_width=&#8221;1&#8243; admin_label=&#8221;Special&#8221; _builder_version=&#8221;4.18.0&#8243; _module_preset=&#8221;default&#8221; width_tablet=&#8221;57%&#8221; width_phone=&#8221;80%&#8221; width_last_edited=&#8221;on|tablet&#8221; min_height=&#8221;500px&#8221; custom_padding=&#8221;0px|0px|0px|0px|false|false&#8221; global_colors_info=&#8221;{}&#8221;][et_pb_column type=&#8221;1_2&#8243; _builder_version=&#8221;4.18.0&#8243; _module_preset=&#8221;default&#8221; background_enable_image=&#8221;off&#8221; background_size=&#8221;custom&#8221; background_image_width=&#8221;460px&#8221; background_image_height=&#8221;460px&#8221; background_position=&#8221;center_right&#8221; custom_padding=&#8221;0px||20px||false|false&#8221; scroll_horizontal_motion=&#8221;0|50|50|100|4|0|-10&#8243; global_colors_info=&#8221;{}&#8221;][et_pb_image src=&#8221;https:\/\/duchardt.at\/wp-content\/uploads\/2023\/02\/Pic_Kueche.jpg&#8221; alt=&#8221;Fotos der Gerichte&#8221; title_text=&#8221;Pic_Kueche&#8221; align=&#8221;right&#8221; admin_label=&#8221;Bild&#8221; _builder_version=&#8221;4.18.0&#8243; _module_preset=&#8221;default&#8221; width_last_edited=&#8221;off|desktop&#8221; max_width=&#8221;520px&#8221; custom_margin=&#8221;30px||0px||false|false&#8221; custom_padding=&#8221;||0px||false|false&#8221; global_colors_info=&#8221;{}&#8221;][\/et_pb_image][\/et_pb_column][et_pb_column type=&#8221;1_2&#8243; _builder_version=&#8221;4.18.0&#8243; _module_preset=&#8221;default&#8221; global_colors_info=&#8221;{}&#8221;][et_pb_text content_tablet=&#8221;<\/p>\n<h4 style=%22text-align: center;%22>\u00d6FFNUNGSZEITEN<\/h4>\n<h3 style=%22text-align: center;%22>Mo 18:00\u201323:00 Uhr<br \/>Di-Fr 12:00\u201314:00 und<br \/>18:00\u201323:00 Uhr<br \/>Samstag, Sonntag und an Feiertagen geschlossen<\/h3>\n<\/p>\n<h4 style=%22text-align: center;%22>VORWEIHNACHTSZEIT<\/h4>\n<h3 style=%22text-align: center;%22>Im Advent sind wir an den Samstagen 3., 10. und 17. Dezember sowie am Donnerstag, den 8. Dezember, jeweils von 18:00-23:00 Uhr f\u00fcr Sie da.<\/h3>\n<\/p>\n<h3 style=%22text-align: center;%22>Wir freuen uns auf Ihren Besuch.<br \/>Bitte ben\u00fctzen Sie unsere online<br \/><a href=%22https:\/\/duchardt.at\/reservierung%22>Tischreservierung.<\/a><\/h3>\n<p>&#8221; content_phone=&#8221;<\/p>\n<h4 style=%22text-align: center;%22>VORWEIHNACHTS\u00ad\u00adZEIT<\/h4>\n<h3 style=%22text-align: center;%22>Im Advent sind wir an den Samstagen,<br \/>\n3., 10. und 17. Dezember sowie am Donnerstag, den 8. Dezember, jeweils von 18:00-23:00 Uhr f\u00fcr Sie da.<\/h3>\n<h5 style=%22text-align: center;%22>An diesen Tagen bieten wir die vegetarische Variante unseres Men\u00fcs nur auf ausdr\u00fccklichen Wunsch an. Bitte geben Sie uns dies bereits bei der Reservierung bekannt.<\/h5>\n<h3 style=%22text-align: center;%22>Wir freuen uns auf Ihren Besuch.<br \/>\nBitte n\u00fctzen Sie unsere online<\/h3>\n<h4 style=%22text-align: center;%22><a href=%22https:\/\/duchardt.at\/reservierung%22>Tischreservierung.<\/a><\/h4>\n<p>&#8221; content_last_edited=&#8221;off|desktop&#8221; _builder_version=&#8221;4.27.4&#8243; _module_preset=&#8221;default&#8221; header_3_font=&#8221;Abel||||||||&#8221; header_3_text_color=&#8221;#E09900&#8243; header_3_font_size=&#8221;24px&#8221; header_3_line_height=&#8221;1.4em&#8221; header_4_font=&#8221;Abel||||||||&#8221; header_4_font_size=&#8221;22px&#8221; header_4_line_height=&#8221;1.4em&#8221; header_5_font_size=&#8221;18px&#8221; header_5_line_height=&#8221;1.4em&#8221; background_color=&#8221;#FFFFFF&#8221; max_width=&#8221;480px&#8221; module_alignment=&#8221;left&#8221; min_height=&#8221;580px&#8221; min_height_tablet=&#8221;480px&#8221; min_height_phone=&#8221;480px&#8221; min_height_last_edited=&#8221;on|desktop&#8221; custom_padding=&#8221;34px|||20px|false|false&#8221; custom_padding_tablet=&#8221;40px|0px||20px|false|false&#8221; custom_padding_phone=&#8221;29px|20px|38px|20px|false|false&#8221; custom_padding_last_edited=&#8221;on|desktop&#8221; hover_enabled=&#8221;0&#8243; header_3_font_tablet=&#8221;Abel||||||||&#8221; header_3_font_phone=&#8221;Abel||||||||&#8221; header_3_font_last_edited=&#8221;on|desktop&#8221; header_3_font_size_tablet=&#8221;24px&#8221; header_3_font_size_phone=&#8221;22px&#8221; header_3_font_size_last_edited=&#8221;on|phone&#8221; module_alignment_tablet=&#8221;center&#8221; module_alignment_phone=&#8221;center&#8221; module_alignment_last_edited=&#8221;on|phone&#8221; border_width_left=&#8221;2px&#8221; border_color_left=&#8221;#E09900&#8243; global_colors_info=&#8221;{}&#8221; sticky_enabled=&#8221;0&#8243;]<\/p>\n<h3 style=\"text-align: center;\"><\/h3>\n<p>&nbsp;<\/p>\n<h3 style=\"text-align: center;\"><span style=\"color: #d49865;\">Leidenschaft!<\/span><\/h3>\n<h5 style=\"text-align: center;\">Sie ist es, die uns gleicherma\u00dfen antreibt und auszeichnet. Leidenschaft f\u00fcr frische, saisonale und m\u00f6glichst regionale Produkte mit ihren einzigartigen Aromen, die uns inspirieren und die wir aufwendig, als kleine Kunstwerke auf die Teller bringen. Kulinarischer Genuss ist garantiert, die K\u00fcche agiert raffiniert, ist in ihren Wurzeln \u00f6sterreichisch mit deutlich franz\u00f6sischem Einschlag \u2013 modern interpretiert.<\/h5>\n<h5 class=\"p1\" style=\"text-align: center;\">Ein aufmerksamer Service in einem ansprechenden Ambiente komplettiert die Symphonie f\u00fcr einen perfekten, gehobenen Lunch oder ein unvergessliches Dinner mit Freunden, Kollegen oder der Familie.<\/h5>\n<h4 style=\"text-align: center;\"><\/h4>\n<h4 style=\"text-align: center;\"><\/h4>\n<h4 style=\"text-align: center;\">Bitte n\u00fctzen Sie unsere online<\/h4>\n<h3 style=\"text-align: center;\"><span style=\"color: #d49865;\"><a href=\"https:\/\/duchardt.at\/en\/reservation\/\" style=\"color: #d49865;\">Tischreservierung.<\/a><\/span><\/h3>\n<p>[\/et_pb_text][\/et_pb_column][\/et_pb_row][et_pb_row column_structure=&#8221;1_2,1_2&#8243; use_custom_gutter=&#8221;on&#8221; gutter_width=&#8221;1&#8243; admin_label=&#8221;Special&#8221; _builder_version=&#8221;4.18.0&#8243; _module_preset=&#8221;default&#8221; width_tablet=&#8221;57%&#8221; width_phone=&#8221;80%&#8221; width_last_edited=&#8221;on|tablet&#8221; min_height=&#8221;500px&#8221; custom_padding=&#8221;0px|0px|0px|0px|false|false&#8221; global_colors_info=&#8221;{}&#8221;][et_pb_column type=&#8221;1_2&#8243; _builder_version=&#8221;4.18.0&#8243; _module_preset=&#8221;default&#8221; background_enable_image=&#8221;off&#8221; background_size=&#8221;custom&#8221; background_image_width=&#8221;460px&#8221; background_image_height=&#8221;460px&#8221; background_position=&#8221;center_right&#8221; custom_padding=&#8221;0px||20px||false|false&#8221; scroll_horizontal_motion=&#8221;0|50|50|100|4|0|-10&#8243; global_colors_info=&#8221;{}&#8221;][et_pb_text content_tablet=&#8221;<\/p>\n<h4 style=%22text-align: center;%22>\u00d6FFNUNGSZEITEN<\/h4>\n<h3 style=%22text-align: center;%22>Mo 18:00\u201323:00 Uhr<br \/>Di-Fr 12:00\u201314:00 und<br \/>18:00\u201323:00 Uhr<br \/>Samstag, Sonntag und an Feiertagen geschlossen<\/h3>\n<\/p>\n<h4 style=%22text-align: center;%22>VORWEIHNACHTSZEIT<\/h4>\n<h3 style=%22text-align: center;%22>Im Advent sind wir an den Samstagen 3., 10. und 17. Dezember sowie am Donnerstag, den 8. Dezember, jeweils von 18:00-23:00 Uhr f\u00fcr Sie da.<\/h3>\n<\/p>\n<h3 style=%22text-align: center;%22>Wir freuen uns auf Ihren Besuch.<br \/>Bitte ben\u00fctzen Sie unsere online<br \/><a href=%22https:\/\/duchardt.at\/reservierung%22>Tischreservierung.<\/a><\/h3>\n<p>&#8221; content_phone=&#8221;<\/p>\n<h4 style=%22text-align: center;%22>VORWEIHNACHTS\u00ad\u00adZEIT<\/h4>\n<h3 style=%22text-align: center;%22>Im Advent sind wir an den Samstagen,<br \/>\n3., 10. und 17. Dezember sowie am Donnerstag, den 8. Dezember, jeweils von 18:00-23:00 Uhr f\u00fcr Sie da.<\/h3>\n<h5 style=%22text-align: center;%22>An diesen Tagen bieten wir die vegetarische Variante unseres Men\u00fcs nur auf ausdr\u00fccklichen Wunsch an. Bitte geben Sie uns dies bereits bei der Reservierung bekannt.<\/h5>\n<h3 style=%22text-align: center;%22>Wir freuen uns auf Ihren Besuch.<br \/>\nBitte n\u00fctzen Sie unsere online<\/h3>\n<h4 style=%22text-align: center;%22><a href=%22https:\/\/duchardt.at\/reservierung%22>Tischreservierung.<\/a><\/h4>\n<p>&#8221; content_last_edited=&#8221;off|desktop&#8221; _builder_version=&#8221;4.18.0&#8243; _module_preset=&#8221;default&#8221; header_2_text_color=&#8221;#d49865&#8243; header_2_line_height=&#8221;1.2em&#8221; header_3_font=&#8221;Abel||||||||&#8221; header_3_line_height=&#8221;1.4em&#8221; header_4_font=&#8221;Abel||||||||&#8221; header_4_font_size=&#8221;22px&#8221; header_4_line_height=&#8221;1.4em&#8221; header_5_font_size=&#8221;18px&#8221; header_5_line_height=&#8221;1.4em&#8221; background_color=&#8221;#FFFFFF&#8221; text_orientation=&#8221;right&#8221; max_width=&#8221;520px&#8221; module_alignment=&#8221;right&#8221; min_height=&#8221;580px&#8221; min_height_tablet=&#8221;480px&#8221; min_height_phone=&#8221;480px&#8221; min_height_last_edited=&#8221;on|desktop&#8221; custom_padding=&#8221;30px|36px||10px|false|false&#8221; custom_padding_tablet=&#8221;40px|0px||20px|false|false&#8221; custom_padding_phone=&#8221;29px|20px|38px|20px|false|false&#8221; custom_padding_last_edited=&#8221;on|desktop&#8221; header_3_font_tablet=&#8221;Abel||||||||&#8221; header_3_font_phone=&#8221;Abel||||||||&#8221; header_3_font_last_edited=&#8221;on|desktop&#8221; header_3_font_size_tablet=&#8221;24px&#8221; header_3_font_size_phone=&#8221;22px&#8221; header_3_font_size_last_edited=&#8221;on|phone&#8221; module_alignment_tablet=&#8221;center&#8221; module_alignment_phone=&#8221;center&#8221; module_alignment_last_edited=&#8221;on|phone&#8221; border_color_right=&#8221;#E09900&#8243; border_color_left=&#8221;#E09900&#8243; locked=&#8221;off&#8221; global_colors_info=&#8221;{}&#8221;]<\/p>\n<h2 style=\"text-align: center;\">Die perfekten Begleiter<\/h2>\n<h5 class=\"p1\" style=\"text-align: center;\"><span class=\"s1\">Begleitet werden unsere Speisen von einem au\u00dfergew\u00f6hnlichen Weinangebot. Der Keller bietet prickelende Champagner, trinkfreudige Wei\u00dfweine und selbstverst\u00e4ndlich gereifte Rotweine. <\/span><\/h5>\n<h5 class=\"p1\" style=\"text-align: center;\"><span class=\"s1\">Die Besten der Besten aus den Top-Weinbaugebieten Frankreichs, aus \u00d6sterreich, Italien, Deutschland, Spanien oder Portugal, versprechen h\u00f6chsten Genuss im Glas.<br \/><\/span><span class=\"s1\">Chile, Amerika, Australien und die Schweiz sind ebenso vertreten. <\/span><span class=\"s1\"><\/span><\/h5>\n<h5 class=\"p1\" style=\"text-align: center;\"><span class=\"s1\">Gustieren Sie durch unsere umfangreiche Weinkarte oder lassen Sie sich durch unsere Sommeli\u00e8r eine exzellente Weinbegleitung zusammenstellen.<\/span><\/h5>\n<p>[\/et_pb_text][\/et_pb_column][et_pb_column type=&#8221;1_2&#8243; _builder_version=&#8221;4.18.0&#8243; _module_preset=&#8221;default&#8221; global_colors_info=&#8221;{}&#8221;][et_pb_image src=&#8221;https:\/\/duchardt.at\/wp-content\/uploads\/2023\/02\/Pic_wein.jpg&#8221; alt=&#8221;Foto Weinkeller mit Bordeaux&#8221; title_text=&#8221;Pic_wein&#8221; _builder_version=&#8221;4.18.0&#8243; _module_preset=&#8221;default&#8221; custom_margin=&#8221;||||false|false&#8221; custom_padding=&#8221;0px||20px||false|false&#8221; border_color_all=&#8221;RGBA(255,255,255,0)&#8221; border_width_left=&#8221;2px&#8221; border_color_left=&#8221;#e09900&#8243; border_style_left=&#8221;outset&#8221; global_colors_info=&#8221;{}&#8221;][\/et_pb_image][\/et_pb_column][\/et_pb_row][\/et_pb_section]<\/p>\n","protected":false},"excerpt":{"rendered":"<p>Leidenschaft f\u00fcr frische, saisonale und m\u00f6glichst regionale Produkte mit ihren einzigartigen Aromen, die uns im Restaurant Duchardt inspirieren und die wir aufw\u00e4ndig, als kleine Kunstwerke auf die Teller bringen. Kulinarischer Genuss ist garantiert, die K\u00fcche agiert raffiniert, ist in ihren Wurzeln \u00f6sterreichisch mit deutlich franz\u00f6sischem Einschlag \u2013 modern interpretiert. <\/p>\n","protected":false},"author":1,"featured_media":0,"parent":0,"menu_order":0,"comment_status":"closed","ping_status":"closed","template":"","meta":{"_et_pb_use_builder":"on","_et_pb_old_content":"","_et_gb_content_width":"","inline_featured_image":false,"footnotes":""},"class_list":["post-648","page","type-page","status-publish","hentry"],"yoast_head":"<!-- This site is optimized with the Yoast SEO plugin v27.0 - https:\/\/yoast.com\/product\/yoast-seo-wordpress\/ -->\n<title>K\u00fcche &amp; Keller - Restaurant Duchardt<\/title>\n<meta name=\"robots\" content=\"index, follow, max-snippet:-1, max-image-preview:large, max-video-preview:-1\" \/>\n<link rel=\"canonical\" href=\"https:\/\/duchardt.at\/kueche-keller\/\" \/>\n<meta property=\"og:locale\" content=\"en_US\" \/>\n<meta property=\"og:type\" content=\"article\" \/>\n<meta property=\"og:title\" content=\"K\u00fcche &amp; Keller - Restaurant Duchardt\" \/>\n<meta property=\"og:description\" content=\"Leidenschaft f\u00fcr frische, saisonale und m\u00f6glichst regionale Produkte mit ihren einzigartigen Aromen, die uns im Restaurant Duchardt inspirieren und die wir aufw\u00e4ndig, als kleine Kunstwerke auf die Teller bringen. Kulinarischer Genuss ist garantiert, die K\u00fcche agiert raffiniert, ist in ihren Wurzeln \u00f6sterreichisch mit deutlich franz\u00f6sischem Einschlag \u2013 modern interpretiert.\" \/>\n<meta property=\"og:url\" content=\"https:\/\/duchardt.at\/kueche-keller\/\" \/>\n<meta property=\"og:site_name\" content=\"Restaurant Duchardt\" \/>\n<meta property=\"article:publisher\" content=\"https:\/\/www.facebook.com\/people\/restaurantduchardt\/100090663853184\/\" \/>\n<meta property=\"article:modified_time\" content=\"2026-03-15T09:24:15+00:00\" \/>\n<meta name=\"twitter:card\" content=\"summary_large_image\" \/>\n<meta name=\"twitter:label1\" content=\"Est. reading time\" \/>\n\t<meta name=\"twitter:data1\" content=\"7 minutes\" \/>\n<script type=\"application\/ld+json\" class=\"yoast-schema-graph\">{\"@context\":\"https:\/\/schema.org\",\"@graph\":[{\"@type\":\"WebPage\",\"@id\":\"https:\/\/duchardt.at\/kueche-keller\/\",\"url\":\"https:\/\/duchardt.at\/kueche-keller\/\",\"name\":\"K\u00fcche & Keller - Restaurant Duchardt\",\"isPartOf\":{\"@id\":\"https:\/\/duchardt.at\/#website\"},\"datePublished\":\"2023-02-27T13:35:55+00:00\",\"dateModified\":\"2026-03-15T09:24:15+00:00\",\"breadcrumb\":{\"@id\":\"https:\/\/duchardt.at\/kueche-keller\/#breadcrumb\"},\"inLanguage\":\"en-US\",\"potentialAction\":[{\"@type\":\"ReadAction\",\"target\":[\"https:\/\/duchardt.at\/kueche-keller\/\"]}]},{\"@type\":\"BreadcrumbList\",\"@id\":\"https:\/\/duchardt.at\/kueche-keller\/#breadcrumb\",\"itemListElement\":[{\"@type\":\"ListItem\",\"position\":1,\"name\":\"Startseite\",\"item\":\"https:\/\/duchardt.at\/en\/\"},{\"@type\":\"ListItem\",\"position\":2,\"name\":\"K\u00fcche &#038; Keller\"}]},{\"@type\":\"WebSite\",\"@id\":\"https:\/\/duchardt.at\/#website\",\"url\":\"https:\/\/duchardt.at\/\",\"name\":\"Restaurant Duchardt\",\"description\":\"\u00d6sterreichische und franz\u00f6sische K\u00fcche auf h\u00f6chstem Niveau\",\"publisher\":{\"@id\":\"https:\/\/duchardt.at\/#organization\"},\"potentialAction\":[{\"@type\":\"SearchAction\",\"target\":{\"@type\":\"EntryPoint\",\"urlTemplate\":\"https:\/\/duchardt.at\/?s={search_term_string}\"},\"query-input\":{\"@type\":\"PropertyValueSpecification\",\"valueRequired\":true,\"valueName\":\"search_term_string\"}}],\"inLanguage\":\"en-US\"},{\"@type\":\"Organization\",\"@id\":\"https:\/\/duchardt.at\/#organization\",\"name\":\"Restaurant Duchardt\",\"url\":\"https:\/\/duchardt.at\/\",\"logo\":{\"@type\":\"ImageObject\",\"inLanguage\":\"en-US\",\"@id\":\"https:\/\/duchardt.at\/#\/schema\/logo\/image\/\",\"url\":\"https:\/\/duchardt.at\/wp-content\/uploads\/2022\/10\/Duchardt_Logo_Header.svg\",\"contentUrl\":\"https:\/\/duchardt.at\/wp-content\/uploads\/2022\/10\/Duchardt_Logo_Header.svg\",\"width\":\"1024\",\"height\":\"1024\",\"caption\":\"Restaurant Duchardt\"},\"image\":{\"@id\":\"https:\/\/duchardt.at\/#\/schema\/logo\/image\/\"},\"sameAs\":[\"https:\/\/www.facebook.com\/people\/restaurantduchardt\/100090663853184\/\",\"https:\/\/www.instagram.com\/restaurantduchardt\/\"]}]}<\/script>\n<!-- \/ Yoast SEO plugin. -->","yoast_head_json":{"title":"K\u00fcche & Keller - Restaurant Duchardt","robots":{"index":"index","follow":"follow","max-snippet":"max-snippet:-1","max-image-preview":"max-image-preview:large","max-video-preview":"max-video-preview:-1"},"canonical":"https:\/\/duchardt.at\/kueche-keller\/","og_locale":"en_US","og_type":"article","og_title":"K\u00fcche & Keller - Restaurant Duchardt","og_description":"Leidenschaft f\u00fcr frische, saisonale und m\u00f6glichst regionale Produkte mit ihren einzigartigen Aromen, die uns im Restaurant Duchardt inspirieren und die wir aufw\u00e4ndig, als kleine Kunstwerke auf die Teller bringen. Kulinarischer Genuss ist garantiert, die K\u00fcche agiert raffiniert, ist in ihren Wurzeln \u00f6sterreichisch mit deutlich franz\u00f6sischem Einschlag \u2013 modern interpretiert.","og_url":"https:\/\/duchardt.at\/kueche-keller\/","og_site_name":"Restaurant Duchardt","article_publisher":"https:\/\/www.facebook.com\/people\/restaurantduchardt\/100090663853184\/","article_modified_time":"2026-03-15T09:24:15+00:00","twitter_card":"summary_large_image","twitter_misc":{"Est. reading time":"7 minutes"},"schema":{"@context":"https:\/\/schema.org","@graph":[{"@type":"WebPage","@id":"https:\/\/duchardt.at\/kueche-keller\/","url":"https:\/\/duchardt.at\/kueche-keller\/","name":"K\u00fcche & Keller - Restaurant Duchardt","isPartOf":{"@id":"https:\/\/duchardt.at\/#website"},"datePublished":"2023-02-27T13:35:55+00:00","dateModified":"2026-03-15T09:24:15+00:00","breadcrumb":{"@id":"https:\/\/duchardt.at\/kueche-keller\/#breadcrumb"},"inLanguage":"en-US","potentialAction":[{"@type":"ReadAction","target":["https:\/\/duchardt.at\/kueche-keller\/"]}]},{"@type":"BreadcrumbList","@id":"https:\/\/duchardt.at\/kueche-keller\/#breadcrumb","itemListElement":[{"@type":"ListItem","position":1,"name":"Startseite","item":"https:\/\/duchardt.at\/en\/"},{"@type":"ListItem","position":2,"name":"K\u00fcche &#038; Keller"}]},{"@type":"WebSite","@id":"https:\/\/duchardt.at\/#website","url":"https:\/\/duchardt.at\/","name":"Restaurant Duchardt","description":"\u00d6sterreichische und franz\u00f6sische K\u00fcche auf h\u00f6chstem Niveau","publisher":{"@id":"https:\/\/duchardt.at\/#organization"},"potentialAction":[{"@type":"SearchAction","target":{"@type":"EntryPoint","urlTemplate":"https:\/\/duchardt.at\/?s={search_term_string}"},"query-input":{"@type":"PropertyValueSpecification","valueRequired":true,"valueName":"search_term_string"}}],"inLanguage":"en-US"},{"@type":"Organization","@id":"https:\/\/duchardt.at\/#organization","name":"Restaurant Duchardt","url":"https:\/\/duchardt.at\/","logo":{"@type":"ImageObject","inLanguage":"en-US","@id":"https:\/\/duchardt.at\/#\/schema\/logo\/image\/","url":"https:\/\/duchardt.at\/wp-content\/uploads\/2022\/10\/Duchardt_Logo_Header.svg","contentUrl":"https:\/\/duchardt.at\/wp-content\/uploads\/2022\/10\/Duchardt_Logo_Header.svg","width":"1024","height":"1024","caption":"Restaurant Duchardt"},"image":{"@id":"https:\/\/duchardt.at\/#\/schema\/logo\/image\/"},"sameAs":["https:\/\/www.facebook.com\/people\/restaurantduchardt\/100090663853184\/","https:\/\/www.instagram.com\/restaurantduchardt\/"]}]}},"_links":{"self":[{"href":"https:\/\/duchardt.at\/en\/wp-json\/wp\/v2\/pages\/648","targetHints":{"allow":["GET"]}}],"collection":[{"href":"https:\/\/duchardt.at\/en\/wp-json\/wp\/v2\/pages"}],"about":[{"href":"https:\/\/duchardt.at\/en\/wp-json\/wp\/v2\/types\/page"}],"author":[{"embeddable":true,"href":"https:\/\/duchardt.at\/en\/wp-json\/wp\/v2\/users\/1"}],"replies":[{"embeddable":true,"href":"https:\/\/duchardt.at\/en\/wp-json\/wp\/v2\/comments?post=648"}],"version-history":[{"count":8,"href":"https:\/\/duchardt.at\/en\/wp-json\/wp\/v2\/pages\/648\/revisions"}],"predecessor-version":[{"id":3259,"href":"https:\/\/duchardt.at\/en\/wp-json\/wp\/v2\/pages\/648\/revisions\/3259"}],"wp:attachment":[{"href":"https:\/\/duchardt.at\/en\/wp-json\/wp\/v2\/media?parent=648"}],"curies":[{"name":"wp","href":"https:\/\/api.w.org\/{rel}","templated":true}]}}