{"id":643,"date":"2022-10-04T13:04:50","date_gmt":"2022-10-04T13:04:50","guid":{"rendered":"https:\/\/duchardt.at\/marcus-duchardt\/"},"modified":"2023-04-21T13:58:53","modified_gmt":"2023-04-21T13:58:53","slug":"marcus-duchardt","status":"publish","type":"page","link":"https:\/\/duchardt.at\/en\/marcus-duchardt\/","title":{"rendered":"Career Stations"},"content":{"rendered":"<p>[et_pb_section fb_built=&#8221;1&#8243; _builder_version=&#8221;4.18.0&#8243; _module_preset=&#8221;default&#8221; global_colors_info=&#8221;{}&#8221;][et_pb_row column_structure=&#8221;2_5,3_5&#8243; _builder_version=&#8221;4.18.0&#8243; _module_preset=&#8221;default&#8221; global_colors_info=&#8221;{}&#8221;][et_pb_column type=&#8221;2_5&#8243; _builder_version=&#8221;4.18.0&#8243; _module_preset=&#8221;default&#8221; global_colors_info=&#8221;{}&#8221;][et_pb_image src=&#8221;https:\/\/duchardt.at\/wp-content\/uploads\/2022\/10\/Marcus-Duchardt-Portrait.jpg&#8221; alt=&#8221;Marcus Duchardt&#8221; title_text=&#8221;Marcus-Duchardt&#8221; _builder_version=&#8221;4.18.0&#8243; _module_preset=&#8221;default&#8221; global_colors_info=&#8221;{}&#8221;][\/et_pb_image][\/et_pb_column][et_pb_column type=&#8221;3_5&#8243; _builder_version=&#8221;4.18.0&#8243; _module_preset=&#8221;default&#8221; global_colors_info=&#8221;{}&#8221;][et_pb_text _builder_version=&#8221;4.18.0&#8243; _module_preset=&#8221;default&#8221; header_font=&#8221;Abel||||||||&#8221; header_font_size=&#8221;32px&#8221; custom_padding=&#8221;60px||||false|false&#8221; global_colors_info=&#8221;{}&#8221;]<\/p>\n<h1>Marcus Duchardt<\/h1>\n<p class=\"P68B1DB1-EinfAbs1\">CAREERS (selection)<\/p>\n<p>Chef St. Peter Stiftskulinarium<br \/>2 toques awarded by Gault Millau &#8216;Restaurant 803&#8217;, Salzburg<\/p>\n<p>Chef Hochfirst 5* Resort<br \/>3 toques awarded by Gault Millau, Obergurgel \u00d6tztal<\/p>\n<p>Chef Zillerseasons 5 * <span>Posthotel und Malis Garten Green Spa Hotel<br \/><\/span>2 toques awarded by Gault Millau &#8216;Restaurant Heleni&#8217;, Zell im Zillertal<\/p>\n<p>Sous-chef &#8216;Kempinski vier Jahreszeiten&#8217;, Munich at &#8216;Restaurant Schwarzreiter&#8217;,<br \/>15\/20 Gault Millaut Points<\/p>\n<p>Sous-chef &#8216;Restaurant Atelier &#8216;(1 star awarded by Guide Michelin) and &#8216;Garden&#8217; from &#8216;Bayerischen Hof&#8217;, Munich<\/p>\n<p>Chef de Partie at Restaurant &#8216;Tristan&#8217; (2 stars awarded by Guide Michelin), Mallorca, Spain<\/p>\n<p>[\/et_pb_text][\/et_pb_column][\/et_pb_row][\/et_pb_section]<\/p>\n","protected":false},"excerpt":{"rendered":"<p>Marcus Duchardt CAREERS (selection) Chef St. Peter Stiftskulinarium2 toques awarded by Gault Millau &#8216;Restaurant 803&#8217;, Salzburg Chef Hochfirst 5* Resort3 toques awarded by Gault Millau, Obergurgel \u00d6tztal Chef Zillerseasons 5 * Posthotel und Malis Garten Green Spa Hotel2 toques awarded by Gault Millau &#8216;Restaurant Heleni&#8217;, Zell im Zillertal Sous-chef &#8216;Kempinski vier Jahreszeiten&#8217;, Munich at &#8216;Restaurant [&hellip;]<\/p>\n","protected":false},"author":1,"featured_media":0,"parent":0,"menu_order":0,"comment_status":"closed","ping_status":"closed","template":"","meta":{"_et_pb_use_builder":"on","_et_pb_old_content":"","_et_gb_content_width":"","inline_featured_image":false,"footnotes":""},"class_list":["post-643","page","type-page","status-publish","hentry"],"yoast_head":"<!-- This site is optimized with the Yoast SEO plugin v27.0 - https:\/\/yoast.com\/product\/yoast-seo-wordpress\/ -->\n<title>Career Stations - Restaurant Duchardt<\/title>\n<meta name=\"robots\" content=\"index, follow, max-snippet:-1, max-image-preview:large, max-video-preview:-1\" \/>\n<link rel=\"canonical\" href=\"https:\/\/duchardt.at\/en\/marcus-duchardt\/\" \/>\n<meta property=\"og:locale\" content=\"en_US\" \/>\n<meta property=\"og:type\" content=\"article\" \/>\n<meta property=\"og:title\" content=\"Career Stations - Restaurant Duchardt\" \/>\n<meta property=\"og:description\" content=\"Marcus Duchardt CAREERS (selection) Chef St. Peter Stiftskulinarium2 toques awarded by Gault Millau &#039;Restaurant 803&#039;, Salzburg Chef Hochfirst 5* Resort3 toques awarded by Gault Millau, Obergurgel \u00d6tztal Chef Zillerseasons 5 * Posthotel und Malis Garten Green Spa Hotel2 toques awarded by Gault Millau &#039;Restaurant Heleni&#039;, Zell im Zillertal Sous-chef &#039;Kempinski vier Jahreszeiten&#039;, Munich at &#039;Restaurant [&hellip;]\" \/>\n<meta property=\"og:url\" content=\"https:\/\/duchardt.at\/en\/marcus-duchardt\/\" \/>\n<meta property=\"og:site_name\" content=\"Restaurant Duchardt\" \/>\n<meta property=\"article:publisher\" content=\"https:\/\/www.facebook.com\/people\/restaurantduchardt\/100090663853184\/\" \/>\n<meta property=\"article:modified_time\" content=\"2023-04-21T13:58:53+00:00\" \/>\n<meta name=\"twitter:card\" content=\"summary_large_image\" \/>\n<meta name=\"twitter:label1\" content=\"Est. reading time\" \/>\n\t<meta name=\"twitter:data1\" content=\"1 minute\" \/>\n<script type=\"application\/ld+json\" class=\"yoast-schema-graph\">{\"@context\":\"https:\/\/schema.org\",\"@graph\":[{\"@type\":\"WebPage\",\"@id\":\"https:\/\/duchardt.at\/en\/marcus-duchardt\/\",\"url\":\"https:\/\/duchardt.at\/en\/marcus-duchardt\/\",\"name\":\"Career Stations - Restaurant Duchardt\",\"isPartOf\":{\"@id\":\"https:\/\/duchardt.at\/#website\"},\"datePublished\":\"2022-10-04T13:04:50+00:00\",\"dateModified\":\"2023-04-21T13:58:53+00:00\",\"breadcrumb\":{\"@id\":\"https:\/\/duchardt.at\/en\/marcus-duchardt\/#breadcrumb\"},\"inLanguage\":\"en-US\",\"potentialAction\":[{\"@type\":\"ReadAction\",\"target\":[\"https:\/\/duchardt.at\/en\/marcus-duchardt\/\"]}]},{\"@type\":\"BreadcrumbList\",\"@id\":\"https:\/\/duchardt.at\/en\/marcus-duchardt\/#breadcrumb\",\"itemListElement\":[{\"@type\":\"ListItem\",\"position\":1,\"name\":\"Startseite\",\"item\":\"https:\/\/duchardt.at\/en\/\"},{\"@type\":\"ListItem\",\"position\":2,\"name\":\"Career Stations\"}]},{\"@type\":\"WebSite\",\"@id\":\"https:\/\/duchardt.at\/#website\",\"url\":\"https:\/\/duchardt.at\/\",\"name\":\"Restaurant Duchardt\",\"description\":\"\u00d6sterreichische und franz\u00f6sische K\u00fcche auf h\u00f6chstem Niveau\",\"publisher\":{\"@id\":\"https:\/\/duchardt.at\/#organization\"},\"potentialAction\":[{\"@type\":\"SearchAction\",\"target\":{\"@type\":\"EntryPoint\",\"urlTemplate\":\"https:\/\/duchardt.at\/?s={search_term_string}\"},\"query-input\":{\"@type\":\"PropertyValueSpecification\",\"valueRequired\":true,\"valueName\":\"search_term_string\"}}],\"inLanguage\":\"en-US\"},{\"@type\":\"Organization\",\"@id\":\"https:\/\/duchardt.at\/#organization\",\"name\":\"Restaurant Duchardt\",\"url\":\"https:\/\/duchardt.at\/\",\"logo\":{\"@type\":\"ImageObject\",\"inLanguage\":\"en-US\",\"@id\":\"https:\/\/duchardt.at\/#\/schema\/logo\/image\/\",\"url\":\"https:\/\/duchardt.at\/wp-content\/uploads\/2022\/10\/Duchardt_Logo_Header.svg\",\"contentUrl\":\"https:\/\/duchardt.at\/wp-content\/uploads\/2022\/10\/Duchardt_Logo_Header.svg\",\"width\":\"1024\",\"height\":\"1024\",\"caption\":\"Restaurant Duchardt\"},\"image\":{\"@id\":\"https:\/\/duchardt.at\/#\/schema\/logo\/image\/\"},\"sameAs\":[\"https:\/\/www.facebook.com\/people\/restaurantduchardt\/100090663853184\/\",\"https:\/\/www.instagram.com\/restaurantduchardt\/\"]}]}<\/script>\n<!-- \/ Yoast SEO plugin. -->","yoast_head_json":{"title":"Career Stations - Restaurant Duchardt","robots":{"index":"index","follow":"follow","max-snippet":"max-snippet:-1","max-image-preview":"max-image-preview:large","max-video-preview":"max-video-preview:-1"},"canonical":"https:\/\/duchardt.at\/en\/marcus-duchardt\/","og_locale":"en_US","og_type":"article","og_title":"Career Stations - Restaurant Duchardt","og_description":"Marcus Duchardt CAREERS (selection) Chef St. Peter Stiftskulinarium2 toques awarded by Gault Millau 'Restaurant 803', Salzburg Chef Hochfirst 5* Resort3 toques awarded by Gault Millau, Obergurgel \u00d6tztal Chef Zillerseasons 5 * Posthotel und Malis Garten Green Spa Hotel2 toques awarded by Gault Millau 'Restaurant Heleni', Zell im Zillertal Sous-chef 'Kempinski vier Jahreszeiten', Munich at 'Restaurant [&hellip;]","og_url":"https:\/\/duchardt.at\/en\/marcus-duchardt\/","og_site_name":"Restaurant Duchardt","article_publisher":"https:\/\/www.facebook.com\/people\/restaurantduchardt\/100090663853184\/","article_modified_time":"2023-04-21T13:58:53+00:00","twitter_card":"summary_large_image","twitter_misc":{"Est. reading time":"1 minute"},"schema":{"@context":"https:\/\/schema.org","@graph":[{"@type":"WebPage","@id":"https:\/\/duchardt.at\/en\/marcus-duchardt\/","url":"https:\/\/duchardt.at\/en\/marcus-duchardt\/","name":"Career Stations - Restaurant Duchardt","isPartOf":{"@id":"https:\/\/duchardt.at\/#website"},"datePublished":"2022-10-04T13:04:50+00:00","dateModified":"2023-04-21T13:58:53+00:00","breadcrumb":{"@id":"https:\/\/duchardt.at\/en\/marcus-duchardt\/#breadcrumb"},"inLanguage":"en-US","potentialAction":[{"@type":"ReadAction","target":["https:\/\/duchardt.at\/en\/marcus-duchardt\/"]}]},{"@type":"BreadcrumbList","@id":"https:\/\/duchardt.at\/en\/marcus-duchardt\/#breadcrumb","itemListElement":[{"@type":"ListItem","position":1,"name":"Startseite","item":"https:\/\/duchardt.at\/en\/"},{"@type":"ListItem","position":2,"name":"Career Stations"}]},{"@type":"WebSite","@id":"https:\/\/duchardt.at\/#website","url":"https:\/\/duchardt.at\/","name":"Restaurant Duchardt","description":"\u00d6sterreichische und franz\u00f6sische K\u00fcche auf h\u00f6chstem Niveau","publisher":{"@id":"https:\/\/duchardt.at\/#organization"},"potentialAction":[{"@type":"SearchAction","target":{"@type":"EntryPoint","urlTemplate":"https:\/\/duchardt.at\/?s={search_term_string}"},"query-input":{"@type":"PropertyValueSpecification","valueRequired":true,"valueName":"search_term_string"}}],"inLanguage":"en-US"},{"@type":"Organization","@id":"https:\/\/duchardt.at\/#organization","name":"Restaurant Duchardt","url":"https:\/\/duchardt.at\/","logo":{"@type":"ImageObject","inLanguage":"en-US","@id":"https:\/\/duchardt.at\/#\/schema\/logo\/image\/","url":"https:\/\/duchardt.at\/wp-content\/uploads\/2022\/10\/Duchardt_Logo_Header.svg","contentUrl":"https:\/\/duchardt.at\/wp-content\/uploads\/2022\/10\/Duchardt_Logo_Header.svg","width":"1024","height":"1024","caption":"Restaurant Duchardt"},"image":{"@id":"https:\/\/duchardt.at\/#\/schema\/logo\/image\/"},"sameAs":["https:\/\/www.facebook.com\/people\/restaurantduchardt\/100090663853184\/","https:\/\/www.instagram.com\/restaurantduchardt\/"]}]}},"_links":{"self":[{"href":"https:\/\/duchardt.at\/en\/wp-json\/wp\/v2\/pages\/643","targetHints":{"allow":["GET"]}}],"collection":[{"href":"https:\/\/duchardt.at\/en\/wp-json\/wp\/v2\/pages"}],"about":[{"href":"https:\/\/duchardt.at\/en\/wp-json\/wp\/v2\/types\/page"}],"author":[{"embeddable":true,"href":"https:\/\/duchardt.at\/en\/wp-json\/wp\/v2\/users\/1"}],"replies":[{"embeddable":true,"href":"https:\/\/duchardt.at\/en\/wp-json\/wp\/v2\/comments?post=643"}],"version-history":[{"count":9,"href":"https:\/\/duchardt.at\/en\/wp-json\/wp\/v2\/pages\/643\/revisions"}],"predecessor-version":[{"id":797,"href":"https:\/\/duchardt.at\/en\/wp-json\/wp\/v2\/pages\/643\/revisions\/797"}],"wp:attachment":[{"href":"https:\/\/duchardt.at\/en\/wp-json\/wp\/v2\/media?parent=643"}],"curies":[{"name":"wp","href":"https:\/\/api.w.org\/{rel}","templated":true}]}}