{"id":3087,"date":"2025-09-26T17:11:17","date_gmt":"2025-09-26T17:11:17","guid":{"rendered":"https:\/\/duchardt.at\/menu-2\/"},"modified":"2025-09-29T13:27:28","modified_gmt":"2025-09-29T13:27:28","slug":"menu","status":"publish","type":"page","link":"https:\/\/duchardt.at\/en\/menu\/","title":{"rendered":"Menu"},"content":{"rendered":"<p>[et_pb_section fb_built=&#8221;1&#8243; _builder_version=&#8221;4.20.4&#8243; _module_preset=&#8221;default&#8221; custom_margin=&#8221;-2px|0px|0px|0px|false|true&#8221; custom_padding=&#8221;0px|0px|0px|0px|true|true&#8221; global_colors_info=&#8221;{}&#8221;][et_pb_row _builder_version=&#8221;4.27.4&#8243; _module_preset=&#8221;default&#8221; background_color=&#8221;#000000&#8243; z_index=&#8221;20&#8243; width=&#8221;100%&#8221; max_width=&#8221;2560px&#8221; custom_margin=&#8221;0px|0px|0px|0px|true|true&#8221; custom_padding=&#8221;0px|0px|0px|0px|true|true&#8221; global_colors_info=&#8221;{}&#8221;][et_pb_column type=&#8221;4_4&#8243; _builder_version=&#8221;4.18.0&#8243; _module_preset=&#8221;default&#8221; global_colors_info=&#8221;{}&#8221;][et_pb_slider _builder_version=&#8221;4.27.4&#8243; _module_preset=&#8221;default&#8221; background_color=&#8221;#ffffff&#8221; module_alignment=&#8221;center&#8221; content_max_width=&#8221;2560px&#8221; min_height_tablet=&#8221;&#8221; min_height_phone=&#8221;240px&#8221; min_height_last_edited=&#8221;on|phone&#8221; max_height=&#8221;450px&#8221; animation_style=&#8221;fade&#8221; animation_duration=&#8221;4500ms&#8221; auto=&#8221;on&#8221; auto_speed=&#8221;4500&#8243; hover_transition_duration=&#8221;4000ms&#8221; hover_transition_delay=&#8221;1000ms&#8221; global_colors_info=&#8221;{}&#8221;][et_pb_slide _builder_version=&#8221;4.18.0&#8243; _module_preset=&#8221;default&#8221; background_image=&#8221;https:\/\/duchardt.at\/wp-content\/uploads\/2022\/10\/Langusten_Medaillons_Fruehlingsgemuese.jpg&#8221; background_enable_image=&#8221;on&#8221; global_colors_info=&#8221;{}&#8221; sticky_transition=&#8221;on&#8221;][\/et_pb_slide][et_pb_slide _builder_version=&#8221;4.18.0&#8243; _module_preset=&#8221;default&#8221; background_color=&#8221;RGBA(255,255,255,0)&#8221; background_enable_color=&#8221;on&#8221; background_image=&#8221;https:\/\/duchardt.at\/wp-content\/uploads\/2022\/10\/Slider_01.jpg&#8221; background_enable_image=&#8221;on&#8221; global_colors_info=&#8221;{}&#8221; sticky_transition=&#8221;on&#8221;][\/et_pb_slide][et_pb_slide _builder_version=&#8221;4.18.0&#8243; _module_preset=&#8221;default&#8221; background_color=&#8221;RGBA(255,255,255,0)&#8221; background_enable_color=&#8221;on&#8221; background_image=&#8221;https:\/\/duchardt.at\/wp-content\/uploads\/2022\/10\/Slider_02.jpg&#8221; background_enable_image=&#8221;on&#8221; global_colors_info=&#8221;{}&#8221; sticky_transition=&#8221;on&#8221;][\/et_pb_slide][\/et_pb_slider][\/et_pb_column][\/et_pb_row][\/et_pb_section][et_pb_section fb_built=&#8221;1&#8243; _builder_version=&#8221;4.27.4&#8243; _module_preset=&#8221;default&#8221; background_color=&#8221;#f4f4f4&#8243; custom_margin=&#8221;-2px||||false|false&#8221; global_colors_info=&#8221;{}&#8221;][et_pb_row _builder_version=&#8221;4.27.4&#8243; _module_preset=&#8221;default&#8221; width=&#8221;100%&#8221; global_colors_info=&#8221;{}&#8221;][et_pb_column type=&#8221;4_4&#8243; _builder_version=&#8221;4.27.0&#8243; _module_preset=&#8221;default&#8221; global_colors_info=&#8221;{}&#8221;][et_pb_text _builder_version=&#8221;4.27.4&#8243; _module_preset=&#8221;default&#8221; custom_margin=&#8221;||0px||false|false&#8221; custom_padding=&#8221;||0px||false|false&#8221; inline_fonts=&#8221;Ruthligos&#8221; global_colors_info=&#8221;{}&#8221;]<\/p>\n<p style=\"text-align: center;\"><span style=\"color: #d49865; font-family: Ruthligos;\"><span style=\"font-size: 74px;\">Menu<\/span><\/span><\/p>\n<p style=\"text-align: center;\">[\/et_pb_text][et_pb_code _builder_version=&#8221;4.27.4&#8243; _module_preset=&#8221;default&#8221; hover_enabled=&#8221;0&#8243; global_colors_info=&#8221;{}&#8221; sticky_enabled=&#8221;0&#8243;]<div class=\"_df_book df-lite\" id=\"df_3085\"  _slug=\"speisekarte-englisch\" data-title=\"speisekarte-englisch\" wpoptions=\"true\" thumbtype=\"\" ><\/div><script class=\"df-shortcode-script\" nowprocket type=\"application\/javascript\">window.option_df_3085 = {\"outline\":[],\"backgroundColor\":\"#f4f4f4\",\"autoEnableOutline\":\"false\",\"autoEnableThumbnail\":\"false\",\"overwritePDFOutline\":\"false\",\"direction\":\"1\",\"pageSize\":\"0\",\"pageMode\":\"2\",\"soundEnable\":\"false\",\"maxTextureSize\":\"2048\",\"source\":\"https:\\\/\\\/duchardt.at\\\/downloads\\\/Menu_englisch.pdf\",\"wpOptions\":\"true\"}; if(window.DFLIP && window.DFLIP.parseBooks){window.DFLIP.parseBooks();}<\/script>[\/et_pb_code][\/et_pb_column][\/et_pb_row][\/et_pb_section]<\/p>\n","protected":false},"excerpt":{"rendered":"<p>Menu <div class=\"_df_book df-lite\" id=\"df_3085\"  _slug=\"speisekarte-englisch\" data-title=\"speisekarte-englisch\" wpoptions=\"true\" thumbtype=\"\" ><\/div><script class=\"df-shortcode-script\" nowprocket type=\"application\/javascript\">window.option_df_3085 = {\"outline\":[],\"backgroundColor\":\"#f4f4f4\",\"autoEnableOutline\":\"false\",\"autoEnableThumbnail\":\"false\",\"overwritePDFOutline\":\"false\",\"direction\":\"1\",\"pageSize\":\"0\",\"pageMode\":\"2\",\"soundEnable\":\"false\",\"maxTextureSize\":\"2048\",\"source\":\"https:\\\/\\\/duchardt.at\\\/downloads\\\/Menu_englisch.pdf\",\"wpOptions\":\"true\"}; if(window.DFLIP && window.DFLIP.parseBooks){window.DFLIP.parseBooks();}<\/script><\/p>\n","protected":false},"author":1,"featured_media":0,"parent":0,"menu_order":0,"comment_status":"closed","ping_status":"closed","template":"","meta":{"_et_pb_use_builder":"on","_et_pb_old_content":"","_et_gb_content_width":"","inline_featured_image":false,"footnotes":""},"class_list":["post-3087","page","type-page","status-publish","hentry"],"yoast_head":"<!-- This site is optimized with the Yoast SEO plugin v27.0 - https:\/\/yoast.com\/product\/yoast-seo-wordpress\/ -->\n<title>Menu - Restaurant Duchardt<\/title>\n<meta name=\"robots\" content=\"index, follow, max-snippet:-1, max-image-preview:large, max-video-preview:-1\" \/>\n<link rel=\"canonical\" href=\"https:\/\/duchardt.at\/en\/menu\/\" \/>\n<meta property=\"og:locale\" content=\"en_US\" \/>\n<meta property=\"og:type\" content=\"article\" \/>\n<meta property=\"og:title\" content=\"Menu - Restaurant Duchardt\" \/>\n<meta property=\"og:description\" content=\"Menu\" \/>\n<meta property=\"og:url\" content=\"https:\/\/duchardt.at\/en\/menu\/\" \/>\n<meta property=\"og:site_name\" content=\"Restaurant Duchardt\" \/>\n<meta property=\"article:publisher\" content=\"https:\/\/www.facebook.com\/people\/restaurantduchardt\/100090663853184\/\" \/>\n<meta property=\"article:modified_time\" content=\"2025-09-29T13:27:28+00:00\" \/>\n<meta name=\"twitter:card\" content=\"summary_large_image\" \/>\n<meta name=\"twitter:label1\" content=\"Est. reading time\" \/>\n\t<meta name=\"twitter:data1\" content=\"2 minutes\" \/>\n<script type=\"application\/ld+json\" class=\"yoast-schema-graph\">{\"@context\":\"https:\/\/schema.org\",\"@graph\":[{\"@type\":\"WebPage\",\"@id\":\"https:\/\/duchardt.at\/en\/menu\/\",\"url\":\"https:\/\/duchardt.at\/en\/menu\/\",\"name\":\"Menu - Restaurant Duchardt\",\"isPartOf\":{\"@id\":\"https:\/\/duchardt.at\/#website\"},\"datePublished\":\"2025-09-26T17:11:17+00:00\",\"dateModified\":\"2025-09-29T13:27:28+00:00\",\"breadcrumb\":{\"@id\":\"https:\/\/duchardt.at\/en\/menu\/#breadcrumb\"},\"inLanguage\":\"en-US\",\"potentialAction\":[{\"@type\":\"ReadAction\",\"target\":[\"https:\/\/duchardt.at\/en\/menu\/\"]}]},{\"@type\":\"BreadcrumbList\",\"@id\":\"https:\/\/duchardt.at\/en\/menu\/#breadcrumb\",\"itemListElement\":[{\"@type\":\"ListItem\",\"position\":1,\"name\":\"Startseite\",\"item\":\"https:\/\/duchardt.at\/en\/\"},{\"@type\":\"ListItem\",\"position\":2,\"name\":\"Menu\"}]},{\"@type\":\"WebSite\",\"@id\":\"https:\/\/duchardt.at\/#website\",\"url\":\"https:\/\/duchardt.at\/\",\"name\":\"Restaurant Duchardt\",\"description\":\"\u00d6sterreichische und franz\u00f6sische K\u00fcche auf h\u00f6chstem Niveau\",\"publisher\":{\"@id\":\"https:\/\/duchardt.at\/#organization\"},\"potentialAction\":[{\"@type\":\"SearchAction\",\"target\":{\"@type\":\"EntryPoint\",\"urlTemplate\":\"https:\/\/duchardt.at\/?s={search_term_string}\"},\"query-input\":{\"@type\":\"PropertyValueSpecification\",\"valueRequired\":true,\"valueName\":\"search_term_string\"}}],\"inLanguage\":\"en-US\"},{\"@type\":\"Organization\",\"@id\":\"https:\/\/duchardt.at\/#organization\",\"name\":\"Restaurant Duchardt\",\"url\":\"https:\/\/duchardt.at\/\",\"logo\":{\"@type\":\"ImageObject\",\"inLanguage\":\"en-US\",\"@id\":\"https:\/\/duchardt.at\/#\/schema\/logo\/image\/\",\"url\":\"https:\/\/duchardt.at\/wp-content\/uploads\/2022\/10\/Duchardt_Logo_Header.svg\",\"contentUrl\":\"https:\/\/duchardt.at\/wp-content\/uploads\/2022\/10\/Duchardt_Logo_Header.svg\",\"width\":\"1024\",\"height\":\"1024\",\"caption\":\"Restaurant Duchardt\"},\"image\":{\"@id\":\"https:\/\/duchardt.at\/#\/schema\/logo\/image\/\"},\"sameAs\":[\"https:\/\/www.facebook.com\/people\/restaurantduchardt\/100090663853184\/\",\"https:\/\/www.instagram.com\/restaurantduchardt\/\"]}]}<\/script>\n<!-- \/ Yoast SEO plugin. -->","yoast_head_json":{"title":"Menu - Restaurant Duchardt","robots":{"index":"index","follow":"follow","max-snippet":"max-snippet:-1","max-image-preview":"max-image-preview:large","max-video-preview":"max-video-preview:-1"},"canonical":"https:\/\/duchardt.at\/en\/menu\/","og_locale":"en_US","og_type":"article","og_title":"Menu - Restaurant Duchardt","og_description":"Menu","og_url":"https:\/\/duchardt.at\/en\/menu\/","og_site_name":"Restaurant Duchardt","article_publisher":"https:\/\/www.facebook.com\/people\/restaurantduchardt\/100090663853184\/","article_modified_time":"2025-09-29T13:27:28+00:00","twitter_card":"summary_large_image","twitter_misc":{"Est. reading time":"2 minutes"},"schema":{"@context":"https:\/\/schema.org","@graph":[{"@type":"WebPage","@id":"https:\/\/duchardt.at\/en\/menu\/","url":"https:\/\/duchardt.at\/en\/menu\/","name":"Menu - Restaurant Duchardt","isPartOf":{"@id":"https:\/\/duchardt.at\/#website"},"datePublished":"2025-09-26T17:11:17+00:00","dateModified":"2025-09-29T13:27:28+00:00","breadcrumb":{"@id":"https:\/\/duchardt.at\/en\/menu\/#breadcrumb"},"inLanguage":"en-US","potentialAction":[{"@type":"ReadAction","target":["https:\/\/duchardt.at\/en\/menu\/"]}]},{"@type":"BreadcrumbList","@id":"https:\/\/duchardt.at\/en\/menu\/#breadcrumb","itemListElement":[{"@type":"ListItem","position":1,"name":"Startseite","item":"https:\/\/duchardt.at\/en\/"},{"@type":"ListItem","position":2,"name":"Menu"}]},{"@type":"WebSite","@id":"https:\/\/duchardt.at\/#website","url":"https:\/\/duchardt.at\/","name":"Restaurant Duchardt","description":"\u00d6sterreichische und franz\u00f6sische K\u00fcche auf h\u00f6chstem Niveau","publisher":{"@id":"https:\/\/duchardt.at\/#organization"},"potentialAction":[{"@type":"SearchAction","target":{"@type":"EntryPoint","urlTemplate":"https:\/\/duchardt.at\/?s={search_term_string}"},"query-input":{"@type":"PropertyValueSpecification","valueRequired":true,"valueName":"search_term_string"}}],"inLanguage":"en-US"},{"@type":"Organization","@id":"https:\/\/duchardt.at\/#organization","name":"Restaurant Duchardt","url":"https:\/\/duchardt.at\/","logo":{"@type":"ImageObject","inLanguage":"en-US","@id":"https:\/\/duchardt.at\/#\/schema\/logo\/image\/","url":"https:\/\/duchardt.at\/wp-content\/uploads\/2022\/10\/Duchardt_Logo_Header.svg","contentUrl":"https:\/\/duchardt.at\/wp-content\/uploads\/2022\/10\/Duchardt_Logo_Header.svg","width":"1024","height":"1024","caption":"Restaurant Duchardt"},"image":{"@id":"https:\/\/duchardt.at\/#\/schema\/logo\/image\/"},"sameAs":["https:\/\/www.facebook.com\/people\/restaurantduchardt\/100090663853184\/","https:\/\/www.instagram.com\/restaurantduchardt\/"]}]}},"_links":{"self":[{"href":"https:\/\/duchardt.at\/en\/wp-json\/wp\/v2\/pages\/3087","targetHints":{"allow":["GET"]}}],"collection":[{"href":"https:\/\/duchardt.at\/en\/wp-json\/wp\/v2\/pages"}],"about":[{"href":"https:\/\/duchardt.at\/en\/wp-json\/wp\/v2\/types\/page"}],"author":[{"embeddable":true,"href":"https:\/\/duchardt.at\/en\/wp-json\/wp\/v2\/users\/1"}],"replies":[{"embeddable":true,"href":"https:\/\/duchardt.at\/en\/wp-json\/wp\/v2\/comments?post=3087"}],"version-history":[{"count":6,"href":"https:\/\/duchardt.at\/en\/wp-json\/wp\/v2\/pages\/3087\/revisions"}],"predecessor-version":[{"id":3093,"href":"https:\/\/duchardt.at\/en\/wp-json\/wp\/v2\/pages\/3087\/revisions\/3093"}],"wp:attachment":[{"href":"https:\/\/duchardt.at\/en\/wp-json\/wp\/v2\/media?parent=3087"}],"curies":[{"name":"wp","href":"https:\/\/api.w.org\/{rel}","templated":true}]}}